{"id":2671,"date":"2013-08-29T14:24:19","date_gmt":"2013-08-29T14:24:19","guid":{"rendered":"http:\/\/www.partitura.fss.ukf.sk\/?page_id=2671"},"modified":"2019-12-09T08:10:35","modified_gmt":"2019-12-09T08:10:35","slug":"a-teremto-jelenlet-poetikaja-a-jelentes-meghaladasa-2","status":"publish","type":"page","link":"http:\/\/www.partitura.fss.ukf.sk\/?page_id=2671","title":{"rendered":"The Poetics of Creative Presence"},"content":{"rendered":"<h3>Istv\u00e1n Dobos<\/h3>\n<p><strong><span style=\"color: #666666;\">IN:\u00a0<\/span><\/strong><span style=\"color: #666666;\">Partit\u00fara Irodalomtudom\u00e1nyi foly\u00f3irat, Volume VIII. \u00a0, Issue 1, 2013, p. 113-123,\u00a0ISSN 1336-7307<\/span><\/p>\n<p><strong>DOI:\u00a0<\/strong>10.17846\/PA.2013.8.1.113-123<\/p>\n<p><strong>Abstract:<\/strong><\/p>\n<blockquote><p>In this paper a special attention are given to the following topics: the questions of presence, the literary, rhetorical and philosophical aspects of the production of presence in the novel, the concept of subject and language-use, the fictive, the real and the imaginary in the narration, the paradigms of modern literature and the types of literary presence.<\/p><\/blockquote>\n<p><a href=\"http:\/\/www.partitura.fss.ukf.sk\/wp-content\/uploads\/2013\/Partitura-2013-01-113-123.pdf\"><strong>Whole issue<\/strong><\/a><\/p>\n","protected":false},"excerpt":{"rendered":"<p>Istv\u00e1n Dobos IN:\u00a0Partit\u00fara Irodalomtudom\u00e1nyi foly\u00f3irat, Volume VIII. \u00a0, Issue 1, 2013, p. 113-123,\u00a0ISSN 1336-7307 DOI:\u00a010.17846\/PA.2013.8.1.113-123 [&hellip;]<\/p>\n","protected":false},"author":5,"featured_media":0,"parent":0,"menu_order":0,"comment_status":"closed","ping_status":"closed","template":"","meta":[],"_links":{"self":[{"href":"http:\/\/www.partitura.fss.ukf.sk\/index.php?rest_route=\/wp\/v2\/pages\/2671"}],"collection":[{"href":"http:\/\/www.partitura.fss.ukf.sk\/index.php?rest_route=\/wp\/v2\/pages"}],"about":[{"href":"http:\/\/www.partitura.fss.ukf.sk\/index.php?rest_route=\/wp\/v2\/types\/page"}],"author":[{"embeddable":true,"href":"http:\/\/www.partitura.fss.ukf.sk\/index.php?rest_route=\/wp\/v2\/users\/5"}],"replies":[{"embeddable":true,"href":"http:\/\/www.partitura.fss.ukf.sk\/index.php?rest_route=%2Fwp%2Fv2%2Fcomments&post=2671"}],"version-history":[{"count":2,"href":"http:\/\/www.partitura.fss.ukf.sk\/index.php?rest_route=\/wp\/v2\/pages\/2671\/revisions"}],"predecessor-version":[{"id":2786,"href":"http:\/\/www.partitura.fss.ukf.sk\/index.php?rest_route=\/wp\/v2\/pages\/2671\/revisions\/2786"}],"wp:attachment":[{"href":"http:\/\/www.partitura.fss.ukf.sk\/index.php?rest_route=%2Fwp%2Fv2%2Fmedia&parent=2671"}],"curies":[{"name":"wp","href":"https:\/\/api.w.org\/{rel}","templated":true}]}}