{"id":2692,"date":"2012-09-05T10:05:13","date_gmt":"2012-09-05T10:05:13","guid":{"rendered":"http:\/\/www.partitura.fss.ukf.sk\/?page_id=2692"},"modified":"2019-12-09T08:10:26","modified_gmt":"2019-12-09T08:10:26","slug":"dontes-reprezentacio-ellenseg-carl-schmitt","status":"publish","type":"page","link":"http:\/\/www.partitura.fss.ukf.sk\/?page_id=2692","title":{"rendered":"D\u00f6nt\u00e9s, reprezent\u00e1ci\u00f3, ellens\u00e9g: Carl Schmitt"},"content":{"rendered":"<h3>Kulcs\u00e1r-Szab\u00f3 Zolt\u00e1n<\/h3>\n<p><strong><span style=\"color: #666666;\">IN:\u00a0<\/span><\/strong><span style=\"color: #666666;\">Partit\u00fara Irodalomtudom\u00e1nyi foly\u00f3irat, \u00c9vfolyam: VII. \u00a0, Sz\u00e1m 1, 2012, 3-42. oldal ,\u00a0ISSN 1336-7307<\/span><\/p>\n<p><strong>DOI:\u00a0<\/strong>10.17846\/PA.2012.7.1.3-42<\/p>\n<p><a href=\"http:\/\/www.partitura.fss.ukf.sk\/wp-content\/uploads\/2012\/Partitura-2012-01-003-042.pdf\"><strong>Teljes sz\u00f6veg<\/strong><\/a><\/p>\n","protected":false},"excerpt":{"rendered":"<p>Kulcs\u00e1r-Szab\u00f3 Zolt\u00e1n IN:\u00a0Partit\u00fara Irodalomtudom\u00e1nyi foly\u00f3irat, \u00c9vfolyam: VII. \u00a0, Sz\u00e1m 1, 2012, 3-42. oldal ,\u00a0ISSN 1336-7307 [&hellip;]<\/p>\n","protected":false},"author":5,"featured_media":0,"parent":0,"menu_order":0,"comment_status":"closed","ping_status":"closed","template":"","meta":[],"_links":{"self":[{"href":"http:\/\/www.partitura.fss.ukf.sk\/index.php?rest_route=\/wp\/v2\/pages\/2692"}],"collection":[{"href":"http:\/\/www.partitura.fss.ukf.sk\/index.php?rest_route=\/wp\/v2\/pages"}],"about":[{"href":"http:\/\/www.partitura.fss.ukf.sk\/index.php?rest_route=\/wp\/v2\/types\/page"}],"author":[{"embeddable":true,"href":"http:\/\/www.partitura.fss.ukf.sk\/index.php?rest_route=\/wp\/v2\/users\/5"}],"replies":[{"embeddable":true,"href":"http:\/\/www.partitura.fss.ukf.sk\/index.php?rest_route=%2Fwp%2Fv2%2Fcomments&post=2692"}],"version-history":[{"count":2,"href":"http:\/\/www.partitura.fss.ukf.sk\/index.php?rest_route=\/wp\/v2\/pages\/2692\/revisions"}],"predecessor-version":[{"id":2728,"href":"http:\/\/www.partitura.fss.ukf.sk\/index.php?rest_route=\/wp\/v2\/pages\/2692\/revisions\/2728"}],"wp:attachment":[{"href":"http:\/\/www.partitura.fss.ukf.sk\/index.php?rest_route=%2Fwp%2Fv2%2Fmedia&parent=2692"}],"curies":[{"name":"wp","href":"https:\/\/api.w.org\/{rel}","templated":true}]}}