{"id":2730,"date":"2012-09-05T10:21:19","date_gmt":"2012-09-05T10:21:19","guid":{"rendered":"http:\/\/www.partitura.fss.ukf.sk\/?page_id=2730"},"modified":"2019-12-09T08:10:24","modified_gmt":"2019-12-09T08:10:24","slug":"az-emlekezes-neoavantgard-narrativaja-bujdoso-alpar-1-es-2-kozott-az-erzsebet-hidon","status":"publish","type":"page","link":"http:\/\/www.partitura.fss.ukf.sk\/?page_id=2730","title":{"rendered":"Az eml\u00e9kez\u00e9s neoavantg\u00e1rd narrat\u00edv\u00e1ja. Bujdos\u00f3 Alp\u00e1r: <em>1 \u00e9s 2 k\u00f6z\u00f6tt az erzs\u00e9bet h\u00eddon<\/em>"},"content":{"rendered":"<h3>Sz. Moln\u00e1r Szilvia &#8211; Kiss Enik\u0151<\/h3>\n<p><strong><span style=\"color: #666666;\">IN:\u00a0<\/span><\/strong><span style=\"color: #666666;\">Partit\u00fara Irodalomtudom\u00e1nyi foly\u00f3irat, \u00c9vfolyam: VII. \u00a0, Sz\u00e1m 1, 2012, 67-83. oldal ,\u00a0ISSN 1336-7307<\/span><\/p>\n<p><strong>DOI:\u00a0<\/strong>10.17846\/PA.2012.7.1.67-83<\/p>\n<p><a href=\"http:\/\/www.partitura.fss.ukf.sk\/wp-content\/uploads\/2012\/Partitura-2012-01-067-083.pdf\"><strong>Teljes sz\u00f6veg<\/strong><\/a><\/p>\n","protected":false},"excerpt":{"rendered":"<p>Sz. Moln\u00e1r Szilvia &#8211; Kiss Enik\u0151 IN:\u00a0Partit\u00fara Irodalomtudom\u00e1nyi foly\u00f3irat, \u00c9vfolyam: VII. \u00a0, Sz\u00e1m 1, 2012, [&hellip;]<\/p>\n","protected":false},"author":5,"featured_media":0,"parent":0,"menu_order":0,"comment_status":"closed","ping_status":"closed","template":"","meta":[],"_links":{"self":[{"href":"http:\/\/www.partitura.fss.ukf.sk\/index.php?rest_route=\/wp\/v2\/pages\/2730"}],"collection":[{"href":"http:\/\/www.partitura.fss.ukf.sk\/index.php?rest_route=\/wp\/v2\/pages"}],"about":[{"href":"http:\/\/www.partitura.fss.ukf.sk\/index.php?rest_route=\/wp\/v2\/types\/page"}],"author":[{"embeddable":true,"href":"http:\/\/www.partitura.fss.ukf.sk\/index.php?rest_route=\/wp\/v2\/users\/5"}],"replies":[{"embeddable":true,"href":"http:\/\/www.partitura.fss.ukf.sk\/index.php?rest_route=%2Fwp%2Fv2%2Fcomments&post=2730"}],"version-history":[{"count":1,"href":"http:\/\/www.partitura.fss.ukf.sk\/index.php?rest_route=\/wp\/v2\/pages\/2730\/revisions"}],"predecessor-version":[{"id":2731,"href":"http:\/\/www.partitura.fss.ukf.sk\/index.php?rest_route=\/wp\/v2\/pages\/2730\/revisions\/2731"}],"wp:attachment":[{"href":"http:\/\/www.partitura.fss.ukf.sk\/index.php?rest_route=%2Fwp%2Fv2%2Fmedia&parent=2730"}],"curies":[{"name":"wp","href":"https:\/\/api.w.org\/{rel}","templated":true}]}}