{"id":2749,"date":"2012-09-05T10:37:21","date_gmt":"2012-09-05T10:37:21","guid":{"rendered":"http:\/\/www.partitura.fss.ukf.sk\/?page_id=2749"},"modified":"2023-04-25T07:40:07","modified_gmt":"2023-04-25T07:40:07","slug":"az-ujrairas-alternativai-javaslatok-meszaros-marton-mai-magyar-irodalmi-ovlasokonyvenek-esetleges-uj-kiadasahoz","status":"publish","type":"page","link":"http:\/\/www.partitura.fss.ukf.sk\/?page_id=2749","title":{"rendered":"Az \u00fajra\u00edr\u00e1s alternat\u00edv\u00e1i. Javaslatok M\u00e9sz\u00e1ros M\u00e1rton <em>Mai magyar irodalmi olvas\u00f3k\u00f6nyv<\/em>\u00e9nek esetleges \u00faj kiad\u00e1s\u00e1hoz"},"content":{"rendered":"<h3>Solt\u00e9sz M\u00e1rton<\/h3>\n<p><strong><span style=\"color: #666666;\">IN:\u00a0<\/span><\/strong><span style=\"color: #666666;\">Partit\u00fara Irodalomtudom\u00e1nyi foly\u00f3irat, \u00c9vfolyam: VII. \u00a0, Sz\u00e1m 1, 2012, 121-132. oldal ,\u00a0ISSN 1336-7307<\/span><\/p>\n<p><strong>DOI:\u00a0<\/strong>10.17846\/PA.2012.7.1.121-132<\/p>\n<p><a href=\"http:\/\/www.partitura.fss.ukf.sk\/wp-content\/uploads\/2012\/Partitura-2012-01-121-132.pdf\"><strong>Teljes sz\u00f6veg<\/strong><\/a><\/p>\n","protected":false},"excerpt":{"rendered":"<p>Solt\u00e9sz M\u00e1rton IN:\u00a0Partit\u00fara Irodalomtudom\u00e1nyi foly\u00f3irat, \u00c9vfolyam: VII. \u00a0, Sz\u00e1m 1, 2012, 121-132. oldal ,\u00a0ISSN 1336-7307 [&hellip;]<\/p>\n","protected":false},"author":5,"featured_media":0,"parent":0,"menu_order":0,"comment_status":"closed","ping_status":"closed","template":"","meta":[],"_links":{"self":[{"href":"http:\/\/www.partitura.fss.ukf.sk\/index.php?rest_route=\/wp\/v2\/pages\/2749"}],"collection":[{"href":"http:\/\/www.partitura.fss.ukf.sk\/index.php?rest_route=\/wp\/v2\/pages"}],"about":[{"href":"http:\/\/www.partitura.fss.ukf.sk\/index.php?rest_route=\/wp\/v2\/types\/page"}],"author":[{"embeddable":true,"href":"http:\/\/www.partitura.fss.ukf.sk\/index.php?rest_route=\/wp\/v2\/users\/5"}],"replies":[{"embeddable":true,"href":"http:\/\/www.partitura.fss.ukf.sk\/index.php?rest_route=%2Fwp%2Fv2%2Fcomments&post=2749"}],"version-history":[{"count":4,"href":"http:\/\/www.partitura.fss.ukf.sk\/index.php?rest_route=\/wp\/v2\/pages\/2749\/revisions"}],"predecessor-version":[{"id":2764,"href":"http:\/\/www.partitura.fss.ukf.sk\/index.php?rest_route=\/wp\/v2\/pages\/2749\/revisions\/2764"}],"wp:attachment":[{"href":"http:\/\/www.partitura.fss.ukf.sk\/index.php?rest_route=%2Fwp%2Fv2%2Fmedia&parent=2749"}],"curies":[{"name":"wp","href":"https:\/\/api.w.org\/{rel}","templated":true}]}}