{"id":296,"date":"2015-08-12T06:52:19","date_gmt":"2015-08-12T06:52:19","guid":{"rendered":"http:\/\/www.partitura.fss.ukf.sk\/?page_id=296"},"modified":"2019-12-09T08:10:36","modified_gmt":"2019-12-09T08:10:36","slug":"visszaeles-a-hadi-felszerelessel-avagy-tetten-ert-mediumok","status":"publish","type":"page","link":"http:\/\/www.partitura.fss.ukf.sk\/?page_id=296","title":{"rendered":"Vissza\u00e9l\u00e9s a hadi felszerel\u00e9ssel, avagy tetten \u00e9rt m\u00e9diumok"},"content":{"rendered":"<h3>Arndt Niebisch<\/h3>\n<p><strong>IN:<\/strong>\u00a0Partit\u00fara Irodalomtudom\u00e1nyi foly\u00f3irat, IX. \u00e9vfolyam, 1. sz\u00e1m, 2014, 19-22. oldal, ISSN 1336-7307<\/p>\n<p><strong>DOI:\u00a0<\/strong><span style=\"color: #666666;\">10.17846\/PA.2014.9.1.19-22<\/span><\/p>\n<p><strong>Absztrakt<\/strong><\/p>\n<blockquote><p>Az essz\u00e9 Friedrich Kittler ama t\u00e9zis\u00e9vel foglalkozik, mely szerint a hadieszk\u00f6z\u00f6k nem rendeltet\u00e9sszer\u0171 haszn\u00e1lata viszi el\u0151re a technol\u00f3giai fejl\u0151d\u00e9st heurisztikus perpsekt\u00edvak\u00e9nt. Innen n\u00e9zve magyar\u00e1zhat\u00f3, hogy b\u00e1r a \u201em\u00e9dia hat\u00e1rozza meg a helyzet\u00fcnket\u201d, lehets\u00e9ges kreat\u00edv m\u00f3don b\u00e1nni a m\u00e9diumokkal.<\/p><\/blockquote>\n<p><a href=\"http:\/\/www.partitura.fss.ukf.sk\/wp-content\/uploads\/2014\/09\/2014_1_arndt_niebisch.pdf\"><strong>Teljes sz\u00f6veg<\/strong><\/a><\/p>\n","protected":false},"excerpt":{"rendered":"<p>Arndt Niebisch IN:\u00a0Partit\u00fara Irodalomtudom\u00e1nyi foly\u00f3irat, IX. \u00e9vfolyam, 1. sz\u00e1m, 2014, 19-22. oldal, ISSN 1336-7307 DOI:\u00a010.17846\/PA.2014.9.1.19-22 [&hellip;]<\/p>\n","protected":false},"author":1,"featured_media":0,"parent":0,"menu_order":0,"comment_status":"closed","ping_status":"open","template":"","meta":[],"_links":{"self":[{"href":"http:\/\/www.partitura.fss.ukf.sk\/index.php?rest_route=\/wp\/v2\/pages\/296"}],"collection":[{"href":"http:\/\/www.partitura.fss.ukf.sk\/index.php?rest_route=\/wp\/v2\/pages"}],"about":[{"href":"http:\/\/www.partitura.fss.ukf.sk\/index.php?rest_route=\/wp\/v2\/types\/page"}],"author":[{"embeddable":true,"href":"http:\/\/www.partitura.fss.ukf.sk\/index.php?rest_route=\/wp\/v2\/users\/1"}],"replies":[{"embeddable":true,"href":"http:\/\/www.partitura.fss.ukf.sk\/index.php?rest_route=%2Fwp%2Fv2%2Fcomments&post=296"}],"version-history":[{"count":5,"href":"http:\/\/www.partitura.fss.ukf.sk\/index.php?rest_route=\/wp\/v2\/pages\/296\/revisions"}],"predecessor-version":[{"id":1479,"href":"http:\/\/www.partitura.fss.ukf.sk\/index.php?rest_route=\/wp\/v2\/pages\/296\/revisions\/1479"}],"wp:attachment":[{"href":"http:\/\/www.partitura.fss.ukf.sk\/index.php?rest_route=%2Fwp%2Fv2%2Fmedia&parent=296"}],"curies":[{"name":"wp","href":"https:\/\/api.w.org\/{rel}","templated":true}]}}