{"id":300,"date":"2015-08-12T06:56:37","date_gmt":"2015-08-12T06:56:37","guid":{"rendered":"http:\/\/www.partitura.fss.ukf.sk\/?page_id=300"},"modified":"2019-12-09T08:10:30","modified_gmt":"2019-12-09T08:10:30","slug":"kommentar-nelkul-a-tudostragedia-tandrama-az-irodalomtudomany-szamara","status":"publish","type":"page","link":"http:\/\/www.partitura.fss.ukf.sk\/?page_id=300","title":{"rendered":"Komment\u00e1r n\u00e9lk\u00fcl. A tud\u00f3strag\u00e9dia: tandr\u00e1ma az irodalomtudom\u00e1ny sz\u00e1m\u00e1ra"},"content":{"rendered":"<h3>Martina S\u00fcess<\/h3>\n<p><strong>IN:<\/strong>\u00a0Partit\u00fara Irodalomtudom\u00e1nyi foly\u00f3irat, IX. \u00e9vfolyam, 1. sz\u00e1m, 2014, 23-28. oldal, ISSN 1336-7307<\/p>\n<p><strong>DOI:\u00a0<\/strong><span style=\"color: #666666;\">10.17846\/PA.2014.9.1.23-28<\/span><\/p>\n<p><strong>Absztrakt<\/strong><\/p>\n<blockquote><p>A cikk amellett \u00e9rvel, hogy Kittler Lejegyz\u0151rendszerek 1800\/1900 c\u00edm\u0171 munk\u00e1ja a kritikai vizsg\u00e1lat olyan met\u00f3dus\u00e1t dolgozza ki, amely nem v\u00e9sz el a sz\u00f6vegek hermeneutikai m\u0171k\u0151d\u00e9s\u00e9ben, hanem dek\u00f3dolja, hogy a sz\u00f6vegek mik\u00e9nt \u201eprogramozz\u00e1k\u201d olvas\u00f3ikat. Arra k\u00edv\u00e1n r\u00e1mutatni, hogy Kittler olvas\u00e1sm\u00f3dja tov\u00e1bbfejleszthet\u0151 a komment\u00e1rok elemz\u00e9s\u00e9v\u00e9, amennyiben a \u201ekomment\u00e1rokat\u201d olyan materi\u00e1lis nyomokk\u00e9nt \u00e9rtj\u00fck, amelyek a sz\u00f6vegfeldolgoz\u00e1s t\u00f6rt\u00e9neti technik\u00e1ira utalnak.<\/p><\/blockquote>\n<p><a href=\"http:\/\/www.partitura.fss.ukf.sk\/wp-content\/uploads\/2014\/09\/2014_1_martina_suess.pdf\"><strong>Teljes sz\u00f6veg<\/strong><\/a><\/p>\n","protected":false},"excerpt":{"rendered":"<p>Martina S\u00fcess IN:\u00a0Partit\u00fara Irodalomtudom\u00e1nyi foly\u00f3irat, IX. \u00e9vfolyam, 1. sz\u00e1m, 2014, 23-28. oldal, ISSN 1336-7307 DOI:\u00a010.17846\/PA.2014.9.1.23-28 [&hellip;]<\/p>\n","protected":false},"author":1,"featured_media":0,"parent":0,"menu_order":0,"comment_status":"closed","ping_status":"open","template":"","meta":[],"_links":{"self":[{"href":"http:\/\/www.partitura.fss.ukf.sk\/index.php?rest_route=\/wp\/v2\/pages\/300"}],"collection":[{"href":"http:\/\/www.partitura.fss.ukf.sk\/index.php?rest_route=\/wp\/v2\/pages"}],"about":[{"href":"http:\/\/www.partitura.fss.ukf.sk\/index.php?rest_route=\/wp\/v2\/types\/page"}],"author":[{"embeddable":true,"href":"http:\/\/www.partitura.fss.ukf.sk\/index.php?rest_route=\/wp\/v2\/users\/1"}],"replies":[{"embeddable":true,"href":"http:\/\/www.partitura.fss.ukf.sk\/index.php?rest_route=%2Fwp%2Fv2%2Fcomments&post=300"}],"version-history":[{"count":6,"href":"http:\/\/www.partitura.fss.ukf.sk\/index.php?rest_route=\/wp\/v2\/pages\/300\/revisions"}],"predecessor-version":[{"id":1480,"href":"http:\/\/www.partitura.fss.ukf.sk\/index.php?rest_route=\/wp\/v2\/pages\/300\/revisions\/1480"}],"wp:attachment":[{"href":"http:\/\/www.partitura.fss.ukf.sk\/index.php?rest_route=%2Fwp%2Fv2%2Fmedia&parent=300"}],"curies":[{"name":"wp","href":"https:\/\/api.w.org\/{rel}","templated":true}]}}