{"id":3003,"date":"2020-01-08T11:15:51","date_gmt":"2020-01-08T11:15:51","guid":{"rendered":"http:\/\/www.partitura.fss.ukf.sk\/?page_id=3003"},"modified":"2020-01-08T16:27:06","modified_gmt":"2020-01-08T16:27:06","slug":"a-kelet-es-kozep-europai-irodalomelmeleti-kanon-kerdesehez-kiserlet-egy-narrativa-dekonstrukciojara","status":"publish","type":"page","link":"http:\/\/www.partitura.fss.ukf.sk\/?page_id=3003","title":{"rendered":"A kelet- \u00e9s k\u00f6z\u00e9p-eur\u00f3pai irodalomelm\u00e9leti k\u00e1non k\u00e9rd\u00e9s\u00e9hez \u2013 K\u00eds\u00e9rlet egy narrat\u00edva dekonstrukci\u00f3j\u00e1ra"},"content":{"rendered":"<h3>S. Horv\u00e1th G\u00e9za<\/h3>\n<p><strong><span style=\"color: #666666;\">IN:\u00a0<\/span><\/strong><span style=\"color: #666666;\">Partit\u00fara Irodalomtudom\u00e1nyi foly\u00f3irat, \u00c9vfolyam: XIV. \u00a0, Sz\u00e1m 1, 2019, 3-38.\u00a0oldal ,\u00a0ISSN 1336-7307<\/span><\/p>\n<p><strong>DOI:\u00a0<\/strong>10.17846\/PA.2019.14.1.3-38<\/p>\n<p><strong>Absztrakt:<\/strong><\/p>\n<blockquote><p>A tanulm\u00e1ny Galin Tihanov koncepci\u00f3j\u00e1t elemzi, melyben a modern irodalomelm\u00e9let keletkez\u00e9s\u00e9t \u00e9s t\u00f6rt\u00e9net\u00e9t a kelet- \u00e9s k\u00f6z\u00e9p-eur\u00f3pai r\u00e9gi\u00f3val k\u00f6ti \u00f6ssze. A tanulm\u00e1ny kit\u00fcntetett figyelmet szentel az orosz formalizmus keletkez\u00e9s\u00e9nek, valamint orosz \u00e9s eur\u00f3pai kontextusainak. Igyekszik r\u00e1mutatni Tihanov koncepci\u00f3j\u00e1nak vakfoltjaira, \u00e9s \u00fagy l\u00e1tja, hogy a modern<br \/>\nirodalomelm\u00e9let t\u00f6rt\u00e9nete nem \u00edrhat\u00f3 le egyetlen egys\u00e9ges folyamatk\u00e9nt az orosz formalizmust\u00f3l kezdve Iserig \u00e9s Lotmanig. Megvizsg\u00e1lja tov\u00e1bb\u00e1, besz\u00e9lhet\u00fcnk-e egys\u00e9ges kelet- \u00e9s k\u00f6z\u00e9p-eur\u00f3pai irodalomelm\u00e9leti k\u00e1nonr\u00f3l, k\u00fcl\u00f6n\u00f6s tekintettel a magyarorsz\u00e1gi irodalom\u00e9rt\u00e9s hagyom\u00e1nyaira. Kit\u00e9r arra is, vajon mi\u00e9rt nem j\u00f6hetett l\u00e9tre egy kultur\u00e1lis trad\u00edci\u00f3k n\u00e9lk\u00fcli, tiszt\u00e1n fogalmi elvekre \u00e9p\u00edtett rendszeres, normat\u00edv \u00e9s univerz\u00e1lis irodalomtudom\u00e1ny. Elveti azonban az irodalomelm\u00e9let \u201ehal\u00e1l\u00e1nak\u201d koncepci\u00f3j\u00e1t \u00e9s annak okaira adott magyar\u00e1zatot, \u00e9s amellett \u00e9rvel, hogy az elm\u00e9let visszaszorul\u00e1sa nem \u00e9rthet\u0151 meg a kelet- \u00e9s k\u00f6z\u00e9p-eur\u00f3pai irodalomelm\u00e9let nyugat-eur\u00f3pai recepci\u00f3j\u00e1nak m\u00e9lyrehat\u00f3 elemz\u00e9se n\u00e9lk\u00fcl.<\/p><\/blockquote>\n<p><a href=\"http:\/\/www.partitura.fss.ukf.sk\/wp-content\/uploads\/2020\/01\/Partitura2019_01_03-38.pdf\"><strong>Teljes sz\u00f6veg<\/strong><\/a><\/p>\n","protected":false},"excerpt":{"rendered":"<p>S. Horv\u00e1th G\u00e9za IN:\u00a0Partit\u00fara Irodalomtudom\u00e1nyi foly\u00f3irat, \u00c9vfolyam: XIV. \u00a0, Sz\u00e1m 1, 2019, 3-38.\u00a0oldal ,\u00a0ISSN 1336-7307 [&hellip;]<\/p>\n","protected":false},"author":5,"featured_media":0,"parent":0,"menu_order":0,"comment_status":"closed","ping_status":"closed","template":"","meta":[],"_links":{"self":[{"href":"http:\/\/www.partitura.fss.ukf.sk\/index.php?rest_route=\/wp\/v2\/pages\/3003"}],"collection":[{"href":"http:\/\/www.partitura.fss.ukf.sk\/index.php?rest_route=\/wp\/v2\/pages"}],"about":[{"href":"http:\/\/www.partitura.fss.ukf.sk\/index.php?rest_route=\/wp\/v2\/types\/page"}],"author":[{"embeddable":true,"href":"http:\/\/www.partitura.fss.ukf.sk\/index.php?rest_route=\/wp\/v2\/users\/5"}],"replies":[{"embeddable":true,"href":"http:\/\/www.partitura.fss.ukf.sk\/index.php?rest_route=%2Fwp%2Fv2%2Fcomments&post=3003"}],"version-history":[{"count":3,"href":"http:\/\/www.partitura.fss.ukf.sk\/index.php?rest_route=\/wp\/v2\/pages\/3003\/revisions"}],"predecessor-version":[{"id":3088,"href":"http:\/\/www.partitura.fss.ukf.sk\/index.php?rest_route=\/wp\/v2\/pages\/3003\/revisions\/3088"}],"wp:attachment":[{"href":"http:\/\/www.partitura.fss.ukf.sk\/index.php?rest_route=%2Fwp%2Fv2%2Fmedia&parent=3003"}],"curies":[{"name":"wp","href":"https:\/\/api.w.org\/{rel}","templated":true}]}}