{"id":3008,"date":"2020-01-08T11:23:48","date_gmt":"2020-01-08T11:23:48","guid":{"rendered":"http:\/\/www.partitura.fss.ukf.sk\/?page_id=3008"},"modified":"2020-01-08T16:27:21","modified_gmt":"2020-01-08T16:27:21","slug":"a-korai-magyar-avantgard-es-a-muforditas","status":"publish","type":"page","link":"http:\/\/www.partitura.fss.ukf.sk\/?page_id=3008","title":{"rendered":"A korai magyar avantg\u00e1rd \u00e9s a m\u0171ford\u00edt\u00e1s"},"content":{"rendered":"<h3>F\u00f6ldes Gy\u00f6rgyi<\/h3>\n<p><strong><span style=\"color: #666666;\">IN:\u00a0<\/span><\/strong><span style=\"color: #666666;\">Partit\u00fara Irodalomtudom\u00e1nyi foly\u00f3irat, \u00c9vfolyam: XIV. \u00a0, Sz\u00e1m 1, 2019, 51-64.\u00a0oldal ,\u00a0ISSN 1336-7307<\/span><\/p>\n<p><strong>DOI:\u00a0<\/strong>10.17846\/PA.2019.14.1.51-64<\/p>\n<p><strong>Absztrakt:<\/strong><\/p>\n<blockquote><p>Tanulm\u00e1nyomban a korai magyar avantg\u00e1rd ford\u00edt\u00e1si praxis\u00e1t \u00e9s vil\u00e1girodalmi k\u00e1nonj\u00e1t igyekszem v\u00e9gigtekinteni, 1921-es z\u00e1r\u00e1ssal. Kass\u00e1k, h\u00e1la korokon \u00e9s st\u00edlusir\u00e1nyzatokon t\u00falmutat\u00f3, bizonyos sz\u00f6vegsaj\u00e1toss\u00e1gokat prefer\u00e1l\u00f3 v\u00e1logat\u00e1si krit\u00e9riumainak, amelyeket meger\u0151s\u00edtett az avantg\u00e1rd org\u00e1numokban dolgoz\u00f3 kritikusok hasonl\u00f3 \u00edzl\u00e9se, illetve a m\u0171ford\u00edt\u00f3k saj\u00e1tos, az ezekre a von\u00e1sokra r\u00e1j\u00e1tsz\u00f3 praxisa is, a felsz\u00edni v\u00e1ltozatoss\u00e1g dac\u00e1ra is egy viszonylag konverg\u00e1l\u00f3 vil\u00e1girodalmi korpuszt alak\u00edtott ki lapjaiban, illetve egy hasonl\u00f3 m\u00f3don jellemezhet\u0151 nemzetk\u00f6zi h\u00e1l\u00f3zatot \u00e9p\u00edtett ki sz\u00e9pen lassan e foly\u00f3iratok k\u00f6r\u00e9.<\/p><\/blockquote>\n<p><a href=\"http:\/\/www.partitura.fss.ukf.sk\/wp-content\/uploads\/2020\/01\/Partitura2019_01_51-64.pdf\"><strong>Teljes sz\u00f6veg<\/strong><\/a><\/p>\n","protected":false},"excerpt":{"rendered":"<p>F\u00f6ldes Gy\u00f6rgyi IN:\u00a0Partit\u00fara Irodalomtudom\u00e1nyi foly\u00f3irat, \u00c9vfolyam: XIV. \u00a0, Sz\u00e1m 1, 2019, 51-64.\u00a0oldal ,\u00a0ISSN 1336-7307 DOI:\u00a010.17846\/PA.2019.14.1.51-64 [&hellip;]<\/p>\n","protected":false},"author":5,"featured_media":0,"parent":0,"menu_order":0,"comment_status":"closed","ping_status":"closed","template":"","meta":[],"_links":{"self":[{"href":"http:\/\/www.partitura.fss.ukf.sk\/index.php?rest_route=\/wp\/v2\/pages\/3008"}],"collection":[{"href":"http:\/\/www.partitura.fss.ukf.sk\/index.php?rest_route=\/wp\/v2\/pages"}],"about":[{"href":"http:\/\/www.partitura.fss.ukf.sk\/index.php?rest_route=\/wp\/v2\/types\/page"}],"author":[{"embeddable":true,"href":"http:\/\/www.partitura.fss.ukf.sk\/index.php?rest_route=\/wp\/v2\/users\/5"}],"replies":[{"embeddable":true,"href":"http:\/\/www.partitura.fss.ukf.sk\/index.php?rest_route=%2Fwp%2Fv2%2Fcomments&post=3008"}],"version-history":[{"count":2,"href":"http:\/\/www.partitura.fss.ukf.sk\/index.php?rest_route=\/wp\/v2\/pages\/3008\/revisions"}],"predecessor-version":[{"id":3090,"href":"http:\/\/www.partitura.fss.ukf.sk\/index.php?rest_route=\/wp\/v2\/pages\/3008\/revisions\/3090"}],"wp:attachment":[{"href":"http:\/\/www.partitura.fss.ukf.sk\/index.php?rest_route=%2Fwp%2Fv2%2Fmedia&parent=3008"}],"curies":[{"name":"wp","href":"https:\/\/api.w.org\/{rel}","templated":true}]}}