{"id":3044,"date":"2020-01-08T13:17:27","date_gmt":"2020-01-08T13:17:27","guid":{"rendered":"http:\/\/www.partitura.fss.ukf.sk\/?page_id=3044"},"modified":"2020-01-08T16:25:51","modified_gmt":"2020-01-08T16:25:51","slug":"a-transzkulturalizmus-metodologia-es-fogalomtortenet","status":"publish","type":"page","link":"http:\/\/www.partitura.fss.ukf.sk\/?page_id=3044","title":{"rendered":"A transzkulturalizmus. Metodol\u00f3gia \u00e9s fogalomt\u00f6rt\u00e9net"},"content":{"rendered":"<h3>Magdalena Roguska-N\u00e9meth<\/h3>\n<p><strong><span style=\"color: #666666;\">IN:\u00a0<\/span><\/strong><span style=\"color: #666666;\">Partit\u00fara Irodalomtudom\u00e1nyi foly\u00f3irat, \u00c9vfolyam: XIV. \u00a0, Sz\u00e1m 2, 2019, 3-10.\u00a0oldal. ,\u00a0ISSN 1336-7307<\/span><\/p>\n<p><strong>DOI:\u00a0<\/strong>10.17846\/PA.2019.14.2.3-10<\/p>\n<p><strong>Absztrakt:<\/strong><\/p>\n<blockquote><p>Azt az elm\u00e9leti teret, amelyben a transzkulturalizmus fogalma megjelent, az interkulturalizmus, multikulturalizmus, valamint a posztkolonializmus alak\u00edtott\u00e1k ki. A jelen tanulm\u00e1ny egyr\u00e9szt a fogalmi tiszt\u00e1z\u00e1s ig\u00e9ny\u00e9vel l\u00e9p fel, m\u00e1sr\u00e9szt arra a k\u00e9rd\u00e9sre is v\u00e1laszt k\u00edv\u00e1n adni, mi\u00e9rt volt sz\u00fcks\u00e9g a transzkulturalizmusra mint \u00faj \u00e9rtelmez\u00e9si keretre, \u00e9s miben jelent ez a fogalmi v\u00e1lt\u00e1s jelent\u00e9sbeli eltol\u00f3d\u00e1st a kult\u00far\u00e1k k\u00f6z\u00f6tti viszonyok felfog\u00e1s\u00e1ban. Tanulm\u00e1nyomban amellett \u00e9rvelek, hogy a transzkulturalizmus olyan lehet\u0151s\u00e9get k\u00e9pes mozg\u00f3s\u00edtani, amelyekkel az el\u0151z\u0151 ir\u00e1nyzatok nem rendelkeztek.<\/p><\/blockquote>\n<p><a href=\"http:\/\/www.partitura.fss.ukf.sk\/wp-content\/uploads\/2020\/01\/Partitura2019_02_03-10.pdf\"><strong>Teljes sz\u00f6veg<\/strong><\/a><\/p>\n","protected":false},"excerpt":{"rendered":"<p>Magdalena Roguska-N\u00e9meth IN:\u00a0Partit\u00fara Irodalomtudom\u00e1nyi foly\u00f3irat, \u00c9vfolyam: XIV. \u00a0, Sz\u00e1m 2, 2019, 3-10.\u00a0oldal. ,\u00a0ISSN 1336-7307 DOI:\u00a010.17846\/PA.2019.14.2.3-10 [&hellip;]<\/p>\n","protected":false},"author":5,"featured_media":0,"parent":0,"menu_order":0,"comment_status":"closed","ping_status":"closed","template":"","meta":[],"_links":{"self":[{"href":"http:\/\/www.partitura.fss.ukf.sk\/index.php?rest_route=\/wp\/v2\/pages\/3044"}],"collection":[{"href":"http:\/\/www.partitura.fss.ukf.sk\/index.php?rest_route=\/wp\/v2\/pages"}],"about":[{"href":"http:\/\/www.partitura.fss.ukf.sk\/index.php?rest_route=\/wp\/v2\/types\/page"}],"author":[{"embeddable":true,"href":"http:\/\/www.partitura.fss.ukf.sk\/index.php?rest_route=\/wp\/v2\/users\/5"}],"replies":[{"embeddable":true,"href":"http:\/\/www.partitura.fss.ukf.sk\/index.php?rest_route=%2Fwp%2Fv2%2Fcomments&post=3044"}],"version-history":[{"count":3,"href":"http:\/\/www.partitura.fss.ukf.sk\/index.php?rest_route=\/wp\/v2\/pages\/3044\/revisions"}],"predecessor-version":[{"id":3086,"href":"http:\/\/www.partitura.fss.ukf.sk\/index.php?rest_route=\/wp\/v2\/pages\/3044\/revisions\/3086"}],"wp:attachment":[{"href":"http:\/\/www.partitura.fss.ukf.sk\/index.php?rest_route=%2Fwp%2Fv2%2Fmedia&parent=3044"}],"curies":[{"name":"wp","href":"https:\/\/api.w.org\/{rel}","templated":true}]}}