{"id":3053,"date":"2020-01-08T13:35:40","date_gmt":"2020-01-08T13:35:40","guid":{"rendered":"http:\/\/www.partitura.fss.ukf.sk\/?page_id=3053"},"modified":"2023-04-26T07:55:08","modified_gmt":"2023-04-26T07:55:08","slug":"a-transzkulturalizmus-metodologia-es-fogalomtortenet-2","status":"publish","type":"page","link":"http:\/\/www.partitura.fss.ukf.sk\/?page_id=3053","title":{"rendered":"A transzkulturalizmus. Metodol\u00f3gia \u00e9s fogalomt\u00f6rt\u00e9net"},"content":{"rendered":"<h3>Magdalena Roguska-N\u00e9meth<\/h3>\n<p><strong><span style=\"color: #666666;\">IN:\u00a0<\/span><\/strong><span style=\"color: #666666;\">Partit\u00fara Irodalomtudom\u00e1nyi foly\u00f3irat, Volume XIV. \u00a0, Issue 2, 2019, p. 3-10. ,\u00a0ISSN 1336-7307<\/span><\/p>\n<p><strong>DOI:\u00a0<\/strong>10.17846\/PA.2019.14.2.3-10<\/p>\n<p><strong>Abstract:<\/strong><\/p>\n<blockquote><p>The theoretical space, in which the concept of transculturalism came into existence, was formed by interculturalism, multiculturalism and postcolonialism. The present study addresses both the need for conceptual clarification as well as the question of why transculturalism was needed as a new framework for interpretation. Furthermore, it seeks to answer the question of why this conceptual shift represents a new perspective in understanding intercultural relations. The study argues that transculturalism can create an opportunity that previous trends did not have.<\/p><\/blockquote>\n<p><strong>Keywords:<\/strong> transculturalism, transculturation, multiculturalism, postcolonialism<\/p>\n<p><a href=\"http:\/\/www.partitura.fss.ukf.sk\/wp-content\/uploads\/2020\/01\/Partitura2019_02_03-10.pdf\"><strong>Whole issue<\/strong><\/a><\/p>\n","protected":false},"excerpt":{"rendered":"<p>Magdalena Roguska-N\u00e9meth IN:\u00a0Partit\u00fara Irodalomtudom\u00e1nyi foly\u00f3irat, Volume XIV. \u00a0, Issue 2, 2019, p. 3-10. ,\u00a0ISSN 1336-7307 [&hellip;]<\/p>\n","protected":false},"author":5,"featured_media":0,"parent":0,"menu_order":0,"comment_status":"closed","ping_status":"closed","template":"","meta":[],"_links":{"self":[{"href":"http:\/\/www.partitura.fss.ukf.sk\/index.php?rest_route=\/wp\/v2\/pages\/3053"}],"collection":[{"href":"http:\/\/www.partitura.fss.ukf.sk\/index.php?rest_route=\/wp\/v2\/pages"}],"about":[{"href":"http:\/\/www.partitura.fss.ukf.sk\/index.php?rest_route=\/wp\/v2\/types\/page"}],"author":[{"embeddable":true,"href":"http:\/\/www.partitura.fss.ukf.sk\/index.php?rest_route=\/wp\/v2\/users\/5"}],"replies":[{"embeddable":true,"href":"http:\/\/www.partitura.fss.ukf.sk\/index.php?rest_route=%2Fwp%2Fv2%2Fcomments&post=3053"}],"version-history":[{"count":3,"href":"http:\/\/www.partitura.fss.ukf.sk\/index.php?rest_route=\/wp\/v2\/pages\/3053\/revisions"}],"predecessor-version":[{"id":3666,"href":"http:\/\/www.partitura.fss.ukf.sk\/index.php?rest_route=\/wp\/v2\/pages\/3053\/revisions\/3666"}],"wp:attachment":[{"href":"http:\/\/www.partitura.fss.ukf.sk\/index.php?rest_route=%2Fwp%2Fv2%2Fmedia&parent=3053"}],"curies":[{"name":"wp","href":"https:\/\/api.w.org\/{rel}","templated":true}]}}