{"id":3060,"date":"2020-01-08T15:49:33","date_gmt":"2020-01-08T15:49:33","guid":{"rendered":"http:\/\/www.partitura.fss.ukf.sk\/?page_id=3060"},"modified":"2020-01-08T16:26:13","modified_gmt":"2020-01-08T16:26:13","slug":"a-transzkulturalizmus-es-bilingvizmus-szintjei-a-szlovakiai-magyar-irodalomban","status":"publish","type":"page","link":"http:\/\/www.partitura.fss.ukf.sk\/?page_id=3060","title":{"rendered":"A transzkulturalizmus \u00e9s bilingvizmus szintjei a szlov\u00e1kiai magyar irodalomban"},"content":{"rendered":"<h3>N\u00e9meth Zolt\u00e1n<\/h3>\n<p><strong><span style=\"color: #666666;\">IN:\u00a0<\/span><\/strong><span style=\"color: #666666;\">Partit\u00fara Irodalomtudom\u00e1nyi foly\u00f3irat, \u00c9vfolyam: XIV. \u00a0, Sz\u00e1m 2, 2019, 11-24.\u00a0oldal. ,\u00a0ISSN 1336-7307<\/span><\/p>\n<p><strong>DOI:\u00a0<\/strong>10.17846\/PA.2019.14.2.11-24<\/p>\n<p><strong>Absztrakt:<\/strong><\/p>\n<blockquote><p>A transzkulturalizmus jelens\u00e9ge az irodalmis\u00e1g k\u00fcl\u00f6nb\u00f6z\u0151 terein, szintjein, r\u00e9tegein k\u00e9pes aktiviz\u00e1l\u00f3dni, m\u0171k\u00f6d\u00e9sbe l\u00e9pni, jelent\u00e9seket gener\u00e1lni. Az el\u0151ad\u00e1s a szlov\u00e1kiai magyar irodalom egyes szerz\u0151in \u00e9s sz\u00f6vegein kereszt\u00fcl t\u00e1rgyalja a transzkulturalizmus elt\u00e9r\u0151 szintjeit, a transzkultur\u00e1lis szerz\u0151i identit\u00e1s, a sz\u00f6vegek transzkultur\u00e1lis jelent\u00e9stermel\u0151 g\u00e9pezete, a t\u00e1rsadalmi kontextus transzkultur\u00e1lis gyakorlatai, valamint a recepci\u00f3 transzkultur\u00e1lis ir\u00e1nyai \u00e9s hi\u00e1nyai ment\u00e9n. Az el\u0151ad\u00e1s c\u00e9lja az egyes transzkultur\u00e1lis jelens\u00e9gek sz\u00e9tsz\u00e1laz\u00e1sa, a fogalmi-interpret\u00e1ci\u00f3s r\u00e9tegek felfejt\u00e9se.<\/p><\/blockquote>\n<p><a href=\"http:\/\/www.partitura.fss.ukf.sk\/wp-content\/uploads\/2020\/01\/Partitura2019_02_11-24.pdf\"><strong>Teljes sz\u00f6veg<\/strong><\/a><\/p>\n","protected":false},"excerpt":{"rendered":"<p>N\u00e9meth Zolt\u00e1n IN:\u00a0Partit\u00fara Irodalomtudom\u00e1nyi foly\u00f3irat, \u00c9vfolyam: XIV. \u00a0, Sz\u00e1m 2, 2019, 11-24.\u00a0oldal. ,\u00a0ISSN 1336-7307 DOI:\u00a010.17846\/PA.2019.14.2.11-24 [&hellip;]<\/p>\n","protected":false},"author":5,"featured_media":0,"parent":0,"menu_order":0,"comment_status":"closed","ping_status":"closed","template":"","meta":[],"_links":{"self":[{"href":"http:\/\/www.partitura.fss.ukf.sk\/index.php?rest_route=\/wp\/v2\/pages\/3060"}],"collection":[{"href":"http:\/\/www.partitura.fss.ukf.sk\/index.php?rest_route=\/wp\/v2\/pages"}],"about":[{"href":"http:\/\/www.partitura.fss.ukf.sk\/index.php?rest_route=\/wp\/v2\/types\/page"}],"author":[{"embeddable":true,"href":"http:\/\/www.partitura.fss.ukf.sk\/index.php?rest_route=\/wp\/v2\/users\/5"}],"replies":[{"embeddable":true,"href":"http:\/\/www.partitura.fss.ukf.sk\/index.php?rest_route=%2Fwp%2Fv2%2Fcomments&post=3060"}],"version-history":[{"count":3,"href":"http:\/\/www.partitura.fss.ukf.sk\/index.php?rest_route=\/wp\/v2\/pages\/3060\/revisions"}],"predecessor-version":[{"id":3087,"href":"http:\/\/www.partitura.fss.ukf.sk\/index.php?rest_route=\/wp\/v2\/pages\/3060\/revisions\/3087"}],"wp:attachment":[{"href":"http:\/\/www.partitura.fss.ukf.sk\/index.php?rest_route=%2Fwp%2Fv2%2Fmedia&parent=3060"}],"curies":[{"name":"wp","href":"https:\/\/api.w.org\/{rel}","templated":true}]}}