{"id":3063,"date":"2020-01-08T15:56:07","date_gmt":"2020-01-08T15:56:07","guid":{"rendered":"http:\/\/www.partitura.fss.ukf.sk\/?page_id=3063"},"modified":"2023-04-26T07:56:22","modified_gmt":"2023-04-26T07:56:22","slug":"a-transzkulturalizmus-es-bilingvizmus-szintjei-a-szlovakiai-magyar-irodalomban-2","status":"publish","type":"page","link":"http:\/\/www.partitura.fss.ukf.sk\/?page_id=3063","title":{"rendered":"A transzkulturalizmus \u00e9s bilingvizmus szintjei a szlov\u00e1kiai magyar irodalomban"},"content":{"rendered":"<h3>Zolt\u00e1n N\u00e9meth<\/h3>\n<p><strong><span style=\"color: #666666;\">IN:\u00a0<\/span><\/strong><span style=\"color: #666666;\">Partit\u00fara Irodalomtudom\u00e1nyi foly\u00f3irat, Volume XIV. \u00a0, Issue 2, 2019, p. 11-24. ,\u00a0ISSN 1336-7307<\/span><\/p>\n<p><strong>DOI:\u00a0<\/strong>10.17846\/PA.2019.14.2.11-24<\/p>\n<p><strong>Abstract:<\/strong><\/p>\n<blockquote><p>The phenomenon of transculturalism is capable of activating and generating meanings on various spaces, levels and layers of literature. The study discusses different levels of transculturalism through some authors and texts in Slovakian Hungarian literature, along with transcultural authorial identity, transcultural meaning-making machinery of texts, transcultural practices of the social context, and transcultural directions and gaps in reception. The purpose of the paper is to classify some of transcultural phenomena and to unravel the conceptual and interpretative levels.<\/p><\/blockquote>\n<p><strong>Keywords:<\/strong> transculturalism, bilingualism, hungarian literature in slovakia, reinterpretation<\/p>\n<p><a href=\"http:\/\/www.partitura.fss.ukf.sk\/wp-content\/uploads\/2020\/01\/Partitura2019_02_11-24.pdf\"><strong>Whole issue<\/strong><\/a><\/p>\n","protected":false},"excerpt":{"rendered":"<p>Zolt\u00e1n N\u00e9meth IN:\u00a0Partit\u00fara Irodalomtudom\u00e1nyi foly\u00f3irat, Volume XIV. \u00a0, Issue 2, 2019, p. 11-24. ,\u00a0ISSN 1336-7307 [&hellip;]<\/p>\n","protected":false},"author":5,"featured_media":0,"parent":0,"menu_order":0,"comment_status":"closed","ping_status":"closed","template":"","meta":[],"_links":{"self":[{"href":"http:\/\/www.partitura.fss.ukf.sk\/index.php?rest_route=\/wp\/v2\/pages\/3063"}],"collection":[{"href":"http:\/\/www.partitura.fss.ukf.sk\/index.php?rest_route=\/wp\/v2\/pages"}],"about":[{"href":"http:\/\/www.partitura.fss.ukf.sk\/index.php?rest_route=\/wp\/v2\/types\/page"}],"author":[{"embeddable":true,"href":"http:\/\/www.partitura.fss.ukf.sk\/index.php?rest_route=\/wp\/v2\/users\/5"}],"replies":[{"embeddable":true,"href":"http:\/\/www.partitura.fss.ukf.sk\/index.php?rest_route=%2Fwp%2Fv2%2Fcomments&post=3063"}],"version-history":[{"count":2,"href":"http:\/\/www.partitura.fss.ukf.sk\/index.php?rest_route=\/wp\/v2\/pages\/3063\/revisions"}],"predecessor-version":[{"id":3667,"href":"http:\/\/www.partitura.fss.ukf.sk\/index.php?rest_route=\/wp\/v2\/pages\/3063\/revisions\/3667"}],"wp:attachment":[{"href":"http:\/\/www.partitura.fss.ukf.sk\/index.php?rest_route=%2Fwp%2Fv2%2Fmedia&parent=3063"}],"curies":[{"name":"wp","href":"https:\/\/api.w.org\/{rel}","templated":true}]}}