{"id":3067,"date":"2020-01-08T16:01:52","date_gmt":"2020-01-08T16:01:52","guid":{"rendered":"http:\/\/www.partitura.fss.ukf.sk\/?page_id=3067"},"modified":"2020-01-08T16:03:04","modified_gmt":"2020-01-08T16:03:04","slug":"az-utazas-mint-eletforma-az-emigrans-kerenyi-karoly-utinaploi","status":"publish","type":"page","link":"http:\/\/www.partitura.fss.ukf.sk\/?page_id=3067","title":{"rendered":"Az utaz\u00e1s mint \u00e9letforma \u2013 Az emigr\u00e1ns Ker\u00e9nyi K\u00e1roly \u00fatinapl\u00f3i"},"content":{"rendered":"<h3>Polg\u00e1r Anik\u00f3<\/h3>\n<p><strong><span style=\"color: #666666;\">IN:\u00a0<\/span><\/strong><span style=\"color: #666666;\">Partit\u00fara Irodalomtudom\u00e1nyi foly\u00f3irat, \u00c9vfolyam: XIV. \u00a0, Sz\u00e1m 2, 2019, 25-35.\u00a0oldal. ,\u00a0ISSN 1336-7307<\/span><\/p>\n<p><strong>DOI:\u00a0<\/strong>10.17846\/PA.2019.14.2.25-35<\/p>\n<p><strong>Absztrakt:<\/strong><\/p>\n<blockquote><p>Ker\u00e9nyi K\u00e1roly \u00f3kortud\u00f3s, vall\u00e1st\u00f6rt\u00e9n\u00e9sz 1943-ban hagyta el Magyarorsz\u00e1got. A h\u00e1bor\u00fa ut\u00e1n \u0151t \u00e9rt t\u00e1mad\u00e1sok v\u00e9gk\u00e9pp elz\u00e1rt\u00e1k az \u00fatj\u00e1t a hazateleped\u00e9se el\u0151l, \u00edgy \u00e9lete v\u00e9g\u00e9ig Sv\u00e1jcban maradt, s tov\u00e1bbi m\u0171veit n\u00e9met\u00fcl \u00edrta (tudom\u00e1nyos publik\u00e1ci\u00f3it kor\u00e1bban is a k\u00e9tnyelv\u0171s\u00e9g jellemezte). a tanulm\u00e1ny Ker\u00e9nyi sz\u00e9pirodalmi ig\u00e9nnyel meg\u00edrt \u00fati feljegyz\u00e9seit elemzi, az Unwillk\u00fcrliche Kunstreisen. Fahrten in alten Europa 1952-53 \u00e9s a Tage- und Wanderb\u00fccher 1953\u20121960 c\u00edm\u0171 k\u00f6teteket. A szerz\u0151 Ker\u00e9nyi sz\u00f6vegeit egyr\u00e9szt az utaz\u00e1s szerepe, \u00e9letform\u00e1v\u00e1 v\u00e1l\u00e1sa, az emigr\u00e1ci\u00f3 mitiz\u00e1l\u00f3d\u00e1sa fel\u0151l, m\u00e1sr\u00e9szt az eml\u00e9kezet, nyelv \u00e9s identit\u00e1s \u00f6sszef\u00fcgg\u00e9sei fel\u0151l vizsg\u00e1lja.<\/p><\/blockquote>\n<p><a href=\"http:\/\/www.partitura.fss.ukf.sk\/wp-content\/uploads\/2020\/01\/Partitura2019_02_25-35.pdf\"><strong>Teljes sz\u00f6veg<\/strong><\/a><\/p>\n","protected":false},"excerpt":{"rendered":"<p>Polg\u00e1r Anik\u00f3 IN:\u00a0Partit\u00fara Irodalomtudom\u00e1nyi foly\u00f3irat, \u00c9vfolyam: XIV. \u00a0, Sz\u00e1m 2, 2019, 25-35.\u00a0oldal. ,\u00a0ISSN 1336-7307 DOI:\u00a010.17846\/PA.2019.14.2.25-35 [&hellip;]<\/p>\n","protected":false},"author":5,"featured_media":0,"parent":0,"menu_order":0,"comment_status":"closed","ping_status":"closed","template":"","meta":[],"_links":{"self":[{"href":"http:\/\/www.partitura.fss.ukf.sk\/index.php?rest_route=\/wp\/v2\/pages\/3067"}],"collection":[{"href":"http:\/\/www.partitura.fss.ukf.sk\/index.php?rest_route=\/wp\/v2\/pages"}],"about":[{"href":"http:\/\/www.partitura.fss.ukf.sk\/index.php?rest_route=\/wp\/v2\/types\/page"}],"author":[{"embeddable":true,"href":"http:\/\/www.partitura.fss.ukf.sk\/index.php?rest_route=\/wp\/v2\/users\/5"}],"replies":[{"embeddable":true,"href":"http:\/\/www.partitura.fss.ukf.sk\/index.php?rest_route=%2Fwp%2Fv2%2Fcomments&post=3067"}],"version-history":[{"count":2,"href":"http:\/\/www.partitura.fss.ukf.sk\/index.php?rest_route=\/wp\/v2\/pages\/3067\/revisions"}],"predecessor-version":[{"id":3070,"href":"http:\/\/www.partitura.fss.ukf.sk\/index.php?rest_route=\/wp\/v2\/pages\/3067\/revisions\/3070"}],"wp:attachment":[{"href":"http:\/\/www.partitura.fss.ukf.sk\/index.php?rest_route=%2Fwp%2Fv2%2Fmedia&parent=3067"}],"curies":[{"name":"wp","href":"https:\/\/api.w.org\/{rel}","templated":true}]}}