{"id":3075,"date":"2020-01-08T16:10:58","date_gmt":"2020-01-08T16:10:58","guid":{"rendered":"http:\/\/www.partitura.fss.ukf.sk\/?page_id=3075"},"modified":"2020-01-08T16:20:10","modified_gmt":"2020-01-08T16:20:10","slug":"a-temeto-heterotopiaja-a-szarajevoi-muszlim-temetok-kozep-europai-szemszogbol","status":"publish","type":"page","link":"http:\/\/www.partitura.fss.ukf.sk\/?page_id=3075","title":{"rendered":"A temet\u0151 heterot\u00f3pi\u00e1ja \u2013 A szarajev\u00f3i muszlim temet\u0151k k\u00f6z\u00e9p-eur\u00f3pai szemsz\u00f6gb\u0151l"},"content":{"rendered":"<h3>P\u00e1l Sz\u00e1z<\/h3>\n<p><strong><span style=\"color: #666666;\">IN:\u00a0<\/span><\/strong><span style=\"color: #666666;\">Partit\u00fara Irodalomtudom\u00e1nyi foly\u00f3irat, \u00c9vfolyam: XIV.  , Sz\u00e1m 2, 2019, p. 37-64.\u00a0,\u00a0ISSN 1336-7307<\/span><\/p>\n<p><strong>DOI:\u00a0<\/strong>10.17846\/PA.2019.14.2.37-64<\/p>\n<p><strong>Absztrakt:<\/strong><\/p>\n<blockquote><p>Jelen tanulm\u00e1ny egy olyan kutat\u00e1s r\u00e9szeredm\u00e9nye, amely azokat a nemn\u00e9met nyelv\u0171 (teh\u00e1t kev\u00e9sb\u00e9 hegem\u00f3n) nyelveken, els\u0151sorban magyarul \u00e9s cseh\u00fcl \u00edrt, Bosznia-Hercegovin\u00e1r\u00f3l sz\u00f3l\u00f3 heterog\u00e9n m\u0171faj\u00fa sz\u00f6vegek halmaz\u00e1t vizsg\u00e1lta, amelyeket az Osztr\u00e1k-Magyar Monarchia ideje alatt (1878\u20131918) \u00edrtak. A tanulm\u00e1ny a temet\u0151 heterot\u00f3pi\u00e1j\u00e1t elemzi, k\u00f6zelebbr\u0151l, hogy hogyan tekintenek a szarajev\u00f3i muszlim temet\u0151kre az eml\u00edtett sz\u00f6vegcsoport ide v\u00e1g\u00f3 le\u00edr\u00e1sai. Ahogy Michel Foucault kiemelte, a heterot\u00f3pi\u00e1kat a kult\u00fara konstru\u00e1lja meg, enn\u00e9lfogva e le\u00edr\u00e1sok t\u00f6bbet r\u00f6gz\u00edtenek mint puszta t\u00e9rtapasztalatot: a kultur\u00e1lis idegens\u00e9ggel, az m\u00e1sikkal val\u00f3 tal\u00e1lkoz\u00e1s \u00e9lm\u00e9ny\u00e9t. Ezzel a hetero-im\u00e1zzsal tal\u00e1lkozhatunk Adolf Strausz etnogr\u00e1fiai munk\u00e1j\u00e1ban \u00e9s R\u016f\u017eena Svobodov\u00e1 \u00fatirajz\u00e1ban is. E le\u00edr\u00e1sok komparat\u00edv olvasata a hazai szerz\u0151k szelf-im\u00e1zsaival, Ivo Andri\u0107 \u00fatirajzaival, Husein Tahmi\u0161\u010di\u0107 cikk\u00e9vel m\u00e9g megragadhat\u00f3bb\u00e1 teszi a kultur\u00e1lis idegens\u00e9g tapasztalat\u00e1t.<\/p><\/blockquote>\n<p><a href=\"http:\/\/www.partitura.fss.ukf.sk\/wp-content\/uploads\/2020\/01\/Partitura2019_02_37-64.pdf\"><strong>Teljes sz\u00f6veg<\/strong><\/a><\/p>\n","protected":false},"excerpt":{"rendered":"<p>P\u00e1l Sz\u00e1z IN:\u00a0Partit\u00fara Irodalomtudom\u00e1nyi foly\u00f3irat, \u00c9vfolyam: XIV. , Sz\u00e1m 2, 2019, p. 37-64.\u00a0,\u00a0ISSN 1336-7307 DOI:\u00a010.17846\/PA.2019.14.2.37-64 [&hellip;]<\/p>\n","protected":false},"author":5,"featured_media":0,"parent":0,"menu_order":0,"comment_status":"closed","ping_status":"closed","template":"","meta":[],"_links":{"self":[{"href":"http:\/\/www.partitura.fss.ukf.sk\/index.php?rest_route=\/wp\/v2\/pages\/3075"}],"collection":[{"href":"http:\/\/www.partitura.fss.ukf.sk\/index.php?rest_route=\/wp\/v2\/pages"}],"about":[{"href":"http:\/\/www.partitura.fss.ukf.sk\/index.php?rest_route=\/wp\/v2\/types\/page"}],"author":[{"embeddable":true,"href":"http:\/\/www.partitura.fss.ukf.sk\/index.php?rest_route=\/wp\/v2\/users\/5"}],"replies":[{"embeddable":true,"href":"http:\/\/www.partitura.fss.ukf.sk\/index.php?rest_route=%2Fwp%2Fv2%2Fcomments&post=3075"}],"version-history":[{"count":4,"href":"http:\/\/www.partitura.fss.ukf.sk\/index.php?rest_route=\/wp\/v2\/pages\/3075\/revisions"}],"predecessor-version":[{"id":3081,"href":"http:\/\/www.partitura.fss.ukf.sk\/index.php?rest_route=\/wp\/v2\/pages\/3075\/revisions\/3081"}],"wp:attachment":[{"href":"http:\/\/www.partitura.fss.ukf.sk\/index.php?rest_route=%2Fwp%2Fv2%2Fmedia&parent=3075"}],"curies":[{"name":"wp","href":"https:\/\/api.w.org\/{rel}","templated":true}]}}