{"id":3084,"date":"2020-01-08T16:28:07","date_gmt":"2020-01-08T16:28:07","guid":{"rendered":"http:\/\/www.partitura.fss.ukf.sk\/?page_id=3084"},"modified":"2020-01-08T16:34:26","modified_gmt":"2020-01-08T16:34:26","slug":"az-ny-mint-nyelv-zilahy-peter-az-utolso-ablakzsiraf-cimu-konyveben","status":"publish","type":"page","link":"http:\/\/www.partitura.fss.ukf.sk\/?page_id=3084","title":{"rendered":"Az \u201eNy\u201d mint nyelv Zilahy P\u00e9ter <em>Az utols\u00f3 ablakzsir\u00e1f<\/em> c\u00edm\u0171 k\u00f6nyv\u00e9ben"},"content":{"rendered":"<h3>Mizser Attila<\/h3>\n<p><strong><span style=\"color: #666666;\">IN:\u00a0<\/span><\/strong><span style=\"color: #666666;\">Partit\u00fara Irodalomtudom\u00e1nyi foly\u00f3irat, \u00c9vfolyam: XIV.  , Sz\u00e1m 2, 2019, 65-72. oldal\u00a0,\u00a0ISSN 1336-7307<\/span><\/p>\n<p><strong>DOI:\u00a0<\/strong>10.17846\/PA.2019.14.2.65-72<\/p>\n<p><strong>Absztrakt:<\/strong><\/p>\n<blockquote><p>Zilahy k\u00f6tete a polifonikus nyelvi t\u00e9r hat\u00e1rai k\u00f6z\u00f6tt mozog. \u00cdgy a nyelvi fix\u00e1lts\u00e1gon t\u00fali kapcsolatokra is utal. Az elbesz\u00e9l\u0151 eszm\u00e9nye ilyenkor a val\u00f3s\u00e1g idealiz\u00e1lt nyelv \u00e1ltal hat\u00e1rolt hozz\u00e1f\u00e9r\u00e9se lenne. Ennek alapj\u00e1n a tematikus text\u00fara \u00e9s a plur\u00e1lis olvas\u00e1si strat\u00e9gia egym\u00e1snak fesz\u00fcl\u00e9s\u00e9nek term\u00e9keny terepe ez a k\u00f6tet. \u00c9pp ez\u00e9rt tal\u00e1n \u00e9rdemes lehet fel\u00fctni az \u201eny\u201d-n\u00e9l. Ez lenne a dolgozat els\u0151dleges t\u00e9tje is.<\/p><\/blockquote>\n<p><a href=\"http:\/\/www.partitura.fss.ukf.sk\/wp-content\/uploads\/2020\/01\/Partitura2019_02_65-72.pdf\"><strong>Teljes sz\u00f6veg<\/strong><\/a><\/p>\n","protected":false},"excerpt":{"rendered":"<p>Mizser Attila IN:\u00a0Partit\u00fara Irodalomtudom\u00e1nyi foly\u00f3irat, \u00c9vfolyam: XIV. , Sz\u00e1m 2, 2019, 65-72. oldal\u00a0,\u00a0ISSN 1336-7307 DOI:\u00a010.17846\/PA.2019.14.2.65-72 [&hellip;]<\/p>\n","protected":false},"author":5,"featured_media":0,"parent":0,"menu_order":0,"comment_status":"closed","ping_status":"closed","template":"","meta":[],"_links":{"self":[{"href":"http:\/\/www.partitura.fss.ukf.sk\/index.php?rest_route=\/wp\/v2\/pages\/3084"}],"collection":[{"href":"http:\/\/www.partitura.fss.ukf.sk\/index.php?rest_route=\/wp\/v2\/pages"}],"about":[{"href":"http:\/\/www.partitura.fss.ukf.sk\/index.php?rest_route=\/wp\/v2\/types\/page"}],"author":[{"embeddable":true,"href":"http:\/\/www.partitura.fss.ukf.sk\/index.php?rest_route=\/wp\/v2\/users\/5"}],"replies":[{"embeddable":true,"href":"http:\/\/www.partitura.fss.ukf.sk\/index.php?rest_route=%2Fwp%2Fv2%2Fcomments&post=3084"}],"version-history":[{"count":5,"href":"http:\/\/www.partitura.fss.ukf.sk\/index.php?rest_route=\/wp\/v2\/pages\/3084\/revisions"}],"predecessor-version":[{"id":3102,"href":"http:\/\/www.partitura.fss.ukf.sk\/index.php?rest_route=\/wp\/v2\/pages\/3084\/revisions\/3102"}],"wp:attachment":[{"href":"http:\/\/www.partitura.fss.ukf.sk\/index.php?rest_route=%2Fwp%2Fv2%2Fmedia&parent=3084"}],"curies":[{"name":"wp","href":"https:\/\/api.w.org\/{rel}","templated":true}]}}