{"id":3103,"date":"2020-01-08T16:39:49","date_gmt":"2020-01-08T16:39:49","guid":{"rendered":"http:\/\/www.partitura.fss.ukf.sk\/?page_id=3103"},"modified":"2020-01-08T16:48:54","modified_gmt":"2020-01-08T16:48:54","slug":"sulyos-hatarsertes-hatarhelyzetek-identitashatarok-tolnai-otto-szemeremekszerek-cimu-regenyeben","status":"publish","type":"page","link":"http:\/\/www.partitura.fss.ukf.sk\/?page_id=3103","title":{"rendered":"S\u00falyos hat\u00e1rs\u00e9rt\u00e9s \u2013 Hat\u00e1rhely(zet)ek, identit\u00e1shat\u00e1rok Tolnai ott\u00f3 <em>Szem\u00e9rem\u00e9kszerek<\/em> c\u00edm\u0171 reg\u00e9ny\u00e9ben"},"content":{"rendered":"<h3>Visy Beatrix<\/h3>\n<p><strong><span style=\"color: #666666;\">IN:\u00a0<\/span><\/strong><span style=\"color: #666666;\">Partit\u00fara Irodalomtudom\u00e1nyi foly\u00f3irat, \u00c9vfolyam: XIV.  , Sz\u00e1m 2, 2019, 73-82. oldal\u00a0,\u00a0ISSN 1336-7307<\/span><\/p>\n<p><strong>DOI:\u00a0<\/strong>10.17846\/PA.2019.14.2.73-82<\/p>\n<p><strong>Absztrakt:<\/strong><\/p>\n<blockquote><p>S\u00falyos \u00e9s t\u00f6bbsz\u00f6r\u00f6s hat\u00e1rs\u00e9rt\u00e9ssel v\u00e1doljuk Tolnai Ott\u00f3 reg\u00e9ny\u00e9t (Szem\u00e9rem\u00e9kszerek). Az elbesz\u00e9l\u0151-f\u0151h\u0151s akarva \u00e9s akaratlanul, konkr\u00e9tan \u00e9s \u00e1tvitt\/po\u00e9tikai \u00e9rtelemben is hat\u00e1rs\u00e9rt\u00e9seket k\u00f6vet el. A cselekm\u00e9ny a hat\u00e1rs\u00e1vban j\u00e1tsz\u00f3dik, \u00e9s \u00e1br\u00e1zolja a szerb\u2013magyar hat\u00e1ron zajl\u00f3 migr\u00e1ns-helyzetet, a hat\u00e1r fokozott \u0151rz\u00e9s\u00e9t. Az elbesz\u00e9l\u0151, aki k\u00e9t steril poh\u00e1rral j\u00e1rja be a hat\u00e1rs\u00e1vot, maga is v\u00e1dlott\u00e1, letart\u00f3ztatott\u00e1 v\u00e1lik, \u00e9s olyan helyeket j\u00e1r be, mint a fogda, b\u00f6rt\u00f6n vagy a pszichi\u00e1tria. Ezeket a helyeket Foucault deviancia- heterot\u00f3pia fogalma alapj\u00e1n \u00e9rtelmezhetj\u00fck. Ezekben a fikt\u00edv helyzetekben a v\u00e9gtelen mes\u00e9l\u00e9s, a szerte\u00e1gaz\u00f3 t\u00f6rt\u00e9netek \u00e9s a fecseg\u00e9s a szerepl\u0151 fegyvere az \u0151t kihallgat\u00f3 tisztekkel, orvosokkal szemben. Tolnai, m\u00e1r ismert m\u00f3don, altereg\u00f3kkal k\u00e9rdez r\u00e1 az elbesz\u00e9l\u0151 szem\u00e9ly\u00e9re, elbesz\u00e9l\u0151 \u00e9s szerepl\u0151 viszony\u00e1ra.<\/p><\/blockquote>\n<p><a href=\"http:\/\/www.partitura.fss.ukf.sk\/wp-content\/uploads\/2020\/01\/Partitura2019_02_73-82.pdf\"><strong>Teljes sz\u00f6veg<\/strong><\/a><\/p>\n","protected":false},"excerpt":{"rendered":"<p>Visy Beatrix IN:\u00a0Partit\u00fara Irodalomtudom\u00e1nyi foly\u00f3irat, \u00c9vfolyam: XIV. , Sz\u00e1m 2, 2019, 73-82. oldal\u00a0,\u00a0ISSN 1336-7307 DOI:\u00a010.17846\/PA.2019.14.2.73-82 [&hellip;]<\/p>\n","protected":false},"author":5,"featured_media":0,"parent":0,"menu_order":0,"comment_status":"closed","ping_status":"closed","template":"","meta":[],"_links":{"self":[{"href":"http:\/\/www.partitura.fss.ukf.sk\/index.php?rest_route=\/wp\/v2\/pages\/3103"}],"collection":[{"href":"http:\/\/www.partitura.fss.ukf.sk\/index.php?rest_route=\/wp\/v2\/pages"}],"about":[{"href":"http:\/\/www.partitura.fss.ukf.sk\/index.php?rest_route=\/wp\/v2\/types\/page"}],"author":[{"embeddable":true,"href":"http:\/\/www.partitura.fss.ukf.sk\/index.php?rest_route=\/wp\/v2\/users\/5"}],"replies":[{"embeddable":true,"href":"http:\/\/www.partitura.fss.ukf.sk\/index.php?rest_route=%2Fwp%2Fv2%2Fcomments&post=3103"}],"version-history":[{"count":4,"href":"http:\/\/www.partitura.fss.ukf.sk\/index.php?rest_route=\/wp\/v2\/pages\/3103\/revisions"}],"predecessor-version":[{"id":3114,"href":"http:\/\/www.partitura.fss.ukf.sk\/index.php?rest_route=\/wp\/v2\/pages\/3103\/revisions\/3114"}],"wp:attachment":[{"href":"http:\/\/www.partitura.fss.ukf.sk\/index.php?rest_route=%2Fwp%2Fv2%2Fmedia&parent=3103"}],"curies":[{"name":"wp","href":"https:\/\/api.w.org\/{rel}","templated":true}]}}