{"id":3161,"date":"2021-01-28T09:54:14","date_gmt":"2021-01-28T09:54:14","guid":{"rendered":"http:\/\/www.partitura.fss.ukf.sk\/?page_id=3161"},"modified":"2021-01-28T10:04:09","modified_gmt":"2021-01-28T10:04:09","slug":"veset-felirat-atirat-torles-irasjelenetek-az-iskolaban","status":"publish","type":"page","link":"http:\/\/www.partitura.fss.ukf.sk\/?page_id=3161","title":{"rendered":"V\u00e9set, felirat, \u00e1tirat, t\u00f6rl\u00e9s. \u00cdr\u00e1sjelenetek az <em>Iskol\u00e1<\/em>ban"},"content":{"rendered":"<h3>Osztroluczky Sarolta<\/h3>\n<p><strong><span style=\"color: #666666;\">IN:\u00a0<\/span><\/strong><span style=\"color: #666666;\">Partit\u00fara Irodalomtudom\u00e1nyi foly\u00f3irat, \u00c9vfolyam XV. \u00a0, Sz\u00e1m 1, 2020, 3-18. oldal ,\u00a0ISSN 1336-7307<\/span><\/p>\n<p><strong>DOI:\u00a0<\/strong>10.17846\/PA.2020.15.1.3-18<\/p>\n<p><strong>Absztrakt:<\/strong><\/p>\n<blockquote><p>Dolgozatomban az \u00edr\u00e1sjelenetek \u00e9s egy\u00e9b filol\u00f3giai mozzanatok fel\u0151l igyekszem \u00fajraolvasni Ottlik f\u0151 m\u0171v\u00e9t, az <em>Iskola a hat\u00e1ront<\/em>, arra a k\u00e9rd\u00e9sre keresve a v\u00e1laszt, hogy a cselekm\u00e9ny szintj\u00e9n megjelen\u0151 \u00edr\u00e1sgesztusok, \u00edr\u00e1snyomok \u00e9s \u00edr\u00e1sterm\u00e9kek, valamint a k\u00fcl\u00f6nb\u00f6z\u0151 \u00edr\u00e1sfel\u00fcletek, \u00edr\u00f3eszk\u00f6z\u00f6k, \u00edr\u00e1sm\u00f3dok, irat \u00e9s feliratt\u00edpusok mot\u00edvumaiban hogyan refigur\u00e1l\u00f3dnak a narr\u00e1ci\u00f3 \u00e9s a keletkez\u00e9st\u00f6rt\u00e9net \u00edr\u00e1sesem\u00e9nyei, illetve hogy k\u00f6z\u00fcl\u00fck melyek \u00e9s hogyan v\u00e1lnak a reg\u00e9ny \u00f6sszef\u00fcgg\u00e9srendszer\u00e9nek \u00f6nt\u00fckr\u00f6z\u0151 alakzataiv\u00e1.<\/p><\/blockquote>\n<p><a href=\"http:\/\/www.partitura.fss.ukf.sk\/wp-content\/uploads\/2021\/01\/Partitura-2021-1-003-018.pdf\"><strong>Teljes sz\u00f6veg<\/strong><\/a><\/p>\n","protected":false},"excerpt":{"rendered":"<p>Osztroluczky Sarolta IN:\u00a0Partit\u00fara Irodalomtudom\u00e1nyi foly\u00f3irat, \u00c9vfolyam XV. \u00a0, Sz\u00e1m 1, 2020, 3-18. oldal ,\u00a0ISSN 1336-7307 [&hellip;]<\/p>\n","protected":false},"author":5,"featured_media":0,"parent":0,"menu_order":0,"comment_status":"closed","ping_status":"closed","template":"","meta":[],"_links":{"self":[{"href":"http:\/\/www.partitura.fss.ukf.sk\/index.php?rest_route=\/wp\/v2\/pages\/3161"}],"collection":[{"href":"http:\/\/www.partitura.fss.ukf.sk\/index.php?rest_route=\/wp\/v2\/pages"}],"about":[{"href":"http:\/\/www.partitura.fss.ukf.sk\/index.php?rest_route=\/wp\/v2\/types\/page"}],"author":[{"embeddable":true,"href":"http:\/\/www.partitura.fss.ukf.sk\/index.php?rest_route=\/wp\/v2\/users\/5"}],"replies":[{"embeddable":true,"href":"http:\/\/www.partitura.fss.ukf.sk\/index.php?rest_route=%2Fwp%2Fv2%2Fcomments&post=3161"}],"version-history":[{"count":4,"href":"http:\/\/www.partitura.fss.ukf.sk\/index.php?rest_route=\/wp\/v2\/pages\/3161\/revisions"}],"predecessor-version":[{"id":3164,"href":"http:\/\/www.partitura.fss.ukf.sk\/index.php?rest_route=\/wp\/v2\/pages\/3161\/revisions\/3164"}],"wp:attachment":[{"href":"http:\/\/www.partitura.fss.ukf.sk\/index.php?rest_route=%2Fwp%2Fv2%2Fmedia&parent=3161"}],"curies":[{"name":"wp","href":"https:\/\/api.w.org\/{rel}","templated":true}]}}