{"id":3163,"date":"2021-01-28T09:57:34","date_gmt":"2021-01-28T09:57:34","guid":{"rendered":"http:\/\/www.partitura.fss.ukf.sk\/?page_id=3163"},"modified":"2021-01-28T10:04:11","modified_gmt":"2021-01-28T10:04:11","slug":"zarda-es-katona-avagy-kaffka-margit-es-ottlik-geza-iskola-ja","status":"publish","type":"page","link":"http:\/\/www.partitura.fss.ukf.sk\/?page_id=3163","title":{"rendered":"Z\u00e1rda \u00e9s katona \u2013 avagy Kaffka Margit \u00e9s Ottlik G\u00e9za \u2019iskol\u00e1\u2019-ja"},"content":{"rendered":"<h3>Horv\u00e1th Zsuzsa<\/h3>\n<p><strong><span style=\"color: #666666;\">IN:\u00a0<\/span><\/strong><span style=\"color: #666666;\">Partit\u00fara Irodalomtudom\u00e1nyi foly\u00f3irat, \u00c9vfolyam XV. \u00a0, Sz\u00e1m 1, 2020, 19-35. oldal ,\u00a0ISSN 1336-7307<\/span><\/p>\n<p><strong>DOI:\u00a0<\/strong>10.17846\/PA.2020.15.1.19-35<\/p>\n<p><strong>Absztrakt:<\/strong><\/p>\n<blockquote><p>A&nbsp;tanulm\u00e1ny a bahtyini kronotoposz fogalm\u00e1t kisz\u00e9les\u00edtve k\u00eds\u00e9rletet tesz arra, hogy le\u00edrja az iskola \u2013 a z\u00e1rdaiskola illetve a katonaiskola \u2013 t\u00e9ridej\u00e9t, az arra jellemz\u0151 r\u00e9szben hasonl\u00f3, r\u00e9szben elt\u00e9r\u00e9seket mutat\u00f3 t\u00e9r\u00e9lm\u00e9ny \u00e9s id\u0151\u00e9lm\u00e9ny bemutat\u00e1s\u00e1val. A&nbsp;k\u00e9t, t\u00e9rpo\u00e9tikai szempontb\u00f3l vizsg\u00e1lt sz\u00f6veg: Kaffka Margit <em>Hangyaboly<\/em> (1917) \u00e9s Ottlik G\u00e9za <em>Iskola a hat\u00e1ron<\/em> (1959) c\u00edm\u0171 reg\u00e9nye. Az&nbsp;elemz\u00e9s a z\u00e1rts\u00e1g, a hierarchia, a szab\u00e1lyok a v\u00e1llalt identit\u00e1s illetve a bels\u0151 f\u00fcggetlens\u00e9g r\u00e9v\u00e9n megsz\u00fclet\u0151 szabads\u00e1g fogalommal, identit\u00e1ssal foglalkozik. A&nbsp;tanulm\u00e1ny konkl\u00fazi\u00f3ja szerint az Ottlikn\u00e1l a maga \u00f6sszetetts\u00e9g\u00e9ben kiboml\u00f3 t\u00e9rid\u0151 analogonjak\u00e9nt \u00e9rtelmezhet\u0151 a m\u00e1r Kaffk\u00e1n\u00e1l megjelen\u0151 z\u00e1rdaiskola t\u00e9rideje is.<\/p><\/blockquote>\n<p><a href=\"http:\/\/www.partitura.fss.ukf.sk\/wp-content\/uploads\/2021\/01\/Partitura-2021-1-019-035.pdf\"><strong>Teljes sz\u00f6veg<\/strong><\/a><\/p>\n","protected":false},"excerpt":{"rendered":"<p>Horv\u00e1th Zsuzsa IN:\u00a0Partit\u00fara Irodalomtudom\u00e1nyi foly\u00f3irat, \u00c9vfolyam XV. \u00a0, Sz\u00e1m 1, 2020, 19-35. oldal ,\u00a0ISSN 1336-7307 [&hellip;]<\/p>\n","protected":false},"author":5,"featured_media":0,"parent":0,"menu_order":0,"comment_status":"closed","ping_status":"closed","template":"","meta":[],"_links":{"self":[{"href":"http:\/\/www.partitura.fss.ukf.sk\/index.php?rest_route=\/wp\/v2\/pages\/3163"}],"collection":[{"href":"http:\/\/www.partitura.fss.ukf.sk\/index.php?rest_route=\/wp\/v2\/pages"}],"about":[{"href":"http:\/\/www.partitura.fss.ukf.sk\/index.php?rest_route=\/wp\/v2\/types\/page"}],"author":[{"embeddable":true,"href":"http:\/\/www.partitura.fss.ukf.sk\/index.php?rest_route=\/wp\/v2\/users\/5"}],"replies":[{"embeddable":true,"href":"http:\/\/www.partitura.fss.ukf.sk\/index.php?rest_route=%2Fwp%2Fv2%2Fcomments&post=3163"}],"version-history":[{"count":3,"href":"http:\/\/www.partitura.fss.ukf.sk\/index.php?rest_route=\/wp\/v2\/pages\/3163\/revisions"}],"predecessor-version":[{"id":3173,"href":"http:\/\/www.partitura.fss.ukf.sk\/index.php?rest_route=\/wp\/v2\/pages\/3163\/revisions\/3173"}],"wp:attachment":[{"href":"http:\/\/www.partitura.fss.ukf.sk\/index.php?rest_route=%2Fwp%2Fv2%2Fmedia&parent=3163"}],"curies":[{"name":"wp","href":"https:\/\/api.w.org\/{rel}","templated":true}]}}