{"id":3167,"date":"2021-01-28T10:01:13","date_gmt":"2021-01-28T10:01:13","guid":{"rendered":"http:\/\/www.partitura.fss.ukf.sk\/?page_id=3167"},"modified":"2021-01-28T10:05:54","modified_gmt":"2021-01-28T10:05:54","slug":"szerelem-es-noi-szelfkonstrukcio-a-posztindusztrialis-korban-ferfi-szemmel-noi-szoval-polcz-alaine-egesz-lenyeddel","status":"publish","type":"page","link":"http:\/\/www.partitura.fss.ukf.sk\/?page_id=3167","title":{"rendered":"Szerelem \u00e9s n\u0151i szelfkonstrukci\u00f3 a posztindusztri\u00e1lis korban f\u00e9rfi szemmel \u2013 n\u0151i sz\u00f3val <br \/>(Polcz Alaine: Eg\u00e9sz l\u00e9nyeddel)"},"content":{"rendered":"<h3>Szegv\u00f6lgyi-P\u00f3csik Anett<\/h3>\n<p><strong><span style=\"color: #666666;\">IN:\u00a0<\/span><\/strong><span style=\"color: #666666;\">Partit\u00fara Irodalomtudom\u00e1nyi foly\u00f3irat, \u00c9vfolyam XV. \u00a0, Sz\u00e1m 1, 2020, 37-71. oldal ,\u00a0ISSN 1336-7307<\/span><\/p>\n<p><strong>DOI:\u00a0<\/strong>10.17846\/PA.2020.15.1.37-71<\/p>\n<p><strong>Absztrakt:<\/strong><\/p>\n<blockquote><p>Polcz Alaine <em>Eg\u00e9sz l\u00e9nyeddel<\/em> c\u00edm\u0171 napl\u00f3jegyzeteiben az \u00f6n\u00e9letrajzi szubjektumot f\u00e9rje elveszt\u00e9se az \u00f6nmag\u00e1val val\u00f3 szemben\u00e9z\u00e9sre k\u00e9szteti. Az&nbsp;\u00f6n\u00e9let\u00edr\u00e1s els\u0151dleges c\u00e9lja \u00e9ppen ez\u00e9rt szem\u00e9lyis\u00e9g\u00e9nek \u00fajrateremt\u00e9se, amelynek kulcs\u00e1t abban l\u00e1tja, ha megtal\u00e1lja a v\u00e1laszt a k\u00e9rd\u00e9sre: Mi a szerelem? A napl\u00f3bejegyz\u00e9sekben azt k\u00f6vethetj\u00fck nyomon, ahogyan az \u00f6n\u00e9letrajzi elbesz\u00e9l\u0151 h\u00e1zass\u00e1ga t\u00f6rt\u00e9net\u00e9t elemezve p\u00e1rbesz\u00e9dbe l\u00e9p M\u00e9sz\u00f6ly \u00edr\u00e1saival, \u00e9s az elbesz\u00e9l\u0151 meg\u00e9rt\u00e9s folyam\u00e1n, az \u00edr\u00e1s \u00e9s olvas\u00e1s aktus\u00e1ban megteremt\u0151dik narrat\u00edv azonoss\u00e1ga. A&nbsp;tanulm\u00e1ny v\u00e9g\u00e9n \u2013 Polcz m\u00f3dszer\u00e9t k\u00f6vetve \u2013 az <em>Eg\u00e9sz l\u00e9nyeddel<\/em> c\u00edm\u0171 \u00f6n\u00e9let\u00edr\u00e1snak \u00e9s M\u00e9sz\u00f6ly <em>Az&nbsp;atl\u00e9ta hal\u00e1la<\/em> c\u00edm\u0171 reg\u00e9ny\u00e9nek \u00f6sszeolvas\u00e1sa \u00e1ll, amelyhez j\u00f3 alapot biztos\u00edt, hogy mindk\u00e9t m\u0171 a n\u0151i szubjektum megteremt\u00e9s\u00e9nek lehet\u0151s\u00e9g\u00e9t kutatja korunk t\u00e1rsadalm\u00e1ban.<\/p><\/blockquote>\n<p><a href=\"http:\/\/www.partitura.fss.ukf.sk\/wp-content\/uploads\/2021\/01\/Partitura-2021-1-037-071.pdf\"><strong>Teljes sz\u00f6veg<\/strong><\/a><\/p>\n","protected":false},"excerpt":{"rendered":"<p>Szegv\u00f6lgyi-P\u00f3csik Anett IN:\u00a0Partit\u00fara Irodalomtudom\u00e1nyi foly\u00f3irat, \u00c9vfolyam XV. \u00a0, Sz\u00e1m 1, 2020, 37-71. oldal ,\u00a0ISSN 1336-7307 [&hellip;]<\/p>\n","protected":false},"author":5,"featured_media":0,"parent":0,"menu_order":0,"comment_status":"closed","ping_status":"closed","template":"","meta":[],"_links":{"self":[{"href":"http:\/\/www.partitura.fss.ukf.sk\/index.php?rest_route=\/wp\/v2\/pages\/3167"}],"collection":[{"href":"http:\/\/www.partitura.fss.ukf.sk\/index.php?rest_route=\/wp\/v2\/pages"}],"about":[{"href":"http:\/\/www.partitura.fss.ukf.sk\/index.php?rest_route=\/wp\/v2\/types\/page"}],"author":[{"embeddable":true,"href":"http:\/\/www.partitura.fss.ukf.sk\/index.php?rest_route=\/wp\/v2\/users\/5"}],"replies":[{"embeddable":true,"href":"http:\/\/www.partitura.fss.ukf.sk\/index.php?rest_route=%2Fwp%2Fv2%2Fcomments&post=3167"}],"version-history":[{"count":5,"href":"http:\/\/www.partitura.fss.ukf.sk\/index.php?rest_route=\/wp\/v2\/pages\/3167\/revisions"}],"predecessor-version":[{"id":3177,"href":"http:\/\/www.partitura.fss.ukf.sk\/index.php?rest_route=\/wp\/v2\/pages\/3167\/revisions\/3177"}],"wp:attachment":[{"href":"http:\/\/www.partitura.fss.ukf.sk\/index.php?rest_route=%2Fwp%2Fv2%2Fmedia&parent=3167"}],"curies":[{"name":"wp","href":"https:\/\/api.w.org\/{rel}","templated":true}]}}