{"id":3176,"date":"2021-01-28T10:07:36","date_gmt":"2021-01-28T10:07:36","guid":{"rendered":"http:\/\/www.partitura.fss.ukf.sk\/?page_id=3176"},"modified":"2021-01-28T10:07:36","modified_gmt":"2021-01-28T10:07:36","slug":"maganuniverzumok-iii-remego-fenyek-a-keleti-egentrenka-csaba-gabor-place-rimbaud-vs-la-grande-image","status":"publish","type":"page","link":"http:\/\/www.partitura.fss.ukf.sk\/?page_id=3176","title":{"rendered":"Mag\u00e1nuniverzumok III. Remeg\u0151 f\u00e9nyek a keleti \u00e9gen<br \/>(Trenka Csaba G\u00e1bor: <em>Place Rimbaud vs. La Grande Image<\/em>)"},"content":{"rendered":"<h3>Baka L. Patrik<\/h3>\n<p><strong><span style=\"color: #666666;\">IN:\u00a0<\/span><\/strong><span style=\"color: #666666;\">Partit\u00fara Irodalomtudom\u00e1nyi foly\u00f3irat, \u00c9vfolyam XV. \u00a0, Sz\u00e1m 1, 2020, 73-100. oldal ,\u00a0ISSN 1336-7307<\/span><\/p>\n<p><strong>DOI:\u00a0<\/strong>10.17846\/PA.2020.15.1.73-100<\/p>\n<p><strong>Absztrakt:<\/strong><\/p>\n<blockquote><p>A&nbsp;tanulm\u00e1ny Trenka Csaba G\u00e1bor <em>Place Rimbaud<\/em> \u00e9s <em>La Grande Image<\/em> c\u00edm\u0171 alternat\u00edv t\u00f6rt\u00e9nelmi reg\u00e9nyeinek komparat\u00edv elemz\u00e9s\u00e9t v\u00e9gzi el. A&nbsp;munka sz\u00f6vegcentrikus \u00e9s interdiszciplin\u00e1ris f\u00f3kusz\u00fa, az anal\u00edzis pedig nagy hangs\u00falyt fektet a m\u0171vek kontrafaktu\u00e1lis jellemz\u0151ire, m\u0171faj- \u00e9s m\u00e9diumk\u00f6zi viszonyaira. A&nbsp;vil\u00e1g\u00e9p\u00edt\u00e9s t\u00f6rt\u00e9nelmi, politikai \u00e9s szoci\u00e1lis \u00e1thall\u00e1sain t\u00fal vizsg\u00e1lja a sz\u00f6vegek vallom\u00e1soss\u00e1g\u00e1t, \u00f6nreflexi\u00f3it, intertextu\u00e1lis kapcsol\u00e1sait \u00e9s hat\u00e1r\u00e1tl\u00e9p\u00e9seit, mindezt a l\u00edrai pr\u00f3zanyelv h\u00e1ttere el\u0151tt.<\/p><\/blockquote>\n<p><a href=\"http:\/\/www.partitura.fss.ukf.sk\/wp-content\/uploads\/2021\/01\/Partitura-2021-1-073-100.pdf\"><strong>Teljes sz\u00f6veg<\/strong><\/a><\/p>\n","protected":false},"excerpt":{"rendered":"<p>Baka L. Patrik IN:\u00a0Partit\u00fara Irodalomtudom\u00e1nyi foly\u00f3irat, \u00c9vfolyam XV. \u00a0, Sz\u00e1m 1, 2020, 73-100. oldal ,\u00a0ISSN [&hellip;]<\/p>\n","protected":false},"author":5,"featured_media":0,"parent":0,"menu_order":0,"comment_status":"closed","ping_status":"closed","template":"","meta":[],"_links":{"self":[{"href":"http:\/\/www.partitura.fss.ukf.sk\/index.php?rest_route=\/wp\/v2\/pages\/3176"}],"collection":[{"href":"http:\/\/www.partitura.fss.ukf.sk\/index.php?rest_route=\/wp\/v2\/pages"}],"about":[{"href":"http:\/\/www.partitura.fss.ukf.sk\/index.php?rest_route=\/wp\/v2\/types\/page"}],"author":[{"embeddable":true,"href":"http:\/\/www.partitura.fss.ukf.sk\/index.php?rest_route=\/wp\/v2\/users\/5"}],"replies":[{"embeddable":true,"href":"http:\/\/www.partitura.fss.ukf.sk\/index.php?rest_route=%2Fwp%2Fv2%2Fcomments&post=3176"}],"version-history":[{"count":1,"href":"http:\/\/www.partitura.fss.ukf.sk\/index.php?rest_route=\/wp\/v2\/pages\/3176\/revisions"}],"predecessor-version":[{"id":3178,"href":"http:\/\/www.partitura.fss.ukf.sk\/index.php?rest_route=\/wp\/v2\/pages\/3176\/revisions\/3178"}],"wp:attachment":[{"href":"http:\/\/www.partitura.fss.ukf.sk\/index.php?rest_route=%2Fwp%2Fv2%2Fmedia&parent=3176"}],"curies":[{"name":"wp","href":"https:\/\/api.w.org\/{rel}","templated":true}]}}