{"id":3184,"date":"2021-01-28T10:24:25","date_gmt":"2021-01-28T10:24:25","guid":{"rendered":"http:\/\/www.partitura.fss.ukf.sk\/?page_id=3184"},"modified":"2023-04-26T07:52:44","modified_gmt":"2023-04-26T07:52:44","slug":"zarda-es-katona-avagy-kaffka-margit-es-ottlik-geza-iskola-ja-2","status":"publish","type":"page","link":"http:\/\/www.partitura.fss.ukf.sk\/?page_id=3184","title":{"rendered":"Z\u00e1rda \u00e9s katona \u2013 avagy Kaffka Margit \u00e9s Ottlik G\u00e9za \u2019iskol\u00e1\u2019-ja"},"content":{"rendered":"<h3>Zsuzsa Horv\u00e1th<\/h3>\n<p><strong><span style=\"color: #666666;\">IN:\u00a0<\/span><\/strong><span style=\"color: #666666;\">Partit\u00fara Irodalomtudom\u00e1nyi foly\u00f3irat, Volume XV. \u00a0, Issue 1, 2020, p. 19-35.,\u00a0ISSN 1336-7307<\/span><\/p>\n<p><strong>DOI:\u00a0<\/strong>10.17846\/PA.2020.15.1.19-35<\/p>\n<p><strong>Abstract:<\/strong><\/p>\n<blockquote><p>Expanding the concept of the chronotope of Bakhtin, the study attempts to describe the spacetime of the school &#8211; the convent and the military school &#8211; by presenting a characteristic spatial and temporal experience that is partly similar and partly different. The&nbsp;two texts examined from a spatial\/ space poetics point of view. In&nbsp;the study she focuses on the novels Hangyaboly \u2013 1917 \u2013 (The Ant Heap) by Margit Kaffka and Iskola a hat\u00e1ron \u2013 1959 \u2013 (School at the Frontier) by Ottlik G\u00e9za. The&nbsp;analysis deals with the concept of freedom, the hierarchy, the rules, the identity and identity born of the undertaken identity and the internal independence. According to the conclusion of the study, the chronotope of the convent school, which is already appearing at Kaffka, can be interpreted as an analogue of the space-time unfolding in Ottlik in its complexity.<\/p><\/blockquote>\n<p><strong>Keywords:<\/strong>  space poetics, chronotope, school, close(ness), experience of space, experience of time<\/p>\n<p><a href=\"http:\/\/www.partitura.fss.ukf.sk\/wp-content\/uploads\/2021\/01\/Partitura-2021-1-019-035.pdf\"><strong>Whole issue<\/strong><\/a><\/p>\n","protected":false},"excerpt":{"rendered":"<p>Zsuzsa Horv\u00e1th IN:\u00a0Partit\u00fara Irodalomtudom\u00e1nyi foly\u00f3irat, Volume XV. \u00a0, Issue 1, 2020, p. 19-35.,\u00a0ISSN 1336-7307 DOI:\u00a010.17846\/PA.2020.15.1.19-35 [&hellip;]<\/p>\n","protected":false},"author":5,"featured_media":0,"parent":0,"menu_order":0,"comment_status":"closed","ping_status":"closed","template":"","meta":[],"_links":{"self":[{"href":"http:\/\/www.partitura.fss.ukf.sk\/index.php?rest_route=\/wp\/v2\/pages\/3184"}],"collection":[{"href":"http:\/\/www.partitura.fss.ukf.sk\/index.php?rest_route=\/wp\/v2\/pages"}],"about":[{"href":"http:\/\/www.partitura.fss.ukf.sk\/index.php?rest_route=\/wp\/v2\/types\/page"}],"author":[{"embeddable":true,"href":"http:\/\/www.partitura.fss.ukf.sk\/index.php?rest_route=\/wp\/v2\/users\/5"}],"replies":[{"embeddable":true,"href":"http:\/\/www.partitura.fss.ukf.sk\/index.php?rest_route=%2Fwp%2Fv2%2Fcomments&post=3184"}],"version-history":[{"count":4,"href":"http:\/\/www.partitura.fss.ukf.sk\/index.php?rest_route=\/wp\/v2\/pages\/3184\/revisions"}],"predecessor-version":[{"id":3662,"href":"http:\/\/www.partitura.fss.ukf.sk\/index.php?rest_route=\/wp\/v2\/pages\/3184\/revisions\/3662"}],"wp:attachment":[{"href":"http:\/\/www.partitura.fss.ukf.sk\/index.php?rest_route=%2Fwp%2Fv2%2Fmedia&parent=3184"}],"curies":[{"name":"wp","href":"https:\/\/api.w.org\/{rel}","templated":true}]}}