{"id":3212,"date":"2021-04-07T10:09:51","date_gmt":"2021-04-07T10:09:51","guid":{"rendered":"http:\/\/www.partitura.fss.ukf.sk\/?page_id=3212"},"modified":"2021-04-07T10:12:40","modified_gmt":"2021-04-07T10:12:40","slug":"intermedialitas-a-babszinhazban","status":"publish","type":"page","link":"http:\/\/www.partitura.fss.ukf.sk\/?page_id=3212","title":{"rendered":"Intermedialit\u00e1s a b\u00e1bsz\u00ednh\u00e1zban"},"content":{"rendered":"<h3>N. T\u00f3th Anik\u00f3<\/h3>\n<p><strong><span style=\"color: #666666;\">IN:\u00a0<\/span><\/strong><span style=\"color: #666666;\">Partit\u00fara Irodalomtudom\u00e1nyi foly\u00f3irat, \u00c9vfolyam XV. \u00a0, Sz\u00e1m 2, 2020, 15-30. oldal ,\u00a0ISSN 1336-7307<\/span><\/p>\n<p><strong>DOI:\u00a0<\/strong>10.17846\/PA.2020.15.2.15-30<\/p>\n<p><strong>Absztrakt:<\/strong><\/p>\n<blockquote><p>A tanulm\u00e1ny az intermedialit\u00e1s jelens\u00e9g\u00e9re f\u00f3kusz\u00e1l b\u00e1bsz\u00ednh\u00e1zi keretben. Az elm\u00e9leti felvezet\u0151ben kit\u00e9r a m\u00e9diumok k\u00f6lcs\u00f6nviszonyainak k\u00fcl\u00f6nb\u00f6z\u0151 form\u00e1ira, illetve a b\u00e1bsz\u00ednh\u00e1zi m\u00e9diaspecifikuss\u00e1g k\u00e9rd\u00e9s\u00e9re. A tanulm\u00e1ny tov\u00e1bbi r\u00e9sze az Am\u00e1lia c. b\u00e1bsz\u00ednh\u00e1zi el\u0151ad\u00e1s elemz\u00e9s\u00e9t foglalja mag\u00e1ban, melyben helyet kap a pretextusok \u00e9s a sz\u00f6vegk\u00f6nyv interpret\u00e1ci\u00f3ja csak\u00fagy, mint a sz\u00ednpadi produkci\u00f3ban megk\u00e9pz\u0151d\u0151 medi\u00e1lis interakci\u00f3 vizsg\u00e1lata.<\/p><\/blockquote>\n<p><a href=\"http:\/\/www.partitura.fss.ukf.sk\/wp-content\/uploads\/2021\/04\/Partitura-2020-2-015-030.pdf\"><strong>Teljes sz\u00f6veg<\/strong><\/a><\/p>\n","protected":false},"excerpt":{"rendered":"<p>N. T\u00f3th Anik\u00f3 IN:\u00a0Partit\u00fara Irodalomtudom\u00e1nyi foly\u00f3irat, \u00c9vfolyam XV. \u00a0, Sz\u00e1m 2, 2020, 15-30. oldal ,\u00a0ISSN [&hellip;]<\/p>\n","protected":false},"author":5,"featured_media":0,"parent":0,"menu_order":0,"comment_status":"closed","ping_status":"closed","template":"","meta":[],"_links":{"self":[{"href":"http:\/\/www.partitura.fss.ukf.sk\/index.php?rest_route=\/wp\/v2\/pages\/3212"}],"collection":[{"href":"http:\/\/www.partitura.fss.ukf.sk\/index.php?rest_route=\/wp\/v2\/pages"}],"about":[{"href":"http:\/\/www.partitura.fss.ukf.sk\/index.php?rest_route=\/wp\/v2\/types\/page"}],"author":[{"embeddable":true,"href":"http:\/\/www.partitura.fss.ukf.sk\/index.php?rest_route=\/wp\/v2\/users\/5"}],"replies":[{"embeddable":true,"href":"http:\/\/www.partitura.fss.ukf.sk\/index.php?rest_route=%2Fwp%2Fv2%2Fcomments&post=3212"}],"version-history":[{"count":3,"href":"http:\/\/www.partitura.fss.ukf.sk\/index.php?rest_route=\/wp\/v2\/pages\/3212\/revisions"}],"predecessor-version":[{"id":3216,"href":"http:\/\/www.partitura.fss.ukf.sk\/index.php?rest_route=\/wp\/v2\/pages\/3212\/revisions\/3216"}],"wp:attachment":[{"href":"http:\/\/www.partitura.fss.ukf.sk\/index.php?rest_route=%2Fwp%2Fv2%2Fmedia&parent=3212"}],"curies":[{"name":"wp","href":"https:\/\/api.w.org\/{rel}","templated":true}]}}