{"id":3228,"date":"2021-04-07T10:32:16","date_gmt":"2021-04-07T10:32:16","guid":{"rendered":"http:\/\/www.partitura.fss.ukf.sk\/?page_id=3228"},"modified":"2021-04-07T10:32:41","modified_gmt":"2021-04-07T10:32:41","slug":"torzult-arnyekos-osvenyen-sepsi-laszlo-ordogcsapas","status":"publish","type":"page","link":"http:\/\/www.partitura.fss.ukf.sk\/?page_id=3228","title":{"rendered":"Torzult, \u00e1rny\u00e9kos \u00f6sv\u00e9nyen. <br \/>Sepsi L\u00e1szl\u00f3: \u00d6rd\u00f6gcsap\u00e1s"},"content":{"rendered":"<h3>Baka L. Patrik<\/h3>\n<p><strong><span style=\"color: #666666;\">IN:\u00a0<\/span><\/strong><span style=\"color: #666666;\">Partit\u00fara Irodalomtudom\u00e1nyi foly\u00f3irat, \u00c9vfolyam XV. \u00a0, Sz\u00e1m 2, 2020, 63-76. oldal ,\u00a0ISSN 1336-7307<\/span><\/p>\n<p><strong>DOI:\u00a0<\/strong>10.17846\/PA.2020.15.2.63-76<\/p>\n<p><strong>Absztrakt:<\/strong><\/p>\n<blockquote><p>Jelen dolgozat Sepsi L\u00e1szl\u00f3 \u00d6rd\u00f6gcsap\u00e1s c\u00edm\u0171 ifj\u00fas\u00e1gi reg\u00e9ny\u00e9nek vil\u00e1g- \u00e9s karakter\u00e9p\u00edt\u00e9s\u00e9re, valamint po\u00e9tikai megold\u00e1saira koncentr\u00e1l. Ugyancsak vizsg\u00e1lja a m\u0171 pretextusaihoz \u00e9s egy\u00e9b, irodalmi \u00e9s m\u00e1s medi\u00e1lis k\u00f6zegekb\u0151l sz\u00e1rmaz\u00f3 alkot\u00e1sokhoz f\u0171z\u0151d\u0151 kapcsolatait, \u00f6nreflexi\u00f3it, fantasztikus \u00e9s young adult jelleg\u00e9t, s t\u00e1rsadalomkritikai felhangjait is. Sepsi m\u0171ve semmilyen \u00e9rtelemben sem sz\u00e9p\u00edt, hanem k\u00f6z\u00e9pkelet-eur\u00f3pai vil\u00e1g\u00e1nak meghat\u00e1rozhatatlan \u00e9s kil\u00e1t\u00e1stalan h\u00e1ttere el\u0151tt a maguk szik\u00e1rs\u00e1g\u00e1ban t\u00e1rgyalja (nem is csak) a fiatalok probl\u00e9m\u00e1it.<\/p><\/blockquote>\n<p><a href=\"http:\/\/www.partitura.fss.ukf.sk\/wp-content\/uploads\/2021\/04\/Partitura-2020-2-063-076.pdf\"><strong>Teljes sz\u00f6veg<\/strong><\/a><\/p>\n","protected":false},"excerpt":{"rendered":"<p>Baka L. Patrik IN:\u00a0Partit\u00fara Irodalomtudom\u00e1nyi foly\u00f3irat, \u00c9vfolyam XV. \u00a0, Sz\u00e1m 2, 2020, 63-76. oldal ,\u00a0ISSN [&hellip;]<\/p>\n","protected":false},"author":5,"featured_media":0,"parent":0,"menu_order":0,"comment_status":"closed","ping_status":"closed","template":"","meta":[],"_links":{"self":[{"href":"http:\/\/www.partitura.fss.ukf.sk\/index.php?rest_route=\/wp\/v2\/pages\/3228"}],"collection":[{"href":"http:\/\/www.partitura.fss.ukf.sk\/index.php?rest_route=\/wp\/v2\/pages"}],"about":[{"href":"http:\/\/www.partitura.fss.ukf.sk\/index.php?rest_route=\/wp\/v2\/types\/page"}],"author":[{"embeddable":true,"href":"http:\/\/www.partitura.fss.ukf.sk\/index.php?rest_route=\/wp\/v2\/users\/5"}],"replies":[{"embeddable":true,"href":"http:\/\/www.partitura.fss.ukf.sk\/index.php?rest_route=%2Fwp%2Fv2%2Fcomments&post=3228"}],"version-history":[{"count":2,"href":"http:\/\/www.partitura.fss.ukf.sk\/index.php?rest_route=\/wp\/v2\/pages\/3228\/revisions"}],"predecessor-version":[{"id":3233,"href":"http:\/\/www.partitura.fss.ukf.sk\/index.php?rest_route=\/wp\/v2\/pages\/3228\/revisions\/3233"}],"wp:attachment":[{"href":"http:\/\/www.partitura.fss.ukf.sk\/index.php?rest_route=%2Fwp%2Fv2%2Fmedia&parent=3228"}],"curies":[{"name":"wp","href":"https:\/\/api.w.org\/{rel}","templated":true}]}}