{"id":3232,"date":"2021-04-07T10:36:49","date_gmt":"2021-04-07T10:36:49","guid":{"rendered":"http:\/\/www.partitura.fss.ukf.sk\/?page_id=3232"},"modified":"2021-04-07T10:36:49","modified_gmt":"2021-04-07T10:36:49","slug":"a-slam-poetry-mint-mufaj-es-vagy-medium","status":"publish","type":"page","link":"http:\/\/www.partitura.fss.ukf.sk\/?page_id=3232","title":{"rendered":"A slam poetry mint m\u0171faj \u00e9s\/vagy m\u00e9dium"},"content":{"rendered":"<h3>M\u00e9sz\u00e1ros M\u00e1rton<\/h3>\n<p><strong><span style=\"color: #666666;\">IN:\u00a0<\/span><\/strong><span style=\"color: #666666;\">Partit\u00fara Irodalomtudom\u00e1nyi foly\u00f3irat, \u00c9vfolyam XV. \u00a0, Sz\u00e1m 2, 2020, 77-88. oldal ,\u00a0ISSN 1336-7307<\/span><\/p>\n<p><strong>DOI:\u00a0<\/strong>10.17846\/PA.2020.15.2.77-88<\/p>\n<p><strong>Absztrakt:<\/strong><\/p>\n<blockquote><p>A slam poetry mint \u00f6sszetett kultur\u00e1lis jelens\u00e9g eredend\u0151en \u00e9s reduk\u00e1lhatatlanul heteromedi\u00e1lis, ez\u00e9rt ellen\u00e1ll \u2013 az egy\u00e9bk\u00e9nt is probl\u00e9m\u00e1s \u2013 m\u0171nemi, m\u0171faji taxon\u00f3mi\u00e1knak. A slam poetryben mint heteromedi\u00e1lis kultur\u00e1lis jeles\u00e9gben felt\u0171n\u0151en nagy szerephez jutnak az olyan archaikus elemek, amelyeket a szakirodalom sokkal ink\u00e1bb az els\u0151dleges sz\u00f3beli kult\u00far\u00e1k saj\u00e1toss\u00e1gak\u00e9nt szokott eml\u00edteni. A sz\u00f6veg azt is vizsg\u00e1lja, hogyan v\u00e1ltozik a szerz\u0151, a m\u0171 \u00e9s a k\u00f6z\u00f6ns\u00e9g viszonya a 21. sz\u00e1zad medi\u00e1lis viszonyai k\u00f6z\u00f6tt.<\/p><\/blockquote>\n<p><a href=\"http:\/\/www.partitura.fss.ukf.sk\/wp-content\/uploads\/2021\/04\/Partitura-2020-2-077-088.pdf\"><strong>Teljes sz\u00f6veg<\/strong><\/a><\/p>\n","protected":false},"excerpt":{"rendered":"<p>M\u00e9sz\u00e1ros M\u00e1rton IN:\u00a0Partit\u00fara Irodalomtudom\u00e1nyi foly\u00f3irat, \u00c9vfolyam XV. \u00a0, Sz\u00e1m 2, 2020, 77-88. oldal ,\u00a0ISSN 1336-7307 [&hellip;]<\/p>\n","protected":false},"author":5,"featured_media":0,"parent":0,"menu_order":0,"comment_status":"closed","ping_status":"closed","template":"","meta":[],"_links":{"self":[{"href":"http:\/\/www.partitura.fss.ukf.sk\/index.php?rest_route=\/wp\/v2\/pages\/3232"}],"collection":[{"href":"http:\/\/www.partitura.fss.ukf.sk\/index.php?rest_route=\/wp\/v2\/pages"}],"about":[{"href":"http:\/\/www.partitura.fss.ukf.sk\/index.php?rest_route=\/wp\/v2\/types\/page"}],"author":[{"embeddable":true,"href":"http:\/\/www.partitura.fss.ukf.sk\/index.php?rest_route=\/wp\/v2\/users\/5"}],"replies":[{"embeddable":true,"href":"http:\/\/www.partitura.fss.ukf.sk\/index.php?rest_route=%2Fwp%2Fv2%2Fcomments&post=3232"}],"version-history":[{"count":2,"href":"http:\/\/www.partitura.fss.ukf.sk\/index.php?rest_route=\/wp\/v2\/pages\/3232\/revisions"}],"predecessor-version":[{"id":3239,"href":"http:\/\/www.partitura.fss.ukf.sk\/index.php?rest_route=\/wp\/v2\/pages\/3232\/revisions\/3239"}],"wp:attachment":[{"href":"http:\/\/www.partitura.fss.ukf.sk\/index.php?rest_route=%2Fwp%2Fv2%2Fmedia&parent=3232"}],"curies":[{"name":"wp","href":"https:\/\/api.w.org\/{rel}","templated":true}]}}