{"id":3238,"date":"2021-04-07T10:43:07","date_gmt":"2021-04-07T10:43:07","guid":{"rendered":"http:\/\/www.partitura.fss.ukf.sk\/?page_id=3238"},"modified":"2021-04-07T10:43:07","modified_gmt":"2021-04-07T10:43:07","slug":"az-ejszaka-csodai-mint-a-hajnali-reszegseg-karnevali-atirata","status":"publish","type":"page","link":"http:\/\/www.partitura.fss.ukf.sk\/?page_id=3238","title":{"rendered":"<em>Az \u00e9jszaka csod\u00e1i<\/em> mint a <em>Hajnali r\u00e9szegs\u00e9g<\/em> karnev\u00e1li \u00e1tirata"},"content":{"rendered":"<h3>Papp \u00c1gnes Kl\u00e1ra<\/h3>\n<p><strong><span style=\"color: #666666;\">IN:\u00a0<\/span><\/strong><span style=\"color: #666666;\">Partit\u00fara Irodalomtudom\u00e1nyi foly\u00f3irat, \u00c9vfolyam XV. \u00a0, Sz\u00e1m 2, 2020, 89-100. oldal ,\u00a0ISSN 1336-7307<\/span><\/p>\n<p><strong>DOI:\u00a0<\/strong>10.17846\/PA.2020.15.2.89-100<\/p>\n<p><strong>Absztrakt:<\/strong><\/p>\n<blockquote><p>A tanulm\u00e1ny We\u00f6res S\u00e1ndor k\u00f6lt\u00e9szet\u00e9nek egy ar\u00e1nylag ritk\u00e1n vizsg\u00e1ltaspektus\u00e1val foglalkozik: a karnev\u00e1li groteszk von\u00e1saival, m\u00e9ghozz\u00e1 egyetlen vers, Az \u00e9jszaka csod\u00e1i kapcs\u00e1n. A m\u0171vet az teszi erre k\u00fcl\u00f6n\u00f6sen alkalmass\u00e1, hogy felfoghat\u00f3 Kosztol\u00e1nyi Hajnali r\u00e9szegs\u00e9g\u00e9nek karnev\u00e1li, groteszk parafr\u00e1zisak\u00e9nt is. Az \u00f6sszehasonl\u00edt\u00f3 elemz\u00e9s \u00e9pp ez\u00e9rt arra is alkalmas, hogy demonstr\u00e1lja, mit is jelent a karnev\u00e1l szubjektumfelfog\u00e1sa, id\u0151tapasztalata, \u00e9rt\u00e9krendje a moderns\u00e9g vil\u00e1gl\u00e1t\u00e1s\u00e1val szembes\u00edtve.<\/p><\/blockquote>\n<p><a href=\"http:\/\/www.partitura.fss.ukf.sk\/wp-content\/uploads\/2021\/04\/Partitura-2020-2-089-100.pdf\"><strong>Teljes sz\u00f6veg<\/strong><\/a><\/p>\n","protected":false},"excerpt":{"rendered":"<p>Papp \u00c1gnes Kl\u00e1ra IN:\u00a0Partit\u00fara Irodalomtudom\u00e1nyi foly\u00f3irat, \u00c9vfolyam XV. \u00a0, Sz\u00e1m 2, 2020, 89-100. oldal ,\u00a0ISSN [&hellip;]<\/p>\n","protected":false},"author":5,"featured_media":0,"parent":0,"menu_order":0,"comment_status":"closed","ping_status":"closed","template":"","meta":[],"_links":{"self":[{"href":"http:\/\/www.partitura.fss.ukf.sk\/index.php?rest_route=\/wp\/v2\/pages\/3238"}],"collection":[{"href":"http:\/\/www.partitura.fss.ukf.sk\/index.php?rest_route=\/wp\/v2\/pages"}],"about":[{"href":"http:\/\/www.partitura.fss.ukf.sk\/index.php?rest_route=\/wp\/v2\/types\/page"}],"author":[{"embeddable":true,"href":"http:\/\/www.partitura.fss.ukf.sk\/index.php?rest_route=\/wp\/v2\/users\/5"}],"replies":[{"embeddable":true,"href":"http:\/\/www.partitura.fss.ukf.sk\/index.php?rest_route=%2Fwp%2Fv2%2Fcomments&post=3238"}],"version-history":[{"count":1,"href":"http:\/\/www.partitura.fss.ukf.sk\/index.php?rest_route=\/wp\/v2\/pages\/3238\/revisions"}],"predecessor-version":[{"id":3240,"href":"http:\/\/www.partitura.fss.ukf.sk\/index.php?rest_route=\/wp\/v2\/pages\/3238\/revisions\/3240"}],"wp:attachment":[{"href":"http:\/\/www.partitura.fss.ukf.sk\/index.php?rest_route=%2Fwp%2Fv2%2Fmedia&parent=3238"}],"curies":[{"name":"wp","href":"https:\/\/api.w.org\/{rel}","templated":true}]}}