{"id":3268,"date":"2021-04-07T11:17:59","date_gmt":"2021-04-07T11:17:59","guid":{"rendered":"http:\/\/www.partitura.fss.ukf.sk\/?page_id=3268"},"modified":"2023-04-26T07:47:51","modified_gmt":"2023-04-26T07:47:51","slug":"a-slam-poetry-mint-mufaj-es-vagy-medium-2","status":"publish","type":"page","link":"http:\/\/www.partitura.fss.ukf.sk\/?page_id=3268","title":{"rendered":"A slam poetry mint m\u0171faj \u00e9s\/vagy m\u00e9dium"},"content":{"rendered":"<h3>M\u00e1rton M\u00e9sz\u00e1ros<\/h3>\n<p><strong><span style=\"color: #666666;\">IN:\u00a0<\/span><\/strong><span style=\"color: #666666;\">Partit\u00fara Irodalomtudom\u00e1nyi foly\u00f3irat, Volume XV. \u00a0, Issue 2, 2020, p. 77-88.,\u00a0ISSN 1336-7307<\/span><\/p>\n<p><strong>DOI:\u00a0<\/strong>10.17846\/PA.2020.15.2.77-88<\/p>\n<p><strong>Abstract:<\/strong><\/p>\n<blockquote><p>The study examines slam poetry from a medial perspective. From this perspective, slam poetry is a heteromedial phenomenon that resists all taxonomic classifications, but effectively applies the cultural techniques of primary orality. The text also examines how the relationship between the author, the work and the audience changes in the media relations of the 21st century.<\/p><\/blockquote>\n<p><strong>Keywords:<\/strong> slam poetry, medium, primary orality, Walter J. Ong, Thienemann Tivadar<\/p>\n<p><a href=\"http:\/\/www.partitura.fss.ukf.sk\/wp-content\/uploads\/2021\/04\/Partitura-2020-2-077-088.pdf\"><strong>Whole issue<\/strong><\/a><\/p>\n","protected":false},"excerpt":{"rendered":"<p>M\u00e1rton M\u00e9sz\u00e1ros IN:\u00a0Partit\u00fara Irodalomtudom\u00e1nyi foly\u00f3irat, Volume XV. \u00a0, Issue 2, 2020, p. 77-88.,\u00a0ISSN 1336-7307 DOI:\u00a010.17846\/PA.2020.15.2.77-88 [&hellip;]<\/p>\n","protected":false},"author":5,"featured_media":0,"parent":0,"menu_order":0,"comment_status":"closed","ping_status":"closed","template":"","meta":[],"_links":{"self":[{"href":"http:\/\/www.partitura.fss.ukf.sk\/index.php?rest_route=\/wp\/v2\/pages\/3268"}],"collection":[{"href":"http:\/\/www.partitura.fss.ukf.sk\/index.php?rest_route=\/wp\/v2\/pages"}],"about":[{"href":"http:\/\/www.partitura.fss.ukf.sk\/index.php?rest_route=\/wp\/v2\/types\/page"}],"author":[{"embeddable":true,"href":"http:\/\/www.partitura.fss.ukf.sk\/index.php?rest_route=\/wp\/v2\/users\/5"}],"replies":[{"embeddable":true,"href":"http:\/\/www.partitura.fss.ukf.sk\/index.php?rest_route=%2Fwp%2Fv2%2Fcomments&post=3268"}],"version-history":[{"count":4,"href":"http:\/\/www.partitura.fss.ukf.sk\/index.php?rest_route=\/wp\/v2\/pages\/3268\/revisions"}],"predecessor-version":[{"id":3654,"href":"http:\/\/www.partitura.fss.ukf.sk\/index.php?rest_route=\/wp\/v2\/pages\/3268\/revisions\/3654"}],"wp:attachment":[{"href":"http:\/\/www.partitura.fss.ukf.sk\/index.php?rest_route=%2Fwp%2Fv2%2Fmedia&parent=3268"}],"curies":[{"name":"wp","href":"https:\/\/api.w.org\/{rel}","templated":true}]}}