{"id":3272,"date":"2021-04-07T11:20:31","date_gmt":"2021-04-07T11:20:31","guid":{"rendered":"http:\/\/www.partitura.fss.ukf.sk\/?page_id=3272"},"modified":"2023-04-26T07:48:11","modified_gmt":"2023-04-26T07:48:11","slug":"az-ejszaka-csodai-mint-a-hajnali-reszegseg-karnevali-atirata-2","status":"publish","type":"page","link":"http:\/\/www.partitura.fss.ukf.sk\/?page_id=3272","title":{"rendered":"<em>Az \u00e9jszaka csod\u00e1i<\/em> mint a <em>Hajnali r\u00e9szegs\u00e9g<\/em> karnev\u00e1li \u00e1tirata"},"content":{"rendered":"<h3>\u00c1gnes Kl\u00e1ra Papp<\/h3>\n<p><strong><span style=\"color: #666666;\">IN:\u00a0<\/span><\/strong><span style=\"color: #666666;\">Partit\u00fara Irodalomtudom\u00e1nyi foly\u00f3irat, Volume XV. \u00a0, Issue 2, 2020, p. 89-100.,\u00a0ISSN 1336-7307<\/span><\/p>\n<p><strong>DOI:\u00a0<\/strong>10.17846\/PA.2020.15.2.89-100<\/p>\n<p><strong>Abstract:<\/strong><\/p>\n<blockquote><p>This paper discusses a neglected aspect of S\u00e1ndor We\u00f6res\u2019s work, its carnivalesque, grotesque motifs as exemplified by one of his poems. This piece of poetry is all the more suitable for this kind of interpretation as it can be considered the carnivalesque paraphrase of Dezs\u0151 Kosztol\u00e1nyi\u2019s \u201eHajnali r\u00e9szegs\u00e9g\u201d (\u201cDaybreak drunkenness\u201d). Therefore such a comparative study can also elucidate carnival\u2019s perception of the subject, time and the world, and contrast it with modernity\u2019s approach.<\/p><\/blockquote>\n<p><strong>Keywords:<\/strong> Mikhail Bakhtin, carnival, grotesque, modernity<\/p>\n<p><a href=\"http:\/\/www.partitura.fss.ukf.sk\/wp-content\/uploads\/2021\/04\/Partitura-2020-2-089-100.pdf\"><strong>Whole issue<\/strong><\/a><\/p>\n","protected":false},"excerpt":{"rendered":"<p>\u00c1gnes Kl\u00e1ra Papp IN:\u00a0Partit\u00fara Irodalomtudom\u00e1nyi foly\u00f3irat, Volume XV. \u00a0, Issue 2, 2020, p. 89-100.,\u00a0ISSN 1336-7307 [&hellip;]<\/p>\n","protected":false},"author":5,"featured_media":0,"parent":0,"menu_order":0,"comment_status":"closed","ping_status":"closed","template":"","meta":[],"_links":{"self":[{"href":"http:\/\/www.partitura.fss.ukf.sk\/index.php?rest_route=\/wp\/v2\/pages\/3272"}],"collection":[{"href":"http:\/\/www.partitura.fss.ukf.sk\/index.php?rest_route=\/wp\/v2\/pages"}],"about":[{"href":"http:\/\/www.partitura.fss.ukf.sk\/index.php?rest_route=\/wp\/v2\/types\/page"}],"author":[{"embeddable":true,"href":"http:\/\/www.partitura.fss.ukf.sk\/index.php?rest_route=\/wp\/v2\/users\/5"}],"replies":[{"embeddable":true,"href":"http:\/\/www.partitura.fss.ukf.sk\/index.php?rest_route=%2Fwp%2Fv2%2Fcomments&post=3272"}],"version-history":[{"count":3,"href":"http:\/\/www.partitura.fss.ukf.sk\/index.php?rest_route=\/wp\/v2\/pages\/3272\/revisions"}],"predecessor-version":[{"id":3656,"href":"http:\/\/www.partitura.fss.ukf.sk\/index.php?rest_route=\/wp\/v2\/pages\/3272\/revisions\/3656"}],"wp:attachment":[{"href":"http:\/\/www.partitura.fss.ukf.sk\/index.php?rest_route=%2Fwp%2Fv2%2Fmedia&parent=3272"}],"curies":[{"name":"wp","href":"https:\/\/api.w.org\/{rel}","templated":true}]}}