{"id":3284,"date":"2022-03-31T08:00:33","date_gmt":"2022-03-31T08:00:33","guid":{"rendered":"http:\/\/www.partitura.fss.ukf.sk\/?page_id=3284"},"modified":"2023-04-25T05:45:18","modified_gmt":"2023-04-25T05:45:18","slug":"hogyan-irjunk-transzkulturalis-irodalomtortenetet","status":"publish","type":"page","link":"http:\/\/www.partitura.fss.ukf.sk\/?page_id=3284","title":{"rendered":"Hogyan \u00edrjunk transzkultur\u00e1lis irodalomt\u00f6rt\u00e9netet?"},"content":{"rendered":"<h3>N\u00e9meth Zolt\u00e1n<\/h3>\n<p><strong><span style=\"color: #666666;\">IN:\u00a0<\/span><\/strong><span style=\"color: #666666;\">Partit\u00fara Irodalomtudom\u00e1nyi foly\u00f3irat, \u00c9vfolyam XVI. , Sz\u00e1m 1, 2020, 3-12. oldal ,\u00a0ISSN 1336-7307<\/span><\/p>\n<p><strong>DOI:\u00a0<\/strong>10.17846\/PA.2021.16.1.3-12<\/p>\n<p><strong>Absztrakt:<\/strong><\/p>\n<blockquote><p>Az ut\u00f3bbi \u00e9vtizedek egyik meghat\u00e1roz\u00f3 irodalomelm\u00e9leti diskurzusa a&nbsp;transzkulturalizmus jelens\u00e9g\u00e9hez k\u00f6thet\u0151, k\u00f6zponti fogalmai a&nbsp;migr\u00e1ci\u00f3, a&nbsp;globalizmus, a&nbsp;t\u00f6bbnyelv\u0171s\u00e9g \u00e9s&nbsp;a&nbsp;t\u00f6bbes identit\u00e1s. A&nbsp;tanulm\u00e1ny azzal a&nbsp;k\u00e9rd\u00e9ssel foglalkozik, hogy vajon a&nbsp;transzkulturalizmus elm\u00e9leti kerete csak az&nbsp;ut\u00f3bbi \u00e9vtizedek tapasztalat\u00e1ra \u00e9s&nbsp;diskurzus\u00e1ra applik\u00e1lhat\u00f3, vagy pedig alkalmazhat\u00f3 \u00e9s&nbsp;kiterjeszthet\u0151 t\u00f6rt\u00e9neti k\u00e9pz\u0151dm\u00e9nyekre is. Van-e a&nbsp;transzkulturalizmusnak t\u00f6rt\u00e9netis\u00e9ge, t\u00f6rt\u00e9neti perspekt\u00edv\u00e1ja? A tanulm\u00e1ny kiindul\u00f3pontja a&nbsp;Ladislav Futtera, V\u00e1clav Petrbok, V\u00e1clav Smy\u010dka \u00e9s&nbsp;Matou\u0161 Turek szerkeszt\u00e9s\u00e9ben megjelent Jak ps\u00e1t transkulturn\u00ed liter\u00e1rn\u00ed d\u011bjiny? \u2013 Hogyan \u00edrjunk transzkultur\u00e1lis irodalomt\u00f6rt\u00e9netet? (2019) c\u00edm\u0171 monogr\u00e1fia, amelynek tanulm\u00e1nyai t\u00f6bb perspekt\u00edv\u00e1b\u00f3l k\u00f6zel\u00edtenek a&nbsp;fenti k\u00e9rd\u00e9shez.<\/p><\/blockquote>\n<p><a href=\"http:\/\/www.partitura.fss.ukf.sk\/wp-content\/uploads\/2022\/03\/Partitura-2021-1-003-012.pdf\"><strong>Teljes sz\u00f6veg<\/strong><\/a><\/p>\n","protected":false},"excerpt":{"rendered":"<p>N\u00e9meth Zolt\u00e1n IN:\u00a0Partit\u00fara Irodalomtudom\u00e1nyi foly\u00f3irat, \u00c9vfolyam XVI. , Sz\u00e1m 1, 2020, 3-12. oldal ,\u00a0ISSN 1336-7307 [&hellip;]<\/p>\n","protected":false},"author":5,"featured_media":0,"parent":0,"menu_order":0,"comment_status":"closed","ping_status":"closed","template":"","meta":[],"_links":{"self":[{"href":"http:\/\/www.partitura.fss.ukf.sk\/index.php?rest_route=\/wp\/v2\/pages\/3284"}],"collection":[{"href":"http:\/\/www.partitura.fss.ukf.sk\/index.php?rest_route=\/wp\/v2\/pages"}],"about":[{"href":"http:\/\/www.partitura.fss.ukf.sk\/index.php?rest_route=\/wp\/v2\/types\/page"}],"author":[{"embeddable":true,"href":"http:\/\/www.partitura.fss.ukf.sk\/index.php?rest_route=\/wp\/v2\/users\/5"}],"replies":[{"embeddable":true,"href":"http:\/\/www.partitura.fss.ukf.sk\/index.php?rest_route=%2Fwp%2Fv2%2Fcomments&post=3284"}],"version-history":[{"count":5,"href":"http:\/\/www.partitura.fss.ukf.sk\/index.php?rest_route=\/wp\/v2\/pages\/3284\/revisions"}],"predecessor-version":[{"id":3509,"href":"http:\/\/www.partitura.fss.ukf.sk\/index.php?rest_route=\/wp\/v2\/pages\/3284\/revisions\/3509"}],"wp:attachment":[{"href":"http:\/\/www.partitura.fss.ukf.sk\/index.php?rest_route=%2Fwp%2Fv2%2Fmedia&parent=3284"}],"curies":[{"name":"wp","href":"https:\/\/api.w.org\/{rel}","templated":true}]}}