{"id":3290,"date":"2022-03-31T08:08:44","date_gmt":"2022-03-31T08:08:44","guid":{"rendered":"http:\/\/www.partitura.fss.ukf.sk\/?page_id=3290"},"modified":"2023-04-25T05:54:35","modified_gmt":"2023-04-25T05:54:35","slug":"transzkulturalis-narracio-neven-usumovic-isztriai-horvat-iro-novellisztikajaban","status":"publish","type":"page","link":"http:\/\/www.partitura.fss.ukf.sk\/?page_id=3290","title":{"rendered":"Transzkultur\u00e1lis narr\u00e1ci\u00f3 Neven U\u0161umovi\u0107 isztriai horv\u00e1t \u00edr\u00f3 novellisztik\u00e1j\u00e1ban"},"content":{"rendered":"<h3>Lad\u00e1nyi Istv\u00e1n<\/h3>\n<p><strong><span style=\"color: #666666;\">IN:\u00a0<\/span><\/strong><span style=\"color: #666666;\">Partit\u00fara Irodalomtudom\u00e1nyi foly\u00f3irat, \u00c9vfolyam XVI. , Sz\u00e1m 1, 2020, 37-44. oldal ,\u00a0ISSN 1336-7307<\/span><\/p>\n<p><strong>DOI:\u00a0<\/strong>10.17846\/PA.2021.16.1.37-44<\/p>\n<p><strong>Absztrakt:<\/strong><\/p>\n<blockquote><p>A tanulm\u00e1ny Neven U\u0161umovi\u0107 (1972) horv\u00e1t \u00edr\u00f3 novellisztik\u00e1j\u00e1nak transzkultur\u00e1lis jegyeit mutatja be h\u00e1rom novell\u00e1sk\u00f6tet\u00e9nek novell\u00e1i alapj\u00e1n. Sz\u00e1mba veszi azokat a&nbsp;nyelvi \u00e9s&nbsp;kultur\u00e1lis hat\u00e1sokat, amelyek szerepet j\u00e1tszanak m\u0171veinek jelent\u00e9sk\u00e9pz\u00e9s\u00e9ben, illetve f\u00f6lv\u00e1zolja azokat az&nbsp;interpret\u00e1ci\u00f3s lehet\u0151s\u00e9geket, amelyek az&nbsp;elt\u00e9r\u0151 kultur\u00e1lis k\u00f6zegekb\u0151l ny\u00edlnak. Az&nbsp;elemz\u00e9s r\u00e1mutat a&nbsp;transzkultur\u00e1lis narr\u00e1ci\u00f3val egy\u00fcttm\u0171k\u00f6d\u0151 intermedi\u00e1lis kapcsolatok jelent\u0151s\u00e9g\u00e9re is.<\/p><\/blockquote>\n<p><a href=\"http:\/\/www.partitura.fss.ukf.sk\/wp-content\/uploads\/2022\/03\/Partitura-2021-1-037-044.pdf\"><strong>Teljes sz\u00f6veg<\/strong><\/a><\/p>\n","protected":false},"excerpt":{"rendered":"<p>Lad\u00e1nyi Istv\u00e1n IN:\u00a0Partit\u00fara Irodalomtudom\u00e1nyi foly\u00f3irat, \u00c9vfolyam XVI. , Sz\u00e1m 1, 2020, 37-44. oldal ,\u00a0ISSN 1336-7307 [&hellip;]<\/p>\n","protected":false},"author":5,"featured_media":0,"parent":0,"menu_order":0,"comment_status":"closed","ping_status":"closed","template":"","meta":[],"_links":{"self":[{"href":"http:\/\/www.partitura.fss.ukf.sk\/index.php?rest_route=\/wp\/v2\/pages\/3290"}],"collection":[{"href":"http:\/\/www.partitura.fss.ukf.sk\/index.php?rest_route=\/wp\/v2\/pages"}],"about":[{"href":"http:\/\/www.partitura.fss.ukf.sk\/index.php?rest_route=\/wp\/v2\/types\/page"}],"author":[{"embeddable":true,"href":"http:\/\/www.partitura.fss.ukf.sk\/index.php?rest_route=\/wp\/v2\/users\/5"}],"replies":[{"embeddable":true,"href":"http:\/\/www.partitura.fss.ukf.sk\/index.php?rest_route=%2Fwp%2Fv2%2Fcomments&post=3290"}],"version-history":[{"count":4,"href":"http:\/\/www.partitura.fss.ukf.sk\/index.php?rest_route=\/wp\/v2\/pages\/3290\/revisions"}],"predecessor-version":[{"id":3515,"href":"http:\/\/www.partitura.fss.ukf.sk\/index.php?rest_route=\/wp\/v2\/pages\/3290\/revisions\/3515"}],"wp:attachment":[{"href":"http:\/\/www.partitura.fss.ukf.sk\/index.php?rest_route=%2Fwp%2Fv2%2Fmedia&parent=3290"}],"curies":[{"name":"wp","href":"https:\/\/api.w.org\/{rel}","templated":true}]}}