{"id":3292,"date":"2022-03-31T08:10:07","date_gmt":"2022-03-31T08:10:07","guid":{"rendered":"http:\/\/www.partitura.fss.ukf.sk\/?page_id=3292"},"modified":"2023-04-25T05:56:48","modified_gmt":"2023-04-25T05:56:48","slug":"a-forradalom-nem-ismer-szunnapot","status":"publish","type":"page","link":"http:\/\/www.partitura.fss.ukf.sk\/?page_id=3292","title":{"rendered":"\u201eA forradalom nem ismer sz\u00fcnnapot\u2026\u201d"},"content":{"rendered":"<h3>Mizser Attila<\/h3>\n<p><strong><span style=\"color: #666666;\">IN:\u00a0<\/span><\/strong><span style=\"color: #666666;\">Partit\u00fara Irodalomtudom\u00e1nyi foly\u00f3irat, \u00c9vfolyam XVI. , Sz\u00e1m 1, 2020, 45-50. oldal ,\u00a0ISSN 1336-7307<\/span><\/p>\n<p><strong>DOI:\u00a0<\/strong>10.17846\/PA.2021.16.1.45-50<\/p>\n<p><strong>Absztrakt:<\/strong><\/p>\n<blockquote><p>A tanulm\u00e1nyban Bogy\u00f3 No\u00e9mi Vakfoltok c\u00edm\u0171 reg\u00e9ny\u00e9t vizsg\u00e1lom. A&nbsp;k\u00e9rd\u00e9sfelvet\u00e9s arra ir\u00e1nyul, milyen tematikus, retorikai \u00e9s&nbsp;narrat\u00edv technik\u00e1k teszik lehet\u0151v\u00e9 az&nbsp;adott t\u00f6rt\u00e9nelmi esem\u00e9ny elbesz\u00e9l\u00e9s\u00e9t, illetve hogy az&nbsp;egyes szerepl\u0151k rendszerv\u00e1lt\u00e1s-\u00e9lm\u00e9nye mennyiben kapcsol\u00f3dik a&nbsp;k\u00f6z\u00e9p-eur\u00f3pais\u00e1g fogalm\u00e1hoz.<\/p><\/blockquote>\n<p><a href=\"http:\/\/www.partitura.fss.ukf.sk\/wp-content\/uploads\/2022\/03\/Partitura-2021-1-045-050.pdf\"><strong>Teljes sz\u00f6veg<\/strong><\/a><\/p>\n","protected":false},"excerpt":{"rendered":"<p>Mizser Attila IN:\u00a0Partit\u00fara Irodalomtudom\u00e1nyi foly\u00f3irat, \u00c9vfolyam XVI. , Sz\u00e1m 1, 2020, 45-50. oldal ,\u00a0ISSN 1336-7307 [&hellip;]<\/p>\n","protected":false},"author":5,"featured_media":0,"parent":0,"menu_order":0,"comment_status":"closed","ping_status":"closed","template":"","meta":[],"_links":{"self":[{"href":"http:\/\/www.partitura.fss.ukf.sk\/index.php?rest_route=\/wp\/v2\/pages\/3292"}],"collection":[{"href":"http:\/\/www.partitura.fss.ukf.sk\/index.php?rest_route=\/wp\/v2\/pages"}],"about":[{"href":"http:\/\/www.partitura.fss.ukf.sk\/index.php?rest_route=\/wp\/v2\/types\/page"}],"author":[{"embeddable":true,"href":"http:\/\/www.partitura.fss.ukf.sk\/index.php?rest_route=\/wp\/v2\/users\/5"}],"replies":[{"embeddable":true,"href":"http:\/\/www.partitura.fss.ukf.sk\/index.php?rest_route=%2Fwp%2Fv2%2Fcomments&post=3292"}],"version-history":[{"count":4,"href":"http:\/\/www.partitura.fss.ukf.sk\/index.php?rest_route=\/wp\/v2\/pages\/3292\/revisions"}],"predecessor-version":[{"id":3519,"href":"http:\/\/www.partitura.fss.ukf.sk\/index.php?rest_route=\/wp\/v2\/pages\/3292\/revisions\/3519"}],"wp:attachment":[{"href":"http:\/\/www.partitura.fss.ukf.sk\/index.php?rest_route=%2Fwp%2Fv2%2Fmedia&parent=3292"}],"curies":[{"name":"wp","href":"https:\/\/api.w.org\/{rel}","templated":true}]}}