{"id":3321,"date":"2022-03-31T08:36:09","date_gmt":"2022-03-31T08:36:09","guid":{"rendered":"http:\/\/www.partitura.fss.ukf.sk\/?page_id=3321"},"modified":"2023-04-26T07:41:51","modified_gmt":"2023-04-26T07:41:51","slug":"a-forradalom-nem-ismer-szunnapot-2","status":"publish","type":"page","link":"http:\/\/www.partitura.fss.ukf.sk\/?page_id=3321","title":{"rendered":"\u201eA forradalom nem ismer sz\u00fcnnapot\u2026\u201d"},"content":{"rendered":"<h3>Attila Mizser<\/h3>\n<p><strong><span style=\"color: #666666;\">IN:\u00a0<\/span><\/strong><span style=\"color: #666666;\">Partit\u00fara Irodalomtudom\u00e1nyi foly\u00f3irat, Volume XVI. , Issue 1, 2020, p. 45-50 ,\u00a0ISSN 1336-7307<\/span><\/p>\n<p><strong>DOI:\u00a0<\/strong>10.17846\/PA.2021.16.1.45-50<\/p>\n<p><strong>Abstract:<\/strong><\/p>\n<blockquote><p>The study focuses on the analysis of the novel Vakfoltok by No\u00e9mi Bogy\u00f3. The main question explores what thematic, rhetorical and narrative techniques are used to tell the story of the given historical event, respectively how the experience of the end of the Communist regime connects each character to the idea of Central Europeanness.<\/p><\/blockquote>\n<p><strong>Keywords:<\/strong> No\u00e9mi Bogy\u00f3, end of the Communist regime, Hungarian literature in Slovakia, Central Europe<\/p>\n<p><a href=\"http:\/\/www.partitura.fss.ukf.sk\/wp-content\/uploads\/2022\/03\/Partitura-2021-1-045-050.pdf\"><strong>Whole issue<\/strong><\/a><\/p>\n","protected":false},"excerpt":{"rendered":"<p>Attila Mizser IN:\u00a0Partit\u00fara Irodalomtudom\u00e1nyi foly\u00f3irat, Volume XVI. , Issue 1, 2020, p. 45-50 ,\u00a0ISSN 1336-7307 [&hellip;]<\/p>\n","protected":false},"author":5,"featured_media":0,"parent":0,"menu_order":0,"comment_status":"closed","ping_status":"closed","template":"","meta":[],"_links":{"self":[{"href":"http:\/\/www.partitura.fss.ukf.sk\/index.php?rest_route=\/wp\/v2\/pages\/3321"}],"collection":[{"href":"http:\/\/www.partitura.fss.ukf.sk\/index.php?rest_route=\/wp\/v2\/pages"}],"about":[{"href":"http:\/\/www.partitura.fss.ukf.sk\/index.php?rest_route=\/wp\/v2\/types\/page"}],"author":[{"embeddable":true,"href":"http:\/\/www.partitura.fss.ukf.sk\/index.php?rest_route=\/wp\/v2\/users\/5"}],"replies":[{"embeddable":true,"href":"http:\/\/www.partitura.fss.ukf.sk\/index.php?rest_route=%2Fwp%2Fv2%2Fcomments&post=3321"}],"version-history":[{"count":5,"href":"http:\/\/www.partitura.fss.ukf.sk\/index.php?rest_route=\/wp\/v2\/pages\/3321\/revisions"}],"predecessor-version":[{"id":3641,"href":"http:\/\/www.partitura.fss.ukf.sk\/index.php?rest_route=\/wp\/v2\/pages\/3321\/revisions\/3641"}],"wp:attachment":[{"href":"http:\/\/www.partitura.fss.ukf.sk\/index.php?rest_route=%2Fwp%2Fv2%2Fmedia&parent=3321"}],"curies":[{"name":"wp","href":"https:\/\/api.w.org\/{rel}","templated":true}]}}