{"id":3330,"date":"2022-03-31T08:50:05","date_gmt":"2022-03-31T08:50:05","guid":{"rendered":"http:\/\/www.partitura.fss.ukf.sk\/?page_id=3330"},"modified":"2023-04-25T06:07:51","modified_gmt":"2023-04-25T06:07:51","slug":"az-en-elbeszeles-sajatossagai-kaffka-margit-es-szabo-magda-regenyeiben","status":"publish","type":"page","link":"http:\/\/www.partitura.fss.ukf.sk\/?page_id=3330","title":{"rendered":"Az&nbsp;\u00e9n-elbesz\u00e9l\u00e9s saj\u00e1toss\u00e1gai Kaffka Margit \u00e9s&nbsp;Szab\u00f3 Magda reg\u00e9nyeiben"},"content":{"rendered":"<h3>Kosztrabszky R\u00e9ka<\/h3>\n<p><strong><span style=\"color: #666666;\">IN:\u00a0<\/span><\/strong><span style=\"color: #666666;\">Partit\u00fara Irodalomtudom\u00e1nyi foly\u00f3irat, \u00c9vfolyam: XVI. , Sz\u00e1m: 2, 2021, 3-16. oldal,\u00a0ISSN 1336-7307<\/span><\/p>\n<p><strong>DOI:\u00a0<\/strong>10.17846\/PA.2021.16.2.3-16<\/p>\n<p><strong>Absztrakt:<\/strong><\/p>\n<blockquote><p>Kaffka Margitra a&nbsp;kutat\u00f3k gyakran Szab\u00f3 Magda irodalmi el\u0151djek\u00e9nt hivatkoznak, noha m\u0171veik narrat\u00edv technik\u00e1inak \u00f6sszevet\u00e9s\u00e9r\u0151l m\u00e9g nem sz\u00fclettek tanulm\u00e1nyok. Dolgozatomban Kaffka Margit Sz\u00ednek \u00e9s&nbsp;\u00e9vek, valamint Szab\u00f3 Magda Az \u0151z c\u00edm\u0171 reg\u00e9nyeit szeretn\u00e9m \u00f6sszehasonl\u00edtani, hogy r\u00e1mutassak az&nbsp;els\u0151 szem\u00e9ly\u0171 elbesz\u00e9l\u0151k tudati \u00e1br\u00e1zol\u00e1s\u00e1ban megnyilv\u00e1nul\u00f3 narrat\u00edv hasonl\u00f3s\u00e1gokra \u00e9s&nbsp;elt\u00e9r\u00e9sekre.<\/p><\/blockquote>\n<p><a href=\"http:\/\/www.partitura.fss.ukf.sk\/wp-content\/uploads\/2022\/03\/Partitura-2021-2-003-016.pdf\"><strong>Teljes sz\u00f6veg<\/strong><\/a><\/p>\n","protected":false},"excerpt":{"rendered":"<p>Kosztrabszky R\u00e9ka IN:\u00a0Partit\u00fara Irodalomtudom\u00e1nyi foly\u00f3irat, \u00c9vfolyam: XVI. , Sz\u00e1m: 2, 2021, 3-16. oldal,\u00a0ISSN 1336-7307 DOI:\u00a010.17846\/PA.2021.16.2.3-16 [&hellip;]<\/p>\n","protected":false},"author":5,"featured_media":0,"parent":0,"menu_order":0,"comment_status":"closed","ping_status":"closed","template":"","meta":[],"_links":{"self":[{"href":"http:\/\/www.partitura.fss.ukf.sk\/index.php?rest_route=\/wp\/v2\/pages\/3330"}],"collection":[{"href":"http:\/\/www.partitura.fss.ukf.sk\/index.php?rest_route=\/wp\/v2\/pages"}],"about":[{"href":"http:\/\/www.partitura.fss.ukf.sk\/index.php?rest_route=\/wp\/v2\/types\/page"}],"author":[{"embeddable":true,"href":"http:\/\/www.partitura.fss.ukf.sk\/index.php?rest_route=\/wp\/v2\/users\/5"}],"replies":[{"embeddable":true,"href":"http:\/\/www.partitura.fss.ukf.sk\/index.php?rest_route=%2Fwp%2Fv2%2Fcomments&post=3330"}],"version-history":[{"count":4,"href":"http:\/\/www.partitura.fss.ukf.sk\/index.php?rest_route=\/wp\/v2\/pages\/3330\/revisions"}],"predecessor-version":[{"id":3528,"href":"http:\/\/www.partitura.fss.ukf.sk\/index.php?rest_route=\/wp\/v2\/pages\/3330\/revisions\/3528"}],"wp:attachment":[{"href":"http:\/\/www.partitura.fss.ukf.sk\/index.php?rest_route=%2Fwp%2Fv2%2Fmedia&parent=3330"}],"curies":[{"name":"wp","href":"https:\/\/api.w.org\/{rel}","templated":true}]}}