{"id":3342,"date":"2022-03-31T09:07:57","date_gmt":"2022-03-31T09:07:57","guid":{"rendered":"http:\/\/www.partitura.fss.ukf.sk\/?page_id=3342"},"modified":"2023-04-25T06:22:55","modified_gmt":"2023-04-25T06:22:55","slug":"archetipikus-szimbolika-egy-kortars-magyar-filmben","status":"publish","type":"page","link":"http:\/\/www.partitura.fss.ukf.sk\/?page_id=3342","title":{"rendered":"Archetipikus szimbolika egy kort\u00e1rs magyar filmben"},"content":{"rendered":"<h3>Moln\u00e1r Csilla<\/h3>\n<p><strong><span style=\"color: #666666;\">IN:\u00a0<\/span><\/strong><span style=\"color: #666666;\">Partit\u00fara Irodalomtudom\u00e1nyi foly\u00f3irat, \u00c9vfolyam: XVI. , Sz\u00e1m: 2, 2021, 93-100. oldal,\u00a0ISSN 1336-7307<\/span><\/p>\n<p><strong>DOI:\u00a0<\/strong>10.17846\/PA.2021.16.2.93-100<\/p>\n<p><strong>Absztrakt:<\/strong><\/p>\n<blockquote><p>A kult\u00fara sokr\u00e9t\u0171 sz\u00f6vet\u00e9ben a&nbsp;szimboliz\u00e1ci\u00f3 folyamata \u00e1lland\u00f3an \u00fajratermeli \u00f6nmag\u00e1t. A&nbsp;szimb\u00f3lum szeml\u00e9lhet\u0151 egy&nbsp;jelent\u00e9sad\u00f3 strukt\u00fara r\u00e9szek\u00e9nt, amely azonban \u00e9rv\u00e9nyes jelent\u00e9s\u00e9t hermeneutikai folyamatokban val\u00f3s\u00edtja meg. Tanulm\u00e1nyom az&nbsp;alma szimbolik\u00e1j\u00e1t \u00e9rtelmezi egy&nbsp;kort\u00e1rs magyar r\u00f6vidfilmben. A&nbsp;szimb\u00f3lum kultur\u00e1lis jelk\u00e9nt t\u00f6bb\u00e9rtelm\u0171, amely akt\u00edv befogad\u00e1sra \u00f6szt\u00f6n\u00f6z. Mindez lehet\u0151v\u00e9 tesz tov\u00e1bbi meg\u00e1llap\u00edt\u00e1sokat. Egyik ilyen a&nbsp;szimb\u00f3lum r\u00e9gi id\u0151kb\u0151l val\u00f3 eredeztet\u00e9se \u00e9s&nbsp;akkori m\u0171v\u00e9szet \u00faj\u00edt\u00e1sra \u00e9s&nbsp;eredetis\u00e9gre vonatkoz\u00f3 k\u00e9sztet\u00e9seinek fesz\u00fclts\u00e9ge.<\/p><\/blockquote>\n<p><a href=\"http:\/\/www.partitura.fss.ukf.sk\/wp-content\/uploads\/2022\/03\/Partitura-2021-2-093-100.pdf\"><strong>Teljes sz\u00f6veg<\/strong><\/a><\/p>\n","protected":false},"excerpt":{"rendered":"<p>Moln\u00e1r Csilla IN:\u00a0Partit\u00fara Irodalomtudom\u00e1nyi foly\u00f3irat, \u00c9vfolyam: XVI. , Sz\u00e1m: 2, 2021, 93-100. oldal,\u00a0ISSN 1336-7307 DOI:\u00a010.17846\/PA.2021.16.2.93-100 [&hellip;]<\/p>\n","protected":false},"author":5,"featured_media":0,"parent":0,"menu_order":0,"comment_status":"closed","ping_status":"closed","template":"","meta":[],"_links":{"self":[{"href":"http:\/\/www.partitura.fss.ukf.sk\/index.php?rest_route=\/wp\/v2\/pages\/3342"}],"collection":[{"href":"http:\/\/www.partitura.fss.ukf.sk\/index.php?rest_route=\/wp\/v2\/pages"}],"about":[{"href":"http:\/\/www.partitura.fss.ukf.sk\/index.php?rest_route=\/wp\/v2\/types\/page"}],"author":[{"embeddable":true,"href":"http:\/\/www.partitura.fss.ukf.sk\/index.php?rest_route=\/wp\/v2\/users\/5"}],"replies":[{"embeddable":true,"href":"http:\/\/www.partitura.fss.ukf.sk\/index.php?rest_route=%2Fwp%2Fv2%2Fcomments&post=3342"}],"version-history":[{"count":4,"href":"http:\/\/www.partitura.fss.ukf.sk\/index.php?rest_route=\/wp\/v2\/pages\/3342\/revisions"}],"predecessor-version":[{"id":3549,"href":"http:\/\/www.partitura.fss.ukf.sk\/index.php?rest_route=\/wp\/v2\/pages\/3342\/revisions\/3549"}],"wp:attachment":[{"href":"http:\/\/www.partitura.fss.ukf.sk\/index.php?rest_route=%2Fwp%2Fv2%2Fmedia&parent=3342"}],"curies":[{"name":"wp","href":"https:\/\/api.w.org\/{rel}","templated":true}]}}