{"id":3356,"date":"2022-03-31T09:27:02","date_gmt":"2022-03-31T09:27:02","guid":{"rendered":"http:\/\/www.partitura.fss.ukf.sk\/?page_id=3356"},"modified":"2023-04-26T07:37:21","modified_gmt":"2023-04-26T07:37:21","slug":"a-meseregeny-poetikaja-elmeleti-kiindulopontok-2","status":"publish","type":"page","link":"http:\/\/www.partitura.fss.ukf.sk\/?page_id=3356","title":{"rendered":"A&nbsp;mesereg\u00e9ny po\u00e9tik\u00e1ja. Elm\u00e9leti kiindul\u00f3pontok"},"content":{"rendered":"<h3>Gabriella Petres Csizmadia<\/h3>\n<p><strong><span style=\"color: #666666;\">IN:\u00a0<\/span><\/strong><span style=\"color: #666666;\">Partit\u00fara Irodalomtudom\u00e1nyi foly\u00f3irat, Volume XVI. , Issue 2, 2021, p. 17-52,\u00a0ISSN 1336-7307<\/span><\/p>\n<p><strong>DOI:\u00a0<\/strong>10.17846\/PA.2021.16.2.17-52<\/p>\n<p><strong>Abstract:<\/strong><\/p>\n<blockquote><p>The aim of this study is to formulate the genre of the fairy tale from a narrato-poetic point of view and to outline its genre characteristics. The genre approach, focusing on the fundamental factors of the narrative form, reflects on the hybridisation of genre and media and the genre\u2019s susceptibility to playfulness, as well as to the study of character, event structuring, and space-time. In the fairy tale contaminated by genre, we can discover the genre influences of the magic fairy tale, the picaresque novel, and the novelistic narrative cycle. The character analysis shows that the characters of the fairy tale, compared to those of the magic fairy tale, undergo a pronounced process of individualisation in the course of novelization, which leads to the genre gradually moving away from the representation of archetypes and endowing its characters with more independent personality traits. The plot structure of the genre is characterised by the adaptation, reinterpretation or reduction of the functional sequence of the traditional magic fairy tale and the addition of new motifs and episodes. The carnivalization of the fairy-tale tradition leads to an unravelling and profanization of the fairy-tale web of relationships, so that the fairy-tale novel makes eager use of the devices of masquerade and imitation, which include donning the mask of the traditional, living narrator and imitating first-person narration.<\/p><\/blockquote>\n<p><strong>Keywords:<\/strong> contemporary children\u2019s fable, hybridization, boundary-crossing, basic factors of narrative forms, roles, plot structure<\/p>\n<p><a href=\"http:\/\/www.partitura.fss.ukf.sk\/wp-content\/uploads\/2022\/03\/Partitura-2021-2-017-052.pdf\"><strong>Whole issue<\/strong><\/a><\/p>\n","protected":false},"excerpt":{"rendered":"<p>Gabriella Petres Csizmadia IN:\u00a0Partit\u00fara Irodalomtudom\u00e1nyi foly\u00f3irat, Volume XVI. , Issue 2, 2021, p. 17-52,\u00a0ISSN 1336-7307 [&hellip;]<\/p>\n","protected":false},"author":5,"featured_media":0,"parent":0,"menu_order":0,"comment_status":"closed","ping_status":"closed","template":"","meta":[],"_links":{"self":[{"href":"http:\/\/www.partitura.fss.ukf.sk\/index.php?rest_route=\/wp\/v2\/pages\/3356"}],"collection":[{"href":"http:\/\/www.partitura.fss.ukf.sk\/index.php?rest_route=\/wp\/v2\/pages"}],"about":[{"href":"http:\/\/www.partitura.fss.ukf.sk\/index.php?rest_route=\/wp\/v2\/types\/page"}],"author":[{"embeddable":true,"href":"http:\/\/www.partitura.fss.ukf.sk\/index.php?rest_route=\/wp\/v2\/users\/5"}],"replies":[{"embeddable":true,"href":"http:\/\/www.partitura.fss.ukf.sk\/index.php?rest_route=%2Fwp%2Fv2%2Fcomments&post=3356"}],"version-history":[{"count":5,"href":"http:\/\/www.partitura.fss.ukf.sk\/index.php?rest_route=\/wp\/v2\/pages\/3356\/revisions"}],"predecessor-version":[{"id":3633,"href":"http:\/\/www.partitura.fss.ukf.sk\/index.php?rest_route=\/wp\/v2\/pages\/3356\/revisions\/3633"}],"wp:attachment":[{"href":"http:\/\/www.partitura.fss.ukf.sk\/index.php?rest_route=%2Fwp%2Fv2%2Fmedia&parent=3356"}],"curies":[{"name":"wp","href":"https:\/\/api.w.org\/{rel}","templated":true}]}}