{"id":3360,"date":"2022-03-31T09:29:34","date_gmt":"2022-03-31T09:29:34","guid":{"rendered":"http:\/\/www.partitura.fss.ukf.sk\/?page_id=3360"},"modified":"2023-04-26T07:37:54","modified_gmt":"2023-04-26T07:37:54","slug":"a-kuflik-es-a-popularis-zsanerek-2","status":"publish","type":"page","link":"http:\/\/www.partitura.fss.ukf.sk\/?page_id=3360","title":{"rendered":"A&nbsp;kuflik \u00e9s&nbsp;a&nbsp;popul\u00e1ris zs\u00e1nerek"},"content":{"rendered":"<h3>Andrea Csilla Z\u00f3lya<\/h3>\n<p><strong><span style=\"color: #666666;\">IN:\u00a0<\/span><\/strong><span style=\"color: #666666;\">Partit\u00fara Irodalomtudom\u00e1nyi foly\u00f3irat, Volume XVI. , Issue 2, 2021, p. 69-78,\u00a0ISSN 1336-7307<\/span><\/p>\n<p><strong>DOI:\u00a0<\/strong>10.17846\/PA.2021.16.2.69-78<\/p>\n<p><strong>Abstract:<\/strong><\/p>\n<blockquote><p>Andr\u00e1s D\u00e1niel\u2019s popular kufli series for preschoolers is one of the special spots in contemporary Hungarian children\u2019s literature, which is also very exciting because of popular genres. Some piece from the series simultaneously carries the features of a fairy tale, a browser, a picture book, and a comic book, but as a kind of hybrid work, it bravely brings into play the tools of caricature and self-caricature, and sometimes the codes of science fiction as well. The kufli series is not only satisfied with the genre\u2019s props and expectations of the contemporary tale, but also expands its possibilities by opening it up to various popular genres and by keeping their toolbox up and running. Although the series is aimed primarily at preschoolers, the dynamic movement of its visual and textual codes makes kufli books multi-layered and offer a variety of reception games.v\u00e1.<\/p><\/blockquote>\n<p><strong>Keywords:<\/strong> Andr\u00e1s D\u00e1niel, kufli books, popular genres, visual and textual codes<\/p>\n<p><a href=\"http:\/\/www.partitura.fss.ukf.sk\/wp-content\/uploads\/2022\/03\/Partitura-2021-2-069-078.pdf\"><strong>Whole issue<\/strong><\/a><\/p>\n","protected":false},"excerpt":{"rendered":"<p>Andrea Csilla Z\u00f3lya IN:\u00a0Partit\u00fara Irodalomtudom\u00e1nyi foly\u00f3irat, Volume XVI. , Issue 2, 2021, p. 69-78,\u00a0ISSN 1336-7307 [&hellip;]<\/p>\n","protected":false},"author":5,"featured_media":0,"parent":0,"menu_order":0,"comment_status":"closed","ping_status":"closed","template":"","meta":[],"_links":{"self":[{"href":"http:\/\/www.partitura.fss.ukf.sk\/index.php?rest_route=\/wp\/v2\/pages\/3360"}],"collection":[{"href":"http:\/\/www.partitura.fss.ukf.sk\/index.php?rest_route=\/wp\/v2\/pages"}],"about":[{"href":"http:\/\/www.partitura.fss.ukf.sk\/index.php?rest_route=\/wp\/v2\/types\/page"}],"author":[{"embeddable":true,"href":"http:\/\/www.partitura.fss.ukf.sk\/index.php?rest_route=\/wp\/v2\/users\/5"}],"replies":[{"embeddable":true,"href":"http:\/\/www.partitura.fss.ukf.sk\/index.php?rest_route=%2Fwp%2Fv2%2Fcomments&post=3360"}],"version-history":[{"count":5,"href":"http:\/\/www.partitura.fss.ukf.sk\/index.php?rest_route=\/wp\/v2\/pages\/3360\/revisions"}],"predecessor-version":[{"id":3635,"href":"http:\/\/www.partitura.fss.ukf.sk\/index.php?rest_route=\/wp\/v2\/pages\/3360\/revisions\/3635"}],"wp:attachment":[{"href":"http:\/\/www.partitura.fss.ukf.sk\/index.php?rest_route=%2Fwp%2Fv2%2Fmedia&parent=3360"}],"curies":[{"name":"wp","href":"https:\/\/api.w.org\/{rel}","templated":true}]}}