{"id":3407,"date":"2023-04-24T08:25:03","date_gmt":"2023-04-24T08:25:03","guid":{"rendered":"http:\/\/www.partitura.fss.ukf.sk\/?page_id=3407"},"modified":"2023-04-25T06:36:15","modified_gmt":"2023-04-25T06:36:15","slug":"beboritjak-a-jelek-a-konyvborito-mint-sajatos-jelter","status":"publish","type":"page","link":"http:\/\/www.partitura.fss.ukf.sk\/?page_id=3407","title":{"rendered":"Bebor\u00edtj\u00e1k a&nbsp;jelek"},"content":{"rendered":"<h3>Benyovszky Kriszti\u00e1n<\/h3>\n<p><strong><span style=\"color: #666666;\">IN:\u00a0<\/span><\/strong><span style=\"color: #666666;\">Partit\u00fara Irodalomtudom\u00e1nyi foly\u00f3irat, \u00c9vfolyam: XVII. , Sz\u00e1m: 1, 2022, 51-66. oldal,\u00a0ISSN 1336-7307<\/span><\/p>\n<p><strong>DOI:\u00a0<\/strong>10.17846\/PA.2022.17.1.51-66<\/p>\n<p><strong>Absztrakt:<\/strong><\/p>\n<blockquote><p>Tanulm\u00e1nyomban a&nbsp;k\u00f6nyvbor\u00edt\u00f3 jelt\u00e9rk\u00e9nt val\u00f3 \u00e9rtelmez\u00e9se mellett \u00e9rvelek. Ir\u00e1nyad\u00f3 elm\u00e9leti kiindul\u00f3pontk\u00e9nt Sz\u00edv\u00f3s Mih\u00e1ly Jelterek c. monogr\u00e1fi\u00e1ja szolg\u00e1l a&nbsp;sz\u00e1momra, az&nbsp;abban kifejtett szempontok \u00e9s&nbsp;fogalmak seg\u00edts\u00e9g\u00e9vel teszek k\u00eds\u00e9rletet a&nbsp;bor\u00edt\u00f3 arculat\u00e1t \u00e9s&nbsp;a&nbsp;m\u0171 el\u0151zetes meg\u00e9rt\u00e9s\u00e9t megalapoz\u00f3 legfontosabb jelek \u00e9s&nbsp;jelalakzatok elk\u00fcl\u00f6n\u00edt\u00e9s\u00e9re \u00e9s&nbsp;jellemz\u00e9s\u00e9re. A&nbsp;k\u00f6nyvbor\u00edt\u00f3t olyan sokfunkci\u00f3s, szuggeszt\u00edv hat\u00e1s\u00fa jelt\u00e9rk\u00e9nt \u00edrom le, mely egyar\u00e1nt rendelkezik a&nbsp;fizikai \u00e9s&nbsp;a&nbsp;k\u00e9pzetes t\u00e9rbelis\u00e9g tulajdons\u00e1gaival. A&nbsp;bor\u00edt\u00f3t alkot\u00f3 verb\u00e1lis \u00e9s&nbsp;vizu\u00e1lis jelek mindegyike az&nbsp;irodalmi m\u0171re mint jelt\u00e1rgyra vonatkozik, s&nbsp;t\u00f6bbs\u00e9g\u00fck nem csak az&nbsp;adatk\u00f6zl\u00e9sben, hanem a&nbsp;r\u00e1hangol\u00e1sban, az&nbsp;el\u0151ismeretek mozg\u00f3s\u00edt\u00e1s\u00e1ban \u00e9s&nbsp;k\u00fcl\u00f6nb\u00f6z\u0151 m\u00e9rt\u00e9k\u0171 el\u0151\u00e9rtelmez\u00e9sben is \u00e9rdekelt.<\/p><\/blockquote>\n<p><a href=\"http:\/\/www.partitura.fss.ukf.sk\/wp-content\/uploads\/2023\/04\/Partitura-2022-1-051-066.pdf\"><strong>Teljes sz\u00f6veg<\/strong><\/a><\/p>\n","protected":false},"excerpt":{"rendered":"<p>Benyovszky Kriszti\u00e1n IN:\u00a0Partit\u00fara Irodalomtudom\u00e1nyi foly\u00f3irat, \u00c9vfolyam: XVII. , Sz\u00e1m: 1, 2022, 51-66. oldal,\u00a0ISSN 1336-7307 DOI:\u00a010.17846\/PA.2022.17.1.51-66 [&hellip;]<\/p>\n","protected":false},"author":5,"featured_media":0,"parent":0,"menu_order":0,"comment_status":"closed","ping_status":"closed","template":"","meta":[],"_links":{"self":[{"href":"http:\/\/www.partitura.fss.ukf.sk\/index.php?rest_route=\/wp\/v2\/pages\/3407"}],"collection":[{"href":"http:\/\/www.partitura.fss.ukf.sk\/index.php?rest_route=\/wp\/v2\/pages"}],"about":[{"href":"http:\/\/www.partitura.fss.ukf.sk\/index.php?rest_route=\/wp\/v2\/types\/page"}],"author":[{"embeddable":true,"href":"http:\/\/www.partitura.fss.ukf.sk\/index.php?rest_route=\/wp\/v2\/users\/5"}],"replies":[{"embeddable":true,"href":"http:\/\/www.partitura.fss.ukf.sk\/index.php?rest_route=%2Fwp%2Fv2%2Fcomments&post=3407"}],"version-history":[{"count":4,"href":"http:\/\/www.partitura.fss.ukf.sk\/index.php?rest_route=\/wp\/v2\/pages\/3407\/revisions"}],"predecessor-version":[{"id":3562,"href":"http:\/\/www.partitura.fss.ukf.sk\/index.php?rest_route=\/wp\/v2\/pages\/3407\/revisions\/3562"}],"wp:attachment":[{"href":"http:\/\/www.partitura.fss.ukf.sk\/index.php?rest_route=%2Fwp%2Fv2%2Fmedia&parent=3407"}],"curies":[{"name":"wp","href":"https:\/\/api.w.org\/{rel}","templated":true}]}}