{"id":3412,"date":"2023-04-24T08:31:55","date_gmt":"2023-04-24T08:31:55","guid":{"rendered":"http:\/\/www.partitura.fss.ukf.sk\/?page_id=3412"},"modified":"2023-04-25T06:40:01","modified_gmt":"2023-04-25T06:40:01","slug":"budapesti-bunugyek-kamaszoknak-kortars-ifjusagi-regenyek-a-krimi-noir-vonzasaban","status":"publish","type":"page","link":"http:\/\/www.partitura.fss.ukf.sk\/?page_id=3412","title":{"rendered":"Budapesti b\u0171n\u00fcgyek kamaszoknak"},"content":{"rendered":"<h3>Szilv\u00e1ssy Orsolya<\/h3>\n<p><strong><span style=\"color: #666666;\">IN:\u00a0<\/span><\/strong><span style=\"color: #666666;\">Partit\u00fara Irodalomtudom\u00e1nyi foly\u00f3irat, \u00c9vfolyam: XVII. , Sz\u00e1m 1, 2022, p. 67-84,\u00a0ISSN 1336-7307<\/span><\/p>\n<p><strong>DOI:\u00a0<\/strong>10.17846\/PA.2022.17.1.67-84<\/p>\n<p><strong>Absztrakt:<\/strong><\/p>\n<blockquote><p>A kort\u00e1rs ifj\u00fas\u00e1gi krimiket a&nbsp;b\u0171nt\u00e9ny felder\u00edt\u00e9se k\u00f6r\u00e9 \u00e9p\u00edtett meglehet\u0151sen, merev szerkezeti forma \u00e9s&nbsp;karaktertipol\u00f3gia megtart\u00e1sa mellett \u00faj hangs\u00falyok, \u00faj szerkezeti megold\u00e1sok, sz\u00ednterek \u00e9s&nbsp;karakterelemek megjelen\u00e9se teszi v\u00e1ltozatoss\u00e1, vizsg\u00e1latuk nemcsak irodalomt\u00f6rt\u00e9neti, hanem recepci\u00f3elm\u00e9leti szempontb\u00f3l is izgalmas ter\u00fclet. A&nbsp;k\u00f6vetkez\u0151kben k\u00e9t kort\u00e1rs ifj\u00fas\u00e1gi krimi p\u00e9ld\u00e1j\u00e1n (Sz\u00e9csi No\u00e9mi Mandrag\u00f3ra utca 7. \u00e9s&nbsp;M\u00e9sz\u00f6ly \u00c1gnes A kupol\u00e1k titka) k\u00eds\u00e9rlem meg felv\u00e1zolni, hogy milyen tipikus p\u00e1rhuzamok \u00e9s&nbsp;k\u00fcl\u00f6nbs\u00e9gek fedezhet\u0151k fel a&nbsp;k\u00fcl\u00f6nb\u00f6z\u0151 koroszt\u00e1lyokat (kiskamasz, kamasz \u00e9s&nbsp;feln\u0151tt) megsz\u00f3l\u00edt\u00f3 m\u0171faji v\u00e1ltozatok k\u00f6z\u00f6tt. Ehhez kapcsol\u00f3d\u00f3an arra is kit\u00e9rek, hogy a&nbsp;krimi noir jegyeinek megjelen\u00e9se milyen lehet\u0151s\u00e9gekkel b\u0151v\u00edti az&nbsp;ifj\u00fas\u00e1gi krimi eszk\u00f6zt\u00e1r\u00e1t az&nbsp;olvas\u00f3k \u00e9rzelemi bevon\u00e1sa \u00e9s&nbsp;fejleszt\u00e9se szempontj\u00e1b\u00f3l.<\/p><\/blockquote>\n<p><a href=\"http:\/\/www.partitura.fss.ukf.sk\/wp-content\/uploads\/2023\/04\/Partitura-2022-1-067-084.pdf\"><strong>Teljes sz\u00f6veg<\/strong><\/a><\/p>\n","protected":false},"excerpt":{"rendered":"<p>Szilv\u00e1ssy Orsolya IN:\u00a0Partit\u00fara Irodalomtudom\u00e1nyi foly\u00f3irat, \u00c9vfolyam: XVII. , Sz\u00e1m 1, 2022, p. 67-84,\u00a0ISSN 1336-7307 DOI:\u00a010.17846\/PA.2022.17.1.67-84 [&hellip;]<\/p>\n","protected":false},"author":5,"featured_media":0,"parent":0,"menu_order":0,"comment_status":"closed","ping_status":"closed","template":"","meta":[],"_links":{"self":[{"href":"http:\/\/www.partitura.fss.ukf.sk\/index.php?rest_route=\/wp\/v2\/pages\/3412"}],"collection":[{"href":"http:\/\/www.partitura.fss.ukf.sk\/index.php?rest_route=\/wp\/v2\/pages"}],"about":[{"href":"http:\/\/www.partitura.fss.ukf.sk\/index.php?rest_route=\/wp\/v2\/types\/page"}],"author":[{"embeddable":true,"href":"http:\/\/www.partitura.fss.ukf.sk\/index.php?rest_route=\/wp\/v2\/users\/5"}],"replies":[{"embeddable":true,"href":"http:\/\/www.partitura.fss.ukf.sk\/index.php?rest_route=%2Fwp%2Fv2%2Fcomments&post=3412"}],"version-history":[{"count":7,"href":"http:\/\/www.partitura.fss.ukf.sk\/index.php?rest_route=\/wp\/v2\/pages\/3412\/revisions"}],"predecessor-version":[{"id":3567,"href":"http:\/\/www.partitura.fss.ukf.sk\/index.php?rest_route=\/wp\/v2\/pages\/3412\/revisions\/3567"}],"wp:attachment":[{"href":"http:\/\/www.partitura.fss.ukf.sk\/index.php?rest_route=%2Fwp%2Fv2%2Fmedia&parent=3412"}],"curies":[{"name":"wp","href":"https:\/\/api.w.org\/{rel}","templated":true}]}}