{"id":3416,"date":"2023-04-24T08:38:08","date_gmt":"2023-04-24T08:38:08","guid":{"rendered":"http:\/\/www.partitura.fss.ukf.sk\/?page_id=3416"},"modified":"2023-04-25T06:41:42","modified_gmt":"2023-04-25T06:41:42","slug":"balaton-nosztalgia-es-geopolitikai-osszefuggesek-zajacz-d-zoltan-veres-balaton-trilogiajarol","status":"publish","type":"page","link":"http:\/\/www.partitura.fss.ukf.sk\/?page_id=3416","title":{"rendered":"Balaton \u2013 nosztalgia \u00e9s geopolitikai \u00f6sszef\u00fcgg\u00e9sek"},"content":{"rendered":"<h3>K\u00e1lai S\u00e1ndor<\/h3>\n<p><strong><span style=\"color: #666666;\">IN:\u00a0<\/span><\/strong><span style=\"color: #666666;\">Partit\u00fara Irodalomtudom\u00e1nyi foly\u00f3irat, \u00c9vfolyam: XVII. , Sz\u00e1m: 1, 2022, 85-94. oldal,\u00a0ISSN 1336-7307<\/span><\/p>\n<p><strong>DOI:\u00a0<\/strong>10.17846\/PA.2022.17.1.85-94<\/p>\n<p><strong>Absztrakt:<\/strong><\/p>\n<blockquote><p>A Balaton kiemelt szerepet j\u00e1tszik a&nbsp;magyar kollekt\u00edv eml\u00e9kezetben, eml\u00e9kezethelyk\u00e9nt is tekinthet\u00fcnk r\u00e1. A&nbsp;kultur\u00e1lis alkot\u00e1sok a&nbsp;Balaton k\u00f6r\u00e9 \u00e9p\u00fclt reprezent\u00e1ci\u00f3kra t\u00e1maszkodnak, ezeket vari\u00e1lj\u00e1k, alak\u00edtj\u00e1k, r\u00f6gz\u00edtik. Ebben a&nbsp;kontextusban is vizsg\u00e1lhatjuk Zaj\u00e1cz D. Zolt\u00e1n V\u00e9res Balaton tril\u00f3gi\u00e1j\u00e1t, amelyet a&nbsp;kiad\u00f3 hangs\u00falyozottan \u201eretr\u00f3 krimi\u201d-k\u00e9nt marketingelt. Az&nbsp;al\u00e1bbiakban egyfel\u0151l arra vagyunk k\u00edv\u00e1ncsiak, hogy a&nbsp;reg\u00e9nyek milyen geopolitikai \u00f6sszef\u00fcgg\u00e9sekbe \u00e1gyazz\u00e1k az&nbsp;elmes\u00e9lt t\u00f6rt\u00e9netet, majd pedig a&nbsp;po\u00e9tikai saj\u00e1toss\u00e1gok elemz\u00e9se ut\u00e1n arra keress\u00fck a&nbsp;v\u00e1laszt, hogy \u2013 egy&nbsp;m\u00e1sik szinten, az&nbsp;irodalmi kommunik\u00e1ci\u00f3 szintj\u00e9n \u2013 milyen fesz\u00fclts\u00e9g keletkezik a&nbsp;sz\u00f6vegek \u00e9s&nbsp;a&nbsp;(kiad\u00f3i) paratextusok k\u00f6z\u00f6tt.<\/p><\/blockquote>\n<p><a href=\"http:\/\/www.partitura.fss.ukf.sk\/wp-content\/uploads\/2023\/04\/Partitura-2022-1-085-094.pdf\"><strong>Teljes sz\u00f6veg<\/strong><\/a><\/p>\n","protected":false},"excerpt":{"rendered":"<p>K\u00e1lai S\u00e1ndor IN:\u00a0Partit\u00fara Irodalomtudom\u00e1nyi foly\u00f3irat, \u00c9vfolyam: XVII. , Sz\u00e1m: 1, 2022, 85-94. oldal,\u00a0ISSN 1336-7307 DOI:\u00a010.17846\/PA.2022.17.1.85-94 [&hellip;]<\/p>\n","protected":false},"author":5,"featured_media":0,"parent":0,"menu_order":0,"comment_status":"closed","ping_status":"closed","template":"","meta":[],"_links":{"self":[{"href":"http:\/\/www.partitura.fss.ukf.sk\/index.php?rest_route=\/wp\/v2\/pages\/3416"}],"collection":[{"href":"http:\/\/www.partitura.fss.ukf.sk\/index.php?rest_route=\/wp\/v2\/pages"}],"about":[{"href":"http:\/\/www.partitura.fss.ukf.sk\/index.php?rest_route=\/wp\/v2\/types\/page"}],"author":[{"embeddable":true,"href":"http:\/\/www.partitura.fss.ukf.sk\/index.php?rest_route=\/wp\/v2\/users\/5"}],"replies":[{"embeddable":true,"href":"http:\/\/www.partitura.fss.ukf.sk\/index.php?rest_route=%2Fwp%2Fv2%2Fcomments&post=3416"}],"version-history":[{"count":4,"href":"http:\/\/www.partitura.fss.ukf.sk\/index.php?rest_route=\/wp\/v2\/pages\/3416\/revisions"}],"predecessor-version":[{"id":3571,"href":"http:\/\/www.partitura.fss.ukf.sk\/index.php?rest_route=\/wp\/v2\/pages\/3416\/revisions\/3571"}],"wp:attachment":[{"href":"http:\/\/www.partitura.fss.ukf.sk\/index.php?rest_route=%2Fwp%2Fv2%2Fmedia&parent=3416"}],"curies":[{"name":"wp","href":"https:\/\/api.w.org\/{rel}","templated":true}]}}