{"id":3420,"date":"2023-04-24T08:41:49","date_gmt":"2023-04-24T08:41:49","guid":{"rendered":"http:\/\/www.partitura.fss.ukf.sk\/?page_id=3420"},"modified":"2023-04-25T06:43:14","modified_gmt":"2023-04-25T06:43:14","slug":"a-valoszinuseg-remenye-az-erkolcs-mint-sejtes-andras-ferenc-a-voros-korona-cimu-regenyeben","status":"publish","type":"page","link":"http:\/\/www.partitura.fss.ukf.sk\/?page_id=3420","title":{"rendered":"A&nbsp;val\u00f3sz\u00edn\u0171s\u00e9g rem\u00e9nye"},"content":{"rendered":"<h3>Horv\u00e1th Csaba<\/h3>\n<p><strong><span style=\"color: #666666;\">IN:\u00a0<\/span><\/strong><span style=\"color: #666666;\">Partit\u00fara Irodalomtudom\u00e1nyi foly\u00f3irat, \u00c9vfolyam: XVII. , Sz\u00e1m: 1, 2022, 95-104. oldal,\u00a0ISSN 1336-7307<\/span><\/p>\n<p><strong>DOI:\u00a0<\/strong>10.17846\/PA.2022.17.1.95-104<\/p>\n<p><strong>Absztrakt:<\/strong><\/p>\n<blockquote><p>A b\u0171n\u00fcgyi reg\u00e9ny a&nbsp;vil\u00e1g megismerhet\u0151s\u00e9g\u00e9nek, s&nbsp;\u00edgy felder\u00edthet\u0151s\u00e9g\u00e9nek gondolat\u00e1val mindig azonosult, ugyanakkor az&nbsp;igazs\u00e1g \u00e9s&nbsp;a&nbsp;jog \u00f6sszeegyeztethetetlens\u00e9ge m\u00e1r a&nbsp;klasszikus krimi kor\u00e1ban is megjelent. S&nbsp;ahogyan a&nbsp;m\u0171faj a&nbsp;XX. sz\u00e1zadban egyre ink\u00e1bb problematiz\u00e1lta az&nbsp;igazs\u00e1g \u00e9thosz\u00e1t, \u00fagy lett egyre k\u00e9rd\u00e9sesebb a&nbsp;vil\u00e1g meg\u00e9rthet\u0151s\u00e9g\u00e9nek logikai vet\u00fclete is. Andr\u00e1s L\u00e1szl\u00f3 V\u00f6r\u00f6s korona c\u00edm\u0171 reg\u00e9nye a&nbsp;f\u00e9lm\u00falt t\u00f6rt\u00e9nelmi reg\u00e9ny\u00e9nek \u00e9s&nbsp;az&nbsp;arra \u00e9p\u00fcl\u0151 politikai kriminek a&nbsp;lehet\u0151s\u00e9g\u00e9t villantja fel, \u00e1m egyben azt is tudatos\u00edtja, hogy az&nbsp;igazs\u00e1gt\u00e9tel b\u00e1rmilyen form\u00e1ja csak egy&nbsp;ki\u00fcresedett narrat\u00edv forma tov\u00e1bb\u00e9l\u00e9se lehet. A&nbsp;k\u00f6nyv nyomoz\u00f3ja kor\u00e1bban matematikus volt. A&nbsp;cselekm\u00e9ny elej\u00e9n kataforak\u00e9nt ismertetett, a&nbsp;val\u00f3sz\u00edn\u0171s\u00e9gre vonatkoz\u00f3 sejt\u00e9se a&nbsp;vil\u00e1g megismerhet\u0151s\u00e9g\u00e9vel, s\u0151t a&nbsp;l\u00e9t fundament\u00e1lis k\u00e9rd\u00e9seivel is \u00f6sszef\u00fcgg, s&nbsp;azt mutatja, hogy nem csup\u00e1n a&nbsp;logik\u00e1t \u00edrja fel\u00fcl a&nbsp;val\u00f3s\u00e1g, de a&nbsp;j\u00f3 \u00e9s&nbsp;rossz fogalma is csak sejt\u00e9sk\u00e9nt, a&nbsp;t\u00e9tell\u00e9 v\u00e1l\u00e1s bizonyoss\u00e1ga el\u0151tti \u00e1llapotban lehet hiteles. <\/p><\/blockquote>\n<p><a href=\"http:\/\/www.partitura.fss.ukf.sk\/wp-content\/uploads\/2023\/04\/Partitura-2022-1-095-104.pdf\"><strong>Teljes sz\u00f6veg<\/strong><\/a><\/p>\n","protected":false},"excerpt":{"rendered":"<p>Horv\u00e1th Csaba IN:\u00a0Partit\u00fara Irodalomtudom\u00e1nyi foly\u00f3irat, \u00c9vfolyam: XVII. , Sz\u00e1m: 1, 2022, 95-104. oldal,\u00a0ISSN 1336-7307 DOI:\u00a010.17846\/PA.2022.17.1.95-104 [&hellip;]<\/p>\n","protected":false},"author":5,"featured_media":0,"parent":0,"menu_order":0,"comment_status":"closed","ping_status":"closed","template":"","meta":[],"_links":{"self":[{"href":"http:\/\/www.partitura.fss.ukf.sk\/index.php?rest_route=\/wp\/v2\/pages\/3420"}],"collection":[{"href":"http:\/\/www.partitura.fss.ukf.sk\/index.php?rest_route=\/wp\/v2\/pages"}],"about":[{"href":"http:\/\/www.partitura.fss.ukf.sk\/index.php?rest_route=\/wp\/v2\/types\/page"}],"author":[{"embeddable":true,"href":"http:\/\/www.partitura.fss.ukf.sk\/index.php?rest_route=\/wp\/v2\/users\/5"}],"replies":[{"embeddable":true,"href":"http:\/\/www.partitura.fss.ukf.sk\/index.php?rest_route=%2Fwp%2Fv2%2Fcomments&post=3420"}],"version-history":[{"count":5,"href":"http:\/\/www.partitura.fss.ukf.sk\/index.php?rest_route=\/wp\/v2\/pages\/3420\/revisions"}],"predecessor-version":[{"id":3574,"href":"http:\/\/www.partitura.fss.ukf.sk\/index.php?rest_route=\/wp\/v2\/pages\/3420\/revisions\/3574"}],"wp:attachment":[{"href":"http:\/\/www.partitura.fss.ukf.sk\/index.php?rest_route=%2Fwp%2Fv2%2Fmedia&parent=3420"}],"curies":[{"name":"wp","href":"https:\/\/api.w.org\/{rel}","templated":true}]}}