{"id":3424,"date":"2023-04-24T08:53:25","date_gmt":"2023-04-24T08:53:25","guid":{"rendered":"http:\/\/www.partitura.fss.ukf.sk\/?page_id=3424"},"modified":"2023-04-25T06:53:34","modified_gmt":"2023-04-25T06:53:34","slug":"melye-nincs-csupan-idoben-a-taj-archeologiaja-nemes-nagy-agnes-balaton-cimu-verseben","status":"publish","type":"page","link":"http:\/\/www.partitura.fss.ukf.sk\/?page_id=3424","title":{"rendered":"\u201em\u00e9lye nincs, csup\u00e1n id\u0151ben\u201d. A&nbsp;t\u00e1j archeol\u00f3gi\u00e1ja Nemes Nagy \u00c1gnes Balaton c\u00edm\u0171 vers\u00e9ben"},"content":{"rendered":"<h3>Nagy Csilla<\/h3>\n<p><strong><span style=\"color: #666666;\">IN:\u00a0<\/span><\/strong><span style=\"color: #666666;\">Partit\u00fara Irodalomtudom\u00e1nyi foly\u00f3irat, \u00c9vfolyam: XVII. , Sz\u00e1m: 2, 2022, 3-14. oldal,\u00a0ISSN 1336-7307<\/span><\/p>\n<p><strong>DOI:\u00a0<\/strong>10.17846\/PA.2022.17.1.3-14<\/p>\n<p><strong>Absztrakt:<\/strong><\/p>\n<blockquote><p>Nemes Nagy \u00c1gnes Balaton c\u00edm\u0171 verse a&nbsp;Sz\u00e1razvill\u00e1m k\u00f6tetben jelent meg el\u0151sz\u00f6r. A&nbsp;nagy kritikai \u00e9rdekl\u0151d\u00e9st kiv\u00e1lt\u00f3 sz\u00f6veget a&nbsp;t\u00e1j geopo\u00e9tikai, archeol\u00f3giai \u00e9s&nbsp;kult\u00fart\u00f6rt\u00e9neti kontextusai fel\u0151l vizsg\u00e1lom. Arra a&nbsp;k\u00e9rd\u00e9sre keresem a&nbsp;v\u00e1laszt, hogy a&nbsp;Balaton sz\u00f6vegbeli t\u00e1jk\u00e9nt mik\u00e9nt foglalja mag\u00e1ba a&nbsp;f\u00f6ldrajzi fogalom geotudom\u00e1nyos \u00e9s&nbsp;kultur\u00e1lis jelent\u00e9sess\u00e9g\u00e9t, \u00e9s&nbsp;hogy a&nbsp;term\u00e9szet a&nbsp;nyelv foucault-i \u00e9rtelemben vett archeol\u00f3giai teljes\u00edtm\u00e9nye r\u00e9v\u00e9n, esem\u00e9ny- \u00e9s&nbsp;dologszer\u0171s\u00e9g\u00e9ben, \u201ekijelent\u00e9srendszerk\u00e9nt\u201d mik\u00e9nt v\u00e1lik identit\u00e1ssal b\u00edr\u00f3 t\u00e1jj\u00e1.<\/p><\/blockquote>\n<p><a href=\"http:\/\/www.partitura.fss.ukf.sk\/wp-content\/uploads\/2023\/04\/Partitura-2022-2-003-014.pdf\"><strong>Teljes sz\u00f6veg<\/strong><\/a><\/p>\n","protected":false},"excerpt":{"rendered":"<p>Nagy Csilla IN:\u00a0Partit\u00fara Irodalomtudom\u00e1nyi foly\u00f3irat, \u00c9vfolyam: XVII. , Sz\u00e1m: 2, 2022, 3-14. oldal,\u00a0ISSN 1336-7307 DOI:\u00a010.17846\/PA.2022.17.1.3-14 [&hellip;]<\/p>\n","protected":false},"author":5,"featured_media":0,"parent":0,"menu_order":0,"comment_status":"closed","ping_status":"closed","template":"","meta":[],"_links":{"self":[{"href":"http:\/\/www.partitura.fss.ukf.sk\/index.php?rest_route=\/wp\/v2\/pages\/3424"}],"collection":[{"href":"http:\/\/www.partitura.fss.ukf.sk\/index.php?rest_route=\/wp\/v2\/pages"}],"about":[{"href":"http:\/\/www.partitura.fss.ukf.sk\/index.php?rest_route=\/wp\/v2\/types\/page"}],"author":[{"embeddable":true,"href":"http:\/\/www.partitura.fss.ukf.sk\/index.php?rest_route=\/wp\/v2\/users\/5"}],"replies":[{"embeddable":true,"href":"http:\/\/www.partitura.fss.ukf.sk\/index.php?rest_route=%2Fwp%2Fv2%2Fcomments&post=3424"}],"version-history":[{"count":5,"href":"http:\/\/www.partitura.fss.ukf.sk\/index.php?rest_route=\/wp\/v2\/pages\/3424\/revisions"}],"predecessor-version":[{"id":3593,"href":"http:\/\/www.partitura.fss.ukf.sk\/index.php?rest_route=\/wp\/v2\/pages\/3424\/revisions\/3593"}],"wp:attachment":[{"href":"http:\/\/www.partitura.fss.ukf.sk\/index.php?rest_route=%2Fwp%2Fv2%2Fmedia&parent=3424"}],"curies":[{"name":"wp","href":"https:\/\/api.w.org\/{rel}","templated":true}]}}