{"id":3442,"date":"2023-04-24T09:11:33","date_gmt":"2023-04-24T09:11:33","guid":{"rendered":"http:\/\/www.partitura.fss.ukf.sk\/?page_id=3442"},"modified":"2023-04-25T06:57:32","modified_gmt":"2023-04-25T06:57:32","slug":"megertes-idegenseg-abszurd-nemeth-gabor-angyal-es-babu-cimu-rovidproza-gyujtemenyeben-es-egy-mormota-nyara-cimu-regenyeben","status":"publish","type":"page","link":"http:\/\/www.partitura.fss.ukf.sk\/?page_id=3442","title":{"rendered":"Meg\u00e9rt\u00e9s, idegens\u00e9g, abszurd N\u00e9meth G\u00e1bor Angyal \u00e9s&nbsp;b\u00e1bu c\u00edm\u0171 r\u00f6vidpr\u00f3za-gy\u0171jtem\u00e9ny\u00e9ben \u00e9s&nbsp;Egy mormota nyara c\u00edm\u0171 reg\u00e9ny\u00e9ben"},"content":{"rendered":"<h3>Klajk\u00f3 D\u00e1niel<\/h3>\n<p><strong><span style=\"color: #666666;\">IN:\u00a0<\/span><\/strong><span style=\"color: #666666;\">Partit\u00fara Irodalomtudom\u00e1nyi foly\u00f3irat, \u00c9vfolyam: XVII. , Sz\u00e1m: 2, 2022, 35-54. oldal,\u00a0ISSN 1336-7307<\/span><\/p>\n<p><strong>DOI:\u00a0<\/strong>10.17846\/PA.2022.17.2.35-54<\/p>\n<p><strong>Absztrakt:<\/strong><\/p>\n<blockquote><p>A tanulm\u00e1nyban N\u00e9meth G\u00e1bor Angyal \u00e9s&nbsp;b\u00e1bu c\u00edm\u0171 r\u00f6vidt\u00f6rt\u00e9net-gy\u0171jtem\u00e9ny\u00e9t haszn\u00e1lom kiindul\u00e1si pontk\u00e9nt, hogy az&nbsp;Egy mormota nyara c\u00edm\u0171 reg\u00e9nyt az&nbsp;idegennel t\u00f6rt\u00e9n\u0151 tal\u00e1lkoz\u00e1s egyszerre nyelvi \u00e9s&nbsp;egyszerre antropol\u00f3giai esem\u00e9nyek\u00e9nt \u00e9rtelmezzem. A&nbsp;korai \u00edr\u00e1sokat \u00e9s&nbsp;a&nbsp;Mormot\u00e1t a&nbsp;Camus- \u00e9s&nbsp;m\u00e1s intertextusok vonatkoz\u00e1s\u00e1ban pedig egy&nbsp;abszurd meg\u00e9rt\u00e9si folyamat \u00f6sszef\u00fcgg\u00e9s\u00e9ben k\u00edv\u00e1nom l\u00e1ttatni.<\/p><\/blockquote>\n<p><a href=\"http:\/\/www.partitura.fss.ukf.sk\/wp-content\/uploads\/2023\/04\/Partitura-2022-2-035-054.pdf\"><strong>Teljes sz\u00f6veg<\/strong><\/a><\/p>\n","protected":false},"excerpt":{"rendered":"<p>Klajk\u00f3 D\u00e1niel IN:\u00a0Partit\u00fara Irodalomtudom\u00e1nyi foly\u00f3irat, \u00c9vfolyam: XVII. , Sz\u00e1m: 2, 2022, 35-54. oldal,\u00a0ISSN 1336-7307 DOI:\u00a010.17846\/PA.2022.17.2.35-54 [&hellip;]<\/p>\n","protected":false},"author":5,"featured_media":0,"parent":0,"menu_order":0,"comment_status":"closed","ping_status":"closed","template":"","meta":[],"_links":{"self":[{"href":"http:\/\/www.partitura.fss.ukf.sk\/index.php?rest_route=\/wp\/v2\/pages\/3442"}],"collection":[{"href":"http:\/\/www.partitura.fss.ukf.sk\/index.php?rest_route=\/wp\/v2\/pages"}],"about":[{"href":"http:\/\/www.partitura.fss.ukf.sk\/index.php?rest_route=\/wp\/v2\/types\/page"}],"author":[{"embeddable":true,"href":"http:\/\/www.partitura.fss.ukf.sk\/index.php?rest_route=\/wp\/v2\/users\/5"}],"replies":[{"embeddable":true,"href":"http:\/\/www.partitura.fss.ukf.sk\/index.php?rest_route=%2Fwp%2Fv2%2Fcomments&post=3442"}],"version-history":[{"count":2,"href":"http:\/\/www.partitura.fss.ukf.sk\/index.php?rest_route=\/wp\/v2\/pages\/3442\/revisions"}],"predecessor-version":[{"id":3596,"href":"http:\/\/www.partitura.fss.ukf.sk\/index.php?rest_route=\/wp\/v2\/pages\/3442\/revisions\/3596"}],"wp:attachment":[{"href":"http:\/\/www.partitura.fss.ukf.sk\/index.php?rest_route=%2Fwp%2Fv2%2Fmedia&parent=3442"}],"curies":[{"name":"wp","href":"https:\/\/api.w.org\/{rel}","templated":true}]}}