{"id":3458,"date":"2023-04-24T09:32:55","date_gmt":"2023-04-24T09:32:55","guid":{"rendered":"http:\/\/www.partitura.fss.ukf.sk\/?page_id=3458"},"modified":"2023-04-26T07:31:37","modified_gmt":"2023-04-26T07:31:37","slug":"a-vitakultura-oktatasanak-es-fejlesztesenek-terszemiotikai-hatteru-modszere-2","status":"publish","type":"page","link":"http:\/\/www.partitura.fss.ukf.sk\/?page_id=3458","title":{"rendered":"A&nbsp;vitakult\u00fara oktat\u00e1s\u00e1nak \u00e9s&nbsp;fejleszt\u00e9s\u00e9nek t\u00e9rszemiotikai h\u00e1tter\u0171 m\u00f3dszere"},"content":{"rendered":"<h3>Mih\u00e1ly Sz\u00edv\u00f3s \u2013 Mikl\u00f3s Lehmann<\/h3>\n<p><strong><span style=\"color: #666666;\">IN:\u00a0<\/span><\/strong><span style=\"color: #666666;\">Partit\u00fara Irodalomtudom\u00e1nyi foly\u00f3irat, Volume XVII. , Issue 1, 2022, p. 35-50,\u00a0ISSN 1336-7307<\/span><\/p>\n<p><strong>DOI:\u00a0<\/strong>10.17846\/PA.2022.17.1.35-50<\/p>\n<p><strong>Abstract:<\/strong><\/p>\n<blockquote><p>The main aim of this study is to promote the teaching of debate culture in secondary schools and universities. The topicality of this long-neglected subject stems from the fact that it is hardly possible to educate young people in democratic thinking without debates. On the other hand, the changes in values and new knowledge that globalisation brings with it point to the need for debate. In order to develop a culture of debate, the authors have drawn above all on the semiotics of space, the theory of tacit knowledge and the innovative use of important concepts in management science. They examine the role of the debate moderator over time and divide debates into four phases. They also highlight the conditions for the simultaneous exercise of three main classical functions coming from management sciences: leadership, management and conflict resolution.<\/p><\/blockquote>\n<p><strong>Keywords:<\/strong> the semiotics of space, tacit knowledge, the theory of controversies, debate culture, leadership, management and governance<\/p>\n<p><a href=\"http:\/\/www.partitura.fss.ukf.sk\/wp-content\/uploads\/2023\/04\/Partitura-2022-1-035-050.pdf\"><strong>Whole issue<\/strong><\/a><\/p>\n","protected":false},"excerpt":{"rendered":"<p>Mih\u00e1ly Sz\u00edv\u00f3s \u2013 Mikl\u00f3s Lehmann IN:\u00a0Partit\u00fara Irodalomtudom\u00e1nyi foly\u00f3irat, Volume XVII. , Issue 1, 2022, p. [&hellip;]<\/p>\n","protected":false},"author":5,"featured_media":0,"parent":0,"menu_order":0,"comment_status":"closed","ping_status":"closed","template":"","meta":[],"_links":{"self":[{"href":"http:\/\/www.partitura.fss.ukf.sk\/index.php?rest_route=\/wp\/v2\/pages\/3458"}],"collection":[{"href":"http:\/\/www.partitura.fss.ukf.sk\/index.php?rest_route=\/wp\/v2\/pages"}],"about":[{"href":"http:\/\/www.partitura.fss.ukf.sk\/index.php?rest_route=\/wp\/v2\/types\/page"}],"author":[{"embeddable":true,"href":"http:\/\/www.partitura.fss.ukf.sk\/index.php?rest_route=\/wp\/v2\/users\/5"}],"replies":[{"embeddable":true,"href":"http:\/\/www.partitura.fss.ukf.sk\/index.php?rest_route=%2Fwp%2Fv2%2Fcomments&post=3458"}],"version-history":[{"count":7,"href":"http:\/\/www.partitura.fss.ukf.sk\/index.php?rest_route=\/wp\/v2\/pages\/3458\/revisions"}],"predecessor-version":[{"id":3627,"href":"http:\/\/www.partitura.fss.ukf.sk\/index.php?rest_route=\/wp\/v2\/pages\/3458\/revisions\/3627"}],"wp:attachment":[{"href":"http:\/\/www.partitura.fss.ukf.sk\/index.php?rest_route=%2Fwp%2Fv2%2Fmedia&parent=3458"}],"curies":[{"name":"wp","href":"https:\/\/api.w.org\/{rel}","templated":true}]}}