{"id":3468,"date":"2023-04-24T09:50:39","date_gmt":"2023-04-24T09:50:39","guid":{"rendered":"http:\/\/www.partitura.fss.ukf.sk\/?page_id=3468"},"modified":"2023-04-26T07:34:36","modified_gmt":"2023-04-26T07:34:36","slug":"a-valoszinuseg-remenye","status":"publish","type":"page","link":"http:\/\/www.partitura.fss.ukf.sk\/?page_id=3468","title":{"rendered":"A&nbsp;val\u00f3sz\u00edn\u0171s\u00e9g rem\u00e9nye"},"content":{"rendered":"<h3>Csaba Horv\u00e1th<\/h3>\n<p><strong><span style=\"color: #666666;\">IN:\u00a0<\/span><\/strong><span style=\"color: #666666;\">Partit\u00fara Irodalomtudom\u00e1nyi foly\u00f3irat, Volume XVII. , Issue 1, 2022, p. 95-104,\u00a0ISSN 1336-7307<\/span><\/p>\n<p><strong>DOI:\u00a0<\/strong>10.17846\/PA.2022.17.1.95-104<\/p>\n<p><strong>Abstract:<\/strong><\/p>\n<blockquote><p>The crime novel has always been linked to the idea of the knowability and discoverability of the world but at the same time, the incompatibility of the truth and law appeared already in classic crime fiction. During the 20th century the genre increasingly problematized the relationship between the ethics of truth and the logical aspects also became more and more questionable. L\u00e1szl\u00f3 Andr\u00e1s\u2019s novel. Though The Red Crown offers the reading of a historical novel it is firstly a political crime based on the history of the 40 years and the contemporary society that makes us aware that any form of justice can only be the survival of an empty narrative form. The detective in the book used to be a mathematician. His conjecture about probability, presented as a cataphora at the beginning of the plot, is related to the knowability of the world and even to the fundamental questions of existence. It shows that the logic is overwritten by reality just as the concept of good and evil is only a guess but no more it can reach the certainty of a proposition.<\/p><\/blockquote>\n<p><strong>Keywords:<\/strong> Crime fiction theory, L\u00e1szl\u00f3 Andr\u00e1s, The Red Crown, probability and guess<\/p>\n<p><a href=\"http:\/\/www.partitura.fss.ukf.sk\/wp-content\/uploads\/2023\/04\/Partitura-2022-1-095-104.pdf\"><strong>Whole issue<\/strong><\/a><\/p>\n","protected":false},"excerpt":{"rendered":"<p>Csaba Horv\u00e1th IN:\u00a0Partit\u00fara Irodalomtudom\u00e1nyi foly\u00f3irat, Volume XVII. , Issue 1, 2022, p. 95-104,\u00a0ISSN 1336-7307 DOI:\u00a010.17846\/PA.2022.17.1.95-104 [&hellip;]<\/p>\n","protected":false},"author":5,"featured_media":0,"parent":0,"menu_order":0,"comment_status":"closed","ping_status":"closed","template":"","meta":[],"_links":{"self":[{"href":"http:\/\/www.partitura.fss.ukf.sk\/index.php?rest_route=\/wp\/v2\/pages\/3468"}],"collection":[{"href":"http:\/\/www.partitura.fss.ukf.sk\/index.php?rest_route=\/wp\/v2\/pages"}],"about":[{"href":"http:\/\/www.partitura.fss.ukf.sk\/index.php?rest_route=\/wp\/v2\/types\/page"}],"author":[{"embeddable":true,"href":"http:\/\/www.partitura.fss.ukf.sk\/index.php?rest_route=\/wp\/v2\/users\/5"}],"replies":[{"embeddable":true,"href":"http:\/\/www.partitura.fss.ukf.sk\/index.php?rest_route=%2Fwp%2Fv2%2Fcomments&post=3468"}],"version-history":[{"count":7,"href":"http:\/\/www.partitura.fss.ukf.sk\/index.php?rest_route=\/wp\/v2\/pages\/3468\/revisions"}],"predecessor-version":[{"id":3631,"href":"http:\/\/www.partitura.fss.ukf.sk\/index.php?rest_route=\/wp\/v2\/pages\/3468\/revisions\/3631"}],"wp:attachment":[{"href":"http:\/\/www.partitura.fss.ukf.sk\/index.php?rest_route=%2Fwp%2Fv2%2Fmedia&parent=3468"}],"curies":[{"name":"wp","href":"https:\/\/api.w.org\/{rel}","templated":true}]}}