{"id":3478,"date":"2023-04-24T10:03:47","date_gmt":"2023-04-24T10:03:47","guid":{"rendered":"http:\/\/www.partitura.fss.ukf.sk\/?page_id=3478"},"modified":"2023-04-26T07:22:10","modified_gmt":"2023-04-26T07:22:10","slug":"gide-es-alpapjai-green-es-a-tobbiek-marai-sandor-es-a-francia-meleg-irodalom-2","status":"publish","type":"page","link":"http:\/\/www.partitura.fss.ukf.sk\/?page_id=3478","title":{"rendered":"\u201em\u00e9lye nincs, csup\u00e1n id\u0151ben\u201d. A&nbsp;t\u00e1j archeol\u00f3gi\u00e1ja Nemes Nagy \u00c1gnes Balaton c\u00edm\u0171 vers\u00e9ben"},"content":{"rendered":"<h3>Csilla Nagy<\/h3>\n<p><strong><span style=\"color: #666666;\">IN:\u00a0<\/span><\/strong><span style=\"color: #666666;\">Partit\u00fara Irodalomtudom\u00e1nyi foly\u00f3irat, Volume XVII. , Issue 2, 2022, p. 3-14,\u00a0ISSN 1336-7307<\/span><\/p>\n<p><strong>DOI:\u00a0<\/strong>10.17846\/PA.2022.17.2.3-14<\/p>\n<p><strong>Abstract:<\/strong><\/p>\n<blockquote><p>\u00c1gnes Nemes Nagy\u2019s poem Balaton was first published in the volume Sz\u00e1razvill\u00e1m. The text, which has aroused significant critical interest, is examined from the geopoetic, archaeological and cultural-historical contexts of the landscape. I seek to answer the question of how Balaton as a landscape in the text incorporates the geoscientific and cultural meanings of the geographical concept, and how nature becomes a landscape with identity through the archaeological performance of language in the Foucaultian sense.<\/p><\/blockquote>\n<p><strong>Keywords:<\/strong> Balaton, \u00c1gnes Nemes Nagy, geopoetics, archeology, poetry of nature<\/p>\n<p><a href=\"http:\/\/www.partitura.fss.ukf.sk\/wp-content\/uploads\/2023\/04\/Partitura-2022-2-003-014.pdf\"><strong>Whole issue<\/strong><\/a><\/p>\n","protected":false},"excerpt":{"rendered":"<p>Csilla Nagy IN:\u00a0Partit\u00fara Irodalomtudom\u00e1nyi foly\u00f3irat, Volume XVII. , Issue 2, 2022, p. 3-14,\u00a0ISSN 1336-7307 DOI:\u00a010.17846\/PA.2022.17.2.3-14 [&hellip;]<\/p>\n","protected":false},"author":5,"featured_media":0,"parent":0,"menu_order":0,"comment_status":"closed","ping_status":"closed","template":"","meta":[],"_links":{"self":[{"href":"http:\/\/www.partitura.fss.ukf.sk\/index.php?rest_route=\/wp\/v2\/pages\/3478"}],"collection":[{"href":"http:\/\/www.partitura.fss.ukf.sk\/index.php?rest_route=\/wp\/v2\/pages"}],"about":[{"href":"http:\/\/www.partitura.fss.ukf.sk\/index.php?rest_route=\/wp\/v2\/types\/page"}],"author":[{"embeddable":true,"href":"http:\/\/www.partitura.fss.ukf.sk\/index.php?rest_route=\/wp\/v2\/users\/5"}],"replies":[{"embeddable":true,"href":"http:\/\/www.partitura.fss.ukf.sk\/index.php?rest_route=%2Fwp%2Fv2%2Fcomments&post=3478"}],"version-history":[{"count":6,"href":"http:\/\/www.partitura.fss.ukf.sk\/index.php?rest_route=\/wp\/v2\/pages\/3478\/revisions"}],"predecessor-version":[{"id":3615,"href":"http:\/\/www.partitura.fss.ukf.sk\/index.php?rest_route=\/wp\/v2\/pages\/3478\/revisions\/3615"}],"wp:attachment":[{"href":"http:\/\/www.partitura.fss.ukf.sk\/index.php?rest_route=%2Fwp%2Fv2%2Fmedia&parent=3478"}],"curies":[{"name":"wp","href":"https:\/\/api.w.org\/{rel}","templated":true}]}}