{"id":3501,"date":"2023-04-24T10:11:55","date_gmt":"2023-04-24T10:11:55","guid":{"rendered":"http:\/\/www.partitura.fss.ukf.sk\/?page_id=3501"},"modified":"2023-04-26T07:28:41","modified_gmt":"2023-04-26T07:28:41","slug":"kulvarosi-vampirsztori-2","status":"publish","type":"page","link":"http:\/\/www.partitura.fss.ukf.sk\/?page_id=3501","title":{"rendered":"K\u00fclv\u00e1rosi v\u00e1mp\u00edrsztori"},"content":{"rendered":"<h3>Ren\u00e1t\u00f3 T\u00e1mba<\/h3>\n<p><strong><span style=\"color: #666666;\">IN:\u00a0<\/span><\/strong><span style=\"color: #666666;\">Partit\u00fara Irodalomtudom\u00e1nyi foly\u00f3irat, Volume XVII. , Issue 2, 2022, p. 87-100,\u00a0ISSN 1336-7307<\/span><\/p>\n<p><strong>DOI:\u00a0<\/strong>10.17846\/PA.2022.17.2.87-100<\/p>\n<p><strong>Abstract:<\/strong><\/p>\n<blockquote><p>The Let me in is the swedish writer John Ajvide Lindqvist\u2019s first novel which changed the vampire genre, because he put his horror story in the suburban milieu of the eighties. The intentionally decontentrated plot of the book is made up of many fragments of life, which make up Blackeberg\u2019s social status. The most important story lines are the story of Oskar and Eli; Oskar is a 12 years old boy who is bullied by his classmates, and Eli is a vampire, who is no longer a noble creature or an ubermensch like Count Dracula, she\/he lacks his hunter instinct \u2013 his\/her human servant gets the blood, that is needed by Eli. In this story anything is dominated and permeated by the numbing mediocrity, the misery and the hopelessness, and the main characters fits in this milieu, despite every fantastic item of the story. In my paper I attempt to present the Let me in, focusing on the poetic and narrative characteristics, the characterization of the plot and characters and the interpretation of genre features.<\/p><\/blockquote>\n<p><strong>Keywords:<\/strong> John Ajvide Lindqvist, vampire story, naturalism, social drawing, popular register<\/p>\n<p><a href=\"http:\/\/www.partitura.fss.ukf.sk\/wp-content\/uploads\/2023\/04\/Partitura-2022-2-087-100.pdf\"><strong>Whole issue<\/strong><\/a><\/p>\n","protected":false},"excerpt":{"rendered":"<p>Ren\u00e1t\u00f3 T\u00e1mba IN:\u00a0Partit\u00fara Irodalomtudom\u00e1nyi foly\u00f3irat, Volume XVII. , Issue 2, 2022, p. 87-100,\u00a0ISSN 1336-7307 DOI:\u00a010.17846\/PA.2022.17.2.87-100 [&hellip;]<\/p>\n","protected":false},"author":5,"featured_media":0,"parent":0,"menu_order":0,"comment_status":"closed","ping_status":"closed","template":"","meta":[],"_links":{"self":[{"href":"http:\/\/www.partitura.fss.ukf.sk\/index.php?rest_route=\/wp\/v2\/pages\/3501"}],"collection":[{"href":"http:\/\/www.partitura.fss.ukf.sk\/index.php?rest_route=\/wp\/v2\/pages"}],"about":[{"href":"http:\/\/www.partitura.fss.ukf.sk\/index.php?rest_route=\/wp\/v2\/types\/page"}],"author":[{"embeddable":true,"href":"http:\/\/www.partitura.fss.ukf.sk\/index.php?rest_route=\/wp\/v2\/users\/5"}],"replies":[{"embeddable":true,"href":"http:\/\/www.partitura.fss.ukf.sk\/index.php?rest_route=%2Fwp%2Fv2%2Fcomments&post=3501"}],"version-history":[{"count":4,"href":"http:\/\/www.partitura.fss.ukf.sk\/index.php?rest_route=\/wp\/v2\/pages\/3501\/revisions"}],"predecessor-version":[{"id":3622,"href":"http:\/\/www.partitura.fss.ukf.sk\/index.php?rest_route=\/wp\/v2\/pages\/3501\/revisions\/3622"}],"wp:attachment":[{"href":"http:\/\/www.partitura.fss.ukf.sk\/index.php?rest_route=%2Fwp%2Fv2%2Fmedia&parent=3501"}],"curies":[{"name":"wp","href":"https:\/\/api.w.org\/{rel}","templated":true}]}}