{"id":3743,"date":"2024-03-14T07:22:57","date_gmt":"2024-03-14T07:22:57","guid":{"rendered":"http:\/\/www.partitura.fss.ukf.sk\/?page_id=3743"},"modified":"2024-03-14T07:22:57","modified_gmt":"2024-03-14T07:22:57","slug":"a-transzkulturalizmus-fogalmanak-ertelmezese-a-magyar-irodalomtudomanyi-diskurzusban","status":"publish","type":"page","link":"http:\/\/www.partitura.fss.ukf.sk\/?page_id=3743","title":{"rendered":"A&nbsp;transzkulturalizmus fogalm\u00e1nak \u00e9rtelmez\u00e9se a&nbsp;magyar irodalomtudom\u00e1nyi diskurzusban"},"content":{"rendered":"<h3>Magdalena Roguska-N\u00e9meth<\/h3>\n<p><strong><span style=\"color: #666666;\">IN:\u00a0<\/span><\/strong><span style=\"color: #666666;\">Partit\u00fara Irodalomtudom\u00e1nyi foly\u00f3irat, \u00c9vfolyam XVIII. , Sz\u00e1m 1, 2023, 3-14. oldal ,\u00a0ISSN 1336-7307<\/span><\/p>\n<p><strong>DOI:\u00a0<\/strong>10.17846\/PA.2023.18.1.3-14<\/p>\n<p><strong>Absztrakt:<\/strong><\/p>\n<blockquote><p>A tanulm\u00e1ny c\u00e9lja annak elemz\u00e9se, hogy a\u00a0transzkulturalizmus fogalma milyen helyet foglal el a\u00a0magyar irodalomtudom\u00e1nyi diskurzusban. Ugyanis a\u00a0magyar irodalomtudom\u00e1ny azon ter\u00fcletek k\u00f6z\u00e9 tartozik, ahol a\u00a0transzkultur\u00e1lis kutat\u00e1sok kiv\u00e9telesen gyorsan fejl\u0151dnek, ami a\u00a0magyar irodalom policentrikus jelleg\u0171 saj\u00e1toss\u00e1g\u00e1nak k\u00f6sz\u00f6nhet\u0151. A\u00a0tanulm\u00e1ny felsorolja azokat a\u00a0legfontosabb magyar nyelv\u0171 tudom\u00e1nyos munk\u00e1kat, amelyek k\u00f6zvetlen\u00fcl utalnak a\u00a0transzkulturalizmusra, vagy amelyek a\u00a0transzkultur\u00e1lis m\u00f3dszertani gondolkod\u00e1sra t\u00e1maszkodnak, \u00e9s\u00a0abb\u00f3l a\u00a0szempontb\u00f3l \u00e9rtelmezi \u0151ket, hogy szerz\u0151ik hogyan hat\u00e1rozz\u00e1k meg a\u00a0transzkulturalizmus fogalm\u00e1t. Mivel f\u0151k\u00e9nt a\u00a0hat\u00e1ron t\u00fali \u00e9rtelmez\u0151i k\u00f6z\u00f6ss\u00e9gekben rezon\u00e1l a\u00a0t\u00e9ma, \u00e9rtelmezi az\u00a0\u00fan. nyitrai transzkultur\u00e1lis iskola m\u0171k\u00f6d\u00e9s\u00e9t, valamint vajdas\u00e1gi \u00e9s\u00a0erd\u00e9lyi szerz\u0151k munk\u00e1ss\u00e1g\u00e1t. Az\u00a0elemz\u00e9sb\u0151l levonhat\u00f3 konkl\u00fazi\u00f3k arra engednek k\u00f6vetkeztetni, hogy a\u00a0magyar irodalomtud\u00f3sok t\u00f6bbs\u00e9ge a\u00a0transzkulturalizmus fogalm\u00e1t felcser\u00e9lhet\u0151en haszn\u00e1lja a\u00a0transznacionalizmus konvergens, de nem teljesen szinonim fogalm\u00e1val. Ez\u00a0viszont arra enged k\u00f6vetkeztetni, hogy a\u00a0transzkulturalizmus a\u00a0magyar irodalomtudom\u00e1nyi diskurzusban m\u00e9g mindig \u00faj fogalom, amely alul\u00e9rtelmezett \u00e9s\u00a0meglehet\u0151sen intuit\u00edven defini\u00e1lt.<\/p><\/blockquote>\n<p><a href=\"http:\/\/www.partitura.fss.ukf.sk\/wp-content\/uploads\/2024\/03\/Partitura-2023-1-003-014.pdf\"><strong>Teljes sz\u00f6veg<\/strong><\/a><\/p>\n","protected":false},"excerpt":{"rendered":"<p>Magdalena Roguska-N\u00e9meth IN:\u00a0Partit\u00fara Irodalomtudom\u00e1nyi foly\u00f3irat, \u00c9vfolyam XVIII. , Sz\u00e1m 1, 2023, 3-14. oldal ,\u00a0ISSN 1336-7307 [&hellip;]<\/p>\n","protected":false},"author":5,"featured_media":0,"parent":0,"menu_order":0,"comment_status":"closed","ping_status":"closed","template":"","meta":[],"_links":{"self":[{"href":"http:\/\/www.partitura.fss.ukf.sk\/index.php?rest_route=\/wp\/v2\/pages\/3743"}],"collection":[{"href":"http:\/\/www.partitura.fss.ukf.sk\/index.php?rest_route=\/wp\/v2\/pages"}],"about":[{"href":"http:\/\/www.partitura.fss.ukf.sk\/index.php?rest_route=\/wp\/v2\/types\/page"}],"author":[{"embeddable":true,"href":"http:\/\/www.partitura.fss.ukf.sk\/index.php?rest_route=\/wp\/v2\/users\/5"}],"replies":[{"embeddable":true,"href":"http:\/\/www.partitura.fss.ukf.sk\/index.php?rest_route=%2Fwp%2Fv2%2Fcomments&post=3743"}],"version-history":[{"count":2,"href":"http:\/\/www.partitura.fss.ukf.sk\/index.php?rest_route=\/wp\/v2\/pages\/3743\/revisions"}],"predecessor-version":[{"id":3862,"href":"http:\/\/www.partitura.fss.ukf.sk\/index.php?rest_route=\/wp\/v2\/pages\/3743\/revisions\/3862"}],"wp:attachment":[{"href":"http:\/\/www.partitura.fss.ukf.sk\/index.php?rest_route=%2Fwp%2Fv2%2Fmedia&parent=3743"}],"curies":[{"name":"wp","href":"https:\/\/api.w.org\/{rel}","templated":true}]}}