{"id":3752,"date":"2024-03-14T07:26:15","date_gmt":"2024-03-14T07:26:15","guid":{"rendered":"http:\/\/www.partitura.fss.ukf.sk\/?page_id=3752"},"modified":"2024-03-14T07:26:49","modified_gmt":"2024-03-14T07:26:49","slug":"weores-sandor-kolteszete-es-az-ujkori-hermetikus-hagyomany","status":"publish","type":"page","link":"http:\/\/www.partitura.fss.ukf.sk\/?page_id=3752","title":{"rendered":"We\u00f6res S\u00e1ndor k\u00f6lt\u00e9szete \u00e9s&nbsp;az&nbsp;\u00fajkori hermetikus hagyom\u00e1ny"},"content":{"rendered":"<h3>\u00dajv\u00e1ri Edit<\/h3>\n<p><strong><span style=\"color: #666666;\">IN:\u00a0<\/span><\/strong><span style=\"color: #666666;\">Partit\u00fara Irodalomtudom\u00e1nyi foly\u00f3irat, \u00c9vfolyam XVIII. , Sz\u00e1m 1, 2023, 33-52. oldal ,\u00a0ISSN 1336-7307<\/span><\/p>\n<p><strong>DOI:\u00a0<\/strong>10.17846\/PA.2023.18.1.33-52<\/p>\n<p><strong>Absztrakt:<\/strong><\/p>\n<blockquote><p>A&nbsp;keleti vall\u00e1sfiloz\u00f3fia inspir\u00e1l\u00f3 hat\u00e1sa a&nbsp;modern nyugati hermetikus, ezoterikus \u00e9s&nbsp;okkult hagyom\u00e1ny egyik meghat\u00e1roz\u00f3 eleme, ahogy ez&nbsp;a&nbsp;teoz\u00f3fiai \u00e9s&nbsp;antropoz\u00f3fiai tanok eset\u00e9ben is megmutatkozik. Ez&nbsp;a szeml\u00e9letm\u00f3d egyar\u00e1nt hatott a&nbsp;magyar hermetikus filoz\u00f3fia kiemelked\u0151 alakj\u00e1nak, Hamvas B\u00e9l\u00e1nak a&nbsp;m\u0171veire \u00e9s&nbsp;a&nbsp;Hamvast \u201ementor\u00e1nak\u201d tekint\u0151 We\u00f6res S\u00e1ndor k\u00f6lt\u00e9szet\u00e9re. A&nbsp;tanulm\u00e1ny We\u00f6res azon m\u0171veire f\u00f3kusz\u00e1l, amelyekben a&nbsp;nyugati ezoterikus hagyom\u00e1ny \u00e9s&nbsp;a&nbsp;keleti filoz\u00f3fia elvei saj\u00e1tos szint\u00e9zisben jelennek meg. A&nbsp;transzcendens fel\u00e9 ir\u00e1nyul\u00f3 m\u0171v\u00e9szi t\u00f6rekv\u00e9seit A teljess\u00e9g fel\u00e9 (1945) c\u00edm\u0171 filoz\u00f3fiai pr\u00f3z\u00e1ja, valamint Az \u00e1lland\u00f3 a&nbsp;v\u00e1ltoz\u00f3ban (1938) \u00e9s&nbsp;az&nbsp;\u00c9nek a&nbsp;hat\u00e1rtalanr\u00f3l (1980) c\u00edm\u0171 versei jelzik. Ezen premissz\u00e1k alapj\u00e1n We\u00f6res m\u0171v\u00e9szete kiemelt figyelmet \u00e9rdemel a&nbsp;modern hermetikus hagyom\u00e1ny \u00e9s&nbsp;a&nbsp;m\u0171v\u00e9szet kapcsolat\u00e1nak vizsg\u00e1lata sor\u00e1n.<\/p><\/blockquote>\n<p><a href=\"http:\/\/www.partitura.fss.ukf.sk\/wp-content\/uploads\/2024\/03\/Partitura-2023-1-033-052.pdf\"><strong>Teljes sz\u00f6veg<\/strong><\/a><\/p>\n","protected":false},"excerpt":{"rendered":"<p>\u00dajv\u00e1ri Edit IN:\u00a0Partit\u00fara Irodalomtudom\u00e1nyi foly\u00f3irat, \u00c9vfolyam XVIII. , Sz\u00e1m 1, 2023, 33-52. oldal ,\u00a0ISSN 1336-7307 [&hellip;]<\/p>\n","protected":false},"author":5,"featured_media":0,"parent":0,"menu_order":0,"comment_status":"closed","ping_status":"closed","template":"","meta":[],"_links":{"self":[{"href":"http:\/\/www.partitura.fss.ukf.sk\/index.php?rest_route=\/wp\/v2\/pages\/3752"}],"collection":[{"href":"http:\/\/www.partitura.fss.ukf.sk\/index.php?rest_route=\/wp\/v2\/pages"}],"about":[{"href":"http:\/\/www.partitura.fss.ukf.sk\/index.php?rest_route=\/wp\/v2\/types\/page"}],"author":[{"embeddable":true,"href":"http:\/\/www.partitura.fss.ukf.sk\/index.php?rest_route=\/wp\/v2\/users\/5"}],"replies":[{"embeddable":true,"href":"http:\/\/www.partitura.fss.ukf.sk\/index.php?rest_route=%2Fwp%2Fv2%2Fcomments&post=3752"}],"version-history":[{"count":2,"href":"http:\/\/www.partitura.fss.ukf.sk\/index.php?rest_route=\/wp\/v2\/pages\/3752\/revisions"}],"predecessor-version":[{"id":3757,"href":"http:\/\/www.partitura.fss.ukf.sk\/index.php?rest_route=\/wp\/v2\/pages\/3752\/revisions\/3757"}],"wp:attachment":[{"href":"http:\/\/www.partitura.fss.ukf.sk\/index.php?rest_route=%2Fwp%2Fv2%2Fmedia&parent=3752"}],"curies":[{"name":"wp","href":"https:\/\/api.w.org\/{rel}","templated":true}]}}