{"id":3753,"date":"2024-03-14T07:27:49","date_gmt":"2024-03-14T07:27:49","guid":{"rendered":"http:\/\/www.partitura.fss.ukf.sk\/?page_id=3753"},"modified":"2024-03-14T07:29:14","modified_gmt":"2024-03-14T07:29:14","slug":"feljelentes-van-ellene-massagabrazolas-marai-ilona-naploiban","status":"publish","type":"page","link":"http:\/\/www.partitura.fss.ukf.sk\/?page_id=3753","title":{"rendered":"\u201eFeljelent\u00e9s van ellene\u201d. M\u00e1ss\u00e1g\u00e1br\u00e1zol\u00e1s M\u00e1rai Ilona napl\u00f3iban"},"content":{"rendered":"<h3>Csehy Zolt\u00e1n<\/h3>\n<p><strong><span style=\"color: #666666;\">IN:\u00a0<\/span><\/strong><span style=\"color: #666666;\">Partit\u00fara Irodalomtudom\u00e1nyi foly\u00f3irat, \u00c9vfolyam XVIII. , Sz\u00e1m 1, 2023, 53-64. oldal ,\u00a0ISSN 1336-7307<\/span><\/p>\n<p><strong>DOI:\u00a0<\/strong>10.17846\/PA.2023.18.1.53-64<\/p>\n<p><strong>Absztrakt:<\/strong><\/p>\n<blockquote><p>M\u00e1rai Ilona nemr\u00e9g k\u00f6zreadott napl\u00f3feljegyz\u00e9sei nemcsak \u00f6n\u00e9rt\u00e9k\u00fckn\u00e9l fogva izgalmas sz\u00f6vegek, hanem a&nbsp;M\u00e1rai-univerzum eg\u00e9sze szempontj\u00e1b\u00f3l is. M\u00e1rain\u00e9 meg\u00f6r\u00f6k\u00edt t\u00f6bb olyan l\u00e9nyegesnek t\u0171n\u0151 mozzanatot is, mely megmagyar\u00e1zza a&nbsp;M\u00e1rai-\u00e9letm\u0171 homoerotikus jelleg\u0171 vagy holdudvar\u00fa szegmenseinek alakul\u00e1st\u00f6rt\u00e9net\u00e9t. A&nbsp;m\u00e1ss\u00e1gok k\u00f6z\u00fcl ez&nbsp;az&nbsp;\u00edr\u00e1s a&nbsp;szexu\u00e1lis m\u00e1ss\u00e1g \u00e1br\u00e1zol\u00e1saira f\u00f3kusz\u00e1l. H\u00e1rom sz\u00f6vegcsoportot vizsg\u00e1l: a&nbsp;M\u00e1rai szem\u00e9ly\u00e9vel \u00e9s&nbsp;\u00e9letm\u0171v\u00e9vel kapcsolatos homoszexu\u00e1lis vonatkoz\u00e1sokat, a&nbsp;queer filmek, k\u00f6nyvek, sz\u00ednh\u00e1zi \u00e9lm\u00e9nyek feldolgoz\u00e1s\u00e1t \u00e9s&nbsp;a&nbsp;konkr\u00e9t k\u00f6rnyezetben \u00e9szlelhet\u0151 m\u00e1ss\u00e1g jelenl\u00e9t\u00e9t.<\/p><\/blockquote>\n<p><a href=\"http:\/\/www.partitura.fss.ukf.sk\/wp-content\/uploads\/2024\/03\/Partitura-2023-1-053-064.pdf\"><strong>Teljes sz\u00f6veg<\/strong><\/a><\/p>\n","protected":false},"excerpt":{"rendered":"<p>Csehy Zolt\u00e1n IN:\u00a0Partit\u00fara Irodalomtudom\u00e1nyi foly\u00f3irat, \u00c9vfolyam XVIII. , Sz\u00e1m 1, 2023, 53-64. oldal ,\u00a0ISSN 1336-7307 [&hellip;]<\/p>\n","protected":false},"author":5,"featured_media":0,"parent":0,"menu_order":0,"comment_status":"closed","ping_status":"closed","template":"","meta":[],"_links":{"self":[{"href":"http:\/\/www.partitura.fss.ukf.sk\/index.php?rest_route=\/wp\/v2\/pages\/3753"}],"collection":[{"href":"http:\/\/www.partitura.fss.ukf.sk\/index.php?rest_route=\/wp\/v2\/pages"}],"about":[{"href":"http:\/\/www.partitura.fss.ukf.sk\/index.php?rest_route=\/wp\/v2\/types\/page"}],"author":[{"embeddable":true,"href":"http:\/\/www.partitura.fss.ukf.sk\/index.php?rest_route=\/wp\/v2\/users\/5"}],"replies":[{"embeddable":true,"href":"http:\/\/www.partitura.fss.ukf.sk\/index.php?rest_route=%2Fwp%2Fv2%2Fcomments&post=3753"}],"version-history":[{"count":2,"href":"http:\/\/www.partitura.fss.ukf.sk\/index.php?rest_route=\/wp\/v2\/pages\/3753\/revisions"}],"predecessor-version":[{"id":3760,"href":"http:\/\/www.partitura.fss.ukf.sk\/index.php?rest_route=\/wp\/v2\/pages\/3753\/revisions\/3760"}],"wp:attachment":[{"href":"http:\/\/www.partitura.fss.ukf.sk\/index.php?rest_route=%2Fwp%2Fv2%2Fmedia&parent=3753"}],"curies":[{"name":"wp","href":"https:\/\/api.w.org\/{rel}","templated":true}]}}