{"id":3759,"date":"2024-03-14T07:29:19","date_gmt":"2024-03-14T07:29:19","guid":{"rendered":"http:\/\/www.partitura.fss.ukf.sk\/?page_id=3759"},"modified":"2024-03-14T07:29:19","modified_gmt":"2024-03-14T07:29:19","slug":"hova-van-beosztva-a-zsido-identitas-narrativizalasanak-modjai-es-dilemmai-szep-erno-es-markovits-rodion-oneletiroi-muveiben","status":"publish","type":"page","link":"http:\/\/www.partitura.fss.ukf.sk\/?page_id=3759","title":{"rendered":"Hova van \u201ebeosztva\u201d? A zsid\u00f3 identit\u00e1s narrativiz\u00e1l\u00e1s\u00e1nak m\u00f3djai \u00e9s&nbsp;dilemm\u00e1i Sz\u00e9p Ern\u0151 \u00e9s&nbsp;Markovits Rodion \u00f6n\u00e9let\u00edr\u00f3i m\u0171veiben"},"content":{"rendered":"<h3>Sz\u00e1z P\u00e1l<\/h3>\n<p><strong><span style=\"color: #666666;\">IN:\u00a0<\/span><\/strong><span style=\"color: #666666;\">Partit\u00fara Irodalomtudom\u00e1nyi foly\u00f3irat, \u00c9vfolyam XVIII. , Sz\u00e1m 1, 2023, 65-100. oldal ,\u00a0ISSN 1336-7307<\/span><\/p>\n<p><strong>DOI:\u00a0<\/strong>10.17846\/PA.2023.18.1.65-100<\/p>\n<p><strong>Absztrakt:<\/strong><\/p>\n<blockquote><p>A&nbsp;tanulm\u00e1ny a&nbsp;k\u00e9t vil\u00e1gh\u00e1bor\u00fa k\u00f6z\u00f6tti magyar pr\u00f3za k\u00e9t kiemelked\u0151 alkot\u00f3j\u00e1nak k\u00e9t-k\u00e9t m\u0171v\u00e9vel foglalkozik. Sz\u00e9p Ern\u0151 \u00e9s&nbsp;Markovits Rodion is zsid\u00f3 csal\u00e1dba sz\u00fcletett, de munk\u00e1ss\u00e1gukat a&nbsp;felekezetis\u00e9g keretein k\u00edv\u00fcl fejtett\u00e9k ki. Mindk\u00e9t szerz\u0151 \u00edrt k\u00e9t \u00f6n\u00e9letrajzi m\u0171vet, amely t\u00f6bb\u00e9 vagy kev\u00e9sb\u00e9 autoetnogr\u00e1fiak\u00e9nt olvashat\u00f3<nobr>&nbsp;\u2013&nbsp;<\/nobr>hiszen az&nbsp;\u00f6n\u00e9let\u00edr\u00f3 \u00f6nn\u00f6n eredet\u00e9t, a&nbsp;gyermekkora vil\u00e1g\u00e1t annak kult\u00far\u00e1ja viszonylat\u00e1ban besz\u00e9li el. A&nbsp;zsid\u00f3 identit\u00e1s&nbsp;artikul\u00e1l\u00e1sa Markovits Reb \u00c1ncsli \u00e9s&nbsp;m\u00e1s avasi zsid\u00f3kr\u00f3l sz\u00f3l\u00f3 sz\u00e9phist\u00f3ri\u00e1k c\u00edm\u0171 m\u0171v\u00e9ben megalapoz\u00f3 jelleg\u0171: z\u00e1rt zsid\u00f3 k\u00f6zeget \u00e1br\u00e1zol, melynek a&nbsp;csal\u00e1d is r\u00e9sze. Ezzel szemben az&nbsp;Any\u00e1m kertje c\u00edm\u0171 memo\u00e1rjelleg\u0171 m\u0171v\u00e9ben eml\u00edt\u00e9st sem tesz arr\u00f3l, hogy a&nbsp;csal\u00e1dja zsid\u00f3. Hasonl\u00f3 ellentmond\u00e1s tal\u00e1lhat\u00f3 Sz\u00e9p Ern\u0151 eset\u00e9ben is, aki a&nbsp;Dali dali dal c\u00edm\u0171 \u00f6n\u00e9letrajzi reg\u00e9nyben \u00e9ppen csak megeml\u00edti a&nbsp;f\u0151szerepl\u0151, apja zsid\u00f3 identit\u00e1s\u00e1t a&nbsp;k\u00f6nyv v\u00e9g\u00e9n. A&nbsp;Feln\u0151tteknek c\u00edm\u0171 m\u0171ve autoetnogr\u00e1fiai memo\u00e1r, a&nbsp;csal\u00e1d \u00e9s&nbsp;a&nbsp;gyermekkor t\u00e9m\u00e1it dolgozza fel, \u00edgy a&nbsp;zsid\u00f3 \u201ejegyek\u201d mag\u00e1t\u00f3l \u00e9rtet\u0151d\u0151en jelennek meg benne. A&nbsp;k\u00e9t \u00edr\u00f3 k\u00e9t m\u0171ve k\u00f6z\u00f6tt fesz\u00fcl\u0151 ellentmond\u00e1s arra h\u00edvja fel a&nbsp;figyelmet, hogy a&nbsp;narrat\u00edv identit\u00e1s megkonstru\u00e1lt, az&nbsp;\u00f6n\u00e9let\u00edr\u00e1s t\u00e9nyei a&nbsp;megalkototts\u00e1gnak (fabrication) rendel\u0151dnek al\u00e1.<\/p><\/blockquote>\n<p><a href=\"http:\/\/www.partitura.fss.ukf.sk\/wp-content\/uploads\/2024\/03\/Partitura-2023-1-065-100.pdf\"><strong>Teljes sz\u00f6veg<\/strong><\/a><\/p>\n","protected":false},"excerpt":{"rendered":"<p>Sz\u00e1z P\u00e1l IN:\u00a0Partit\u00fara Irodalomtudom\u00e1nyi foly\u00f3irat, \u00c9vfolyam XVIII. , Sz\u00e1m 1, 2023, 65-100. oldal ,\u00a0ISSN 1336-7307 [&hellip;]<\/p>\n","protected":false},"author":5,"featured_media":0,"parent":0,"menu_order":0,"comment_status":"closed","ping_status":"closed","template":"","meta":[],"_links":{"self":[{"href":"http:\/\/www.partitura.fss.ukf.sk\/index.php?rest_route=\/wp\/v2\/pages\/3759"}],"collection":[{"href":"http:\/\/www.partitura.fss.ukf.sk\/index.php?rest_route=\/wp\/v2\/pages"}],"about":[{"href":"http:\/\/www.partitura.fss.ukf.sk\/index.php?rest_route=\/wp\/v2\/types\/page"}],"author":[{"embeddable":true,"href":"http:\/\/www.partitura.fss.ukf.sk\/index.php?rest_route=\/wp\/v2\/users\/5"}],"replies":[{"embeddable":true,"href":"http:\/\/www.partitura.fss.ukf.sk\/index.php?rest_route=%2Fwp%2Fv2%2Fcomments&post=3759"}],"version-history":[{"count":1,"href":"http:\/\/www.partitura.fss.ukf.sk\/index.php?rest_route=\/wp\/v2\/pages\/3759\/revisions"}],"predecessor-version":[{"id":3761,"href":"http:\/\/www.partitura.fss.ukf.sk\/index.php?rest_route=\/wp\/v2\/pages\/3759\/revisions\/3761"}],"wp:attachment":[{"href":"http:\/\/www.partitura.fss.ukf.sk\/index.php?rest_route=%2Fwp%2Fv2%2Fmedia&parent=3759"}],"curies":[{"name":"wp","href":"https:\/\/api.w.org\/{rel}","templated":true}]}}