{"id":3782,"date":"2024-03-14T07:56:27","date_gmt":"2024-03-14T07:56:27","guid":{"rendered":"http:\/\/www.partitura.fss.ukf.sk\/?page_id=3782"},"modified":"2024-03-14T08:01:57","modified_gmt":"2024-03-14T08:01:57","slug":"a-tobbnyelvuseg-variacioi-a-latens-tobbnyelvuseg-megjelenesei-kelet-europa-reprezentaciokban-2","status":"publish","type":"page","link":"http:\/\/www.partitura.fss.ukf.sk\/?page_id=3782","title":{"rendered":"A&nbsp;t\u00f6bbnyelv\u0171s\u00e9g vari\u00e1ci\u00f3i. A&nbsp;l\u00e1tens t\u00f6bbnyelv\u0171s\u00e9g megjelen\u00e9sei Kelet-Eur\u00f3pa-reprezent\u00e1ci\u00f3kban"},"content":{"rendered":"<h3>Ferenc Vincze<\/h3>\n<p><strong><span style=\"color: #666666;\">IN:\u00a0<\/span><\/strong><span style=\"color: #666666;\">Partit\u00fara Irodalomtudom\u00e1nyi foly\u00f3irat, Volume XVIII. , Issue 1, 2023, p. 15-31 ,\u00a0ISSN 1336-7307<\/span><\/p>\n<p><strong>DOI:\u00a0<\/strong>10.17846\/PA.2023.18.1.15-31<\/p>\n<p><strong>Abstract:<\/strong><\/p>\n<blockquote><p>A number of variations in representations of literary multilingualism can be identified. These, in addition to representations of different cultures and languages, have an impact on the poetic form or narrative structure of texts. By focusing on one of these representations of multilingualism, the latent multilingualism, this paper aims to demonstrate the possibilities that arise when thematising another language that, although not explicitly present on the surface of the language of the text, is still present in a reflexive way. Through a comparative analysis of texts in Hungarian, Romanian and German, the study also highlights the fact that the incidence of latent multilingualism can also be identified as a transcultural phenomenon, through which the problematic nature of linguistic understanding and mediation and its impact on the plot and narrative construction come to the fore.<\/p><\/blockquote>\n<p><a href=\"http:\/\/www.partitura.fss.ukf.sk\/wp-content\/uploads\/2024\/03\/Partitura-2023-1-015-031.pdf\"><strong>Whole issue<\/strong><\/a><\/p>\n","protected":false},"excerpt":{"rendered":"<p>Ferenc Vincze IN:\u00a0Partit\u00fara Irodalomtudom\u00e1nyi foly\u00f3irat, Volume XVIII. , Issue 1, 2023, p. 15-31 ,\u00a0ISSN 1336-7307 [&hellip;]<\/p>\n","protected":false},"author":5,"featured_media":0,"parent":0,"menu_order":0,"comment_status":"closed","ping_status":"closed","template":"","meta":[],"_links":{"self":[{"href":"http:\/\/www.partitura.fss.ukf.sk\/index.php?rest_route=\/wp\/v2\/pages\/3782"}],"collection":[{"href":"http:\/\/www.partitura.fss.ukf.sk\/index.php?rest_route=\/wp\/v2\/pages"}],"about":[{"href":"http:\/\/www.partitura.fss.ukf.sk\/index.php?rest_route=\/wp\/v2\/types\/page"}],"author":[{"embeddable":true,"href":"http:\/\/www.partitura.fss.ukf.sk\/index.php?rest_route=\/wp\/v2\/users\/5"}],"replies":[{"embeddable":true,"href":"http:\/\/www.partitura.fss.ukf.sk\/index.php?rest_route=%2Fwp%2Fv2%2Fcomments&post=3782"}],"version-history":[{"count":4,"href":"http:\/\/www.partitura.fss.ukf.sk\/index.php?rest_route=\/wp\/v2\/pages\/3782\/revisions"}],"predecessor-version":[{"id":3798,"href":"http:\/\/www.partitura.fss.ukf.sk\/index.php?rest_route=\/wp\/v2\/pages\/3782\/revisions\/3798"}],"wp:attachment":[{"href":"http:\/\/www.partitura.fss.ukf.sk\/index.php?rest_route=%2Fwp%2Fv2%2Fmedia&parent=3782"}],"curies":[{"name":"wp","href":"https:\/\/api.w.org\/{rel}","templated":true}]}}